{"id":550551,"date":"2015-02-23T14:30:12","date_gmt":"2015-02-23T14:30:12","guid":{"rendered":"http:\/\/berliner-schloss.de\/fr\/?page_id=550551"},"modified":"2015-02-23T14:30:12","modified_gmt":"2015-02-23T14:30:12","slug":"newsletter","status":"publish","type":"page","link":"https:\/\/berliner-schloss.de\/fr\/newsletter\/","title":{"rendered":"Newsletter"},"content":{"rendered":"<h1>Schloss-Informationsdienst<\/h1>\n<div class=\"lp_row\">\n<p>Alle Neuigkeiten, Hintergr\u00fcnde und spannende Aktivit\u00e4ten rund um den Wiederaufbau des Berliner Schlosses und den F\u00f6rderverein bereiten wir f\u00fcr Sie in unserem Schlossinformations-Dienst kompakt und \u00fcbersichtlich auf.<br \/>\nBleiben Sie informiert und registrieren Sie sich ganz einfach mit unserm Formular.<\/p>\n<\/div>\n<div class=\"lp_row\">\n<div class=\"nl_registerpage_left\">\n<ul class=\"lp_nl\">\n<li>Erhalten Sie <strong>neue Informationen <\/strong>rund um den Wiederaufbau des Berliner Stadtschlosses<\/li>\n<li>Bleiben Sie informiert \u00fcber aktuelle Ausstellungen &amp; Ereignisse<\/li>\n<li>Erfahren Sie immer brandaktuell wie der aktuelle Stand des Wiederaufbaus ist<\/li>\n<li>Unterst\u00fctzen Sie uns bei desem ehrgeizigen und einzigartigen Projekt<\/li>\n<\/ul>\n<\/div>\n<div class=\"nl_registerpage_right\">[newsletterform]<\/div>\n<\/div>\n<div class=\"lp_row\">Mit dem Schloss-Informationsdienst sind Sie stets auf dem neuesten Stand und verpassen keine der interessanten Neuigkeiten.<\/div>\n","protected":false},"excerpt":{"rendered":"<p>Schloss-Informationsdienst Alle Neuigkeiten, Hintergr\u00fcnde und spannende Aktivit\u00e4ten rund um den Wiederaufbau des Berliner Schlosses und den F\u00f6rderverein bereiten wir f\u00fcr Sie in unserem Schlossinformations-Dienst kompakt und \u00fcbersichtlich auf. Bleiben Sie [&hellip;]<\/p>\n","protected":false},"author":100,"featured_media":0,"parent":0,"menu_order":37,"comment_status":"open","ping_status":"open","template":"","meta":{"_acf_changed":false,"footnotes":""},"class_list":["post-550551","page","type-page","status-publish","hentry"],"acf":[],"_links":{"self":[{"href":"https:\/\/berliner-schloss.de\/fr\/wp-json\/wp\/v2\/pages\/550551","targetHints":{"allow":["GET"]}}],"collection":[{"href":"https:\/\/berliner-schloss.de\/fr\/wp-json\/wp\/v2\/pages"}],"about":[{"href":"https:\/\/berliner-schloss.de\/fr\/wp-json\/wp\/v2\/types\/page"}],"author":[{"embeddable":true,"href":"https:\/\/berliner-schloss.de\/fr\/wp-json\/wp\/v2\/users\/100"}],"replies":[{"embeddable":true,"href":"https:\/\/berliner-schloss.de\/fr\/wp-json\/wp\/v2\/comments?post=550551"}],"version-history":[{"count":1,"href":"https:\/\/berliner-schloss.de\/fr\/wp-json\/wp\/v2\/pages\/550551\/revisions"}],"predecessor-version":[{"id":550552,"href":"https:\/\/berliner-schloss.de\/fr\/wp-json\/wp\/v2\/pages\/550551\/revisions\/550552"}],"wp:attachment":[{"href":"https:\/\/berliner-schloss.de\/fr\/wp-json\/wp\/v2\/media?parent=550551"}],"curies":[{"name":"wp","href":"https:\/\/api.w.org\/{rel}","templated":true}]}}