{"id":550211,"date":"2015-02-09T10:25:19","date_gmt":"2015-02-09T10:25:19","guid":{"rendered":"http:\/\/berliner-schloss.de\/fr\/?page_id=550211"},"modified":"2017-12-06T12:40:51","modified_gmt":"2017-12-06T12:40:51","slug":"don-spcial-avec-le-catalogue","status":"publish","type":"page","link":"https:\/\/berliner-schloss.de\/fr\/faites-votre-don-ici\/don-spcial-avec-le-catalogue\/","title":{"rendered":"Don sp\u00e9cial avec le catalogue"},"content":{"rendered":"<h1>Don sp\u00e9cial avec le catalogue<\/h1>\n<p>Ici se trouve la version actuelle du catalogue des pierres et \u00e9l\u00e9ments disponibles en format num\u00e9rique.<br \/>\n<\/p>\n<div data-configid=\"2816022\/55197445\" style=\"width:100%; height:500px;\" class=\"issuuembed\"><\/div>\n<p><script type=\"text\/javascript\" src=\"\/\/e.issuu.com\/embed.js\" async=\"true\"><\/script><\/p>\n","protected":false},"excerpt":{"rendered":"<p>Don sp\u00e9cial avec le catalogue Ici se trouve la version actuelle du catalogue des pierres et \u00e9l\u00e9ments disponibles en format num\u00e9rique.<\/p>\n","protected":false},"author":100,"featured_media":0,"parent":546843,"menu_order":0,"comment_status":"open","ping_status":"open","template":"","meta":{"_acf_changed":false,"footnotes":""},"class_list":["post-550211","page","type-page","status-publish","hentry"],"acf":[],"_links":{"self":[{"href":"https:\/\/berliner-schloss.de\/fr\/wp-json\/wp\/v2\/pages\/550211","targetHints":{"allow":["GET"]}}],"collection":[{"href":"https:\/\/berliner-schloss.de\/fr\/wp-json\/wp\/v2\/pages"}],"about":[{"href":"https:\/\/berliner-schloss.de\/fr\/wp-json\/wp\/v2\/types\/page"}],"author":[{"embeddable":true,"href":"https:\/\/berliner-schloss.de\/fr\/wp-json\/wp\/v2\/users\/100"}],"replies":[{"embeddable":true,"href":"https:\/\/berliner-schloss.de\/fr\/wp-json\/wp\/v2\/comments?post=550211"}],"version-history":[{"count":6,"href":"https:\/\/berliner-schloss.de\/fr\/wp-json\/wp\/v2\/pages\/550211\/revisions"}],"predecessor-version":[{"id":551055,"href":"https:\/\/berliner-schloss.de\/fr\/wp-json\/wp\/v2\/pages\/550211\/revisions\/551055"}],"up":[{"embeddable":true,"href":"https:\/\/berliner-schloss.de\/fr\/wp-json\/wp\/v2\/pages\/546843"}],"wp:attachment":[{"href":"https:\/\/berliner-schloss.de\/fr\/wp-json\/wp\/v2\/media?parent=550211"}],"curies":[{"name":"wp","href":"https:\/\/api.w.org\/{rel}","templated":true}]}}