{"id":550192,"date":"2015-02-09T09:41:47","date_gmt":"2015-02-09T09:41:47","guid":{"rendered":"http:\/\/berliner-schloss.de\/fr\/?page_id=550192"},"modified":"2015-04-10T07:05:21","modified_gmt":"2015-04-10T07:05:21","slug":"faire-un-don-par-virement","status":"publish","type":"page","link":"https:\/\/berliner-schloss.de\/fr\/faites-votre-don-ici\/faire-un-don-par-virement\/","title":{"rendered":"Faire un don par virement"},"content":{"rendered":"<div class=\"wpb-content-wrapper\"><p>[vc_row][vc_column][vc_column_text]<\/p>\n<h1>Faire un don par virement<\/h1>\n<p>Si vous souhaitez faire un don par virement, voici nos coordonn\u00e9es bancaires :<\/p>\n<h2><\/h2>\n<p><img loading=\"lazy\" decoding=\"async\" class=\"alignright size-medium wp-image-10908\" title=\"Ihre Spende kommt an! Vertrauen Sie uns\" src=\"http:\/\/berliner-schloss.de\/wp-content\/uploads\/dzi_spendensiegel_neu-300x206.jpg\" alt=\"\" width=\"201\" height=\"151\" \/><\/p>\n<p>Titulaire du compte : <strong>F\u00f6rderverein Berliner Schloss e.V., Berlin<\/strong><br \/>\nIBAN : <strong>DE73 1007 0000 0077 2277 00<\/strong><br \/>\nBIC : <strong>DEUTDEBB<\/strong><\/p>\n<p><strong>Deutsche Bank AG<\/strong><\/p>\n<p>Motif du paiement : <strong>Votre nom<\/strong><\/p>\n<p><span style=\"text-decoration: underline;\"><span style=\"font-size: medium;\"><br \/>\nBanque internationale<br \/>\n<\/span><\/span><\/p>\n<div>\n<p><span style=\"font-size: medium;\">IBAN: <strong>DE41 1007 0000 0077 2277 00<\/strong><br \/>\nBIC: <strong>DEUTDEBB<\/strong><\/span><\/p>\n<p>Du fait de la promotion de l&#8217;art, la culture et de l&#8217;enseignement (\u00a7 52 Abs. 2 Nr. 5 und 7 AO) selon l&#8217;annexe de l&#8217;avis de l&#8217;imp\u00f4t sur les soci\u00e9t\u00e9s du centre des imp\u00f4ts de Berlin, Finanzamt f\u00fcr K\u00f6rperschaften I, du 11.3.2009 faisant rappel du \u00a7 5 Abs.1 Nr.9 de la loi sur les imp\u00f4ts sur les soci\u00e9t\u00e9s, K\u00f6rperschaftssteuergesetz et de la loi sur la taxe des entreprises, nous sommes exempt\u00e9s de l&#8217;imp\u00f4t sur les soci\u00e9t\u00e9s,\u00a0K\u00f6rperschaftssteuer et de la taxe des entreprises, Gewerbesteuer.<\/p>\n<\/div>\n<p>[\/vc_column_text][\/vc_column][\/vc_row]<\/p>\n<\/div>","protected":false},"excerpt":{"rendered":"<p>[vc_row][vc_column][vc_column_text] Faire un don par virement Si vous souhaitez faire un don par virement, voici nos coordonn\u00e9es bancaires : Titulaire du compte : F\u00f6rderverein Berliner Schloss e.V., Berlin IBAN : [&hellip;]<\/p>\n","protected":false},"author":100,"featured_media":0,"parent":546843,"menu_order":0,"comment_status":"open","ping_status":"open","template":"","meta":{"_acf_changed":false,"footnotes":""},"class_list":["post-550192","page","type-page","status-publish","hentry"],"acf":[],"_links":{"self":[{"href":"https:\/\/berliner-schloss.de\/fr\/wp-json\/wp\/v2\/pages\/550192","targetHints":{"allow":["GET"]}}],"collection":[{"href":"https:\/\/berliner-schloss.de\/fr\/wp-json\/wp\/v2\/pages"}],"about":[{"href":"https:\/\/berliner-schloss.de\/fr\/wp-json\/wp\/v2\/types\/page"}],"author":[{"embeddable":true,"href":"https:\/\/berliner-schloss.de\/fr\/wp-json\/wp\/v2\/users\/100"}],"replies":[{"embeddable":true,"href":"https:\/\/berliner-schloss.de\/fr\/wp-json\/wp\/v2\/comments?post=550192"}],"version-history":[{"count":5,"href":"https:\/\/berliner-schloss.de\/fr\/wp-json\/wp\/v2\/pages\/550192\/revisions"}],"predecessor-version":[{"id":550681,"href":"https:\/\/berliner-schloss.de\/fr\/wp-json\/wp\/v2\/pages\/550192\/revisions\/550681"}],"up":[{"embeddable":true,"href":"https:\/\/berliner-schloss.de\/fr\/wp-json\/wp\/v2\/pages\/546843"}],"wp:attachment":[{"href":"https:\/\/berliner-schloss.de\/fr\/wp-json\/wp\/v2\/media?parent=550192"}],"curies":[{"name":"wp","href":"https:\/\/api.w.org\/{rel}","templated":true}]}}