{"id":546996,"date":"2014-10-07T10:12:34","date_gmt":"2014-10-07T08:12:34","guid":{"rendered":"http:\/\/berliner-schloss.de\/?page_id=546996"},"modified":"2015-06-16T14:06:39","modified_gmt":"2015-06-16T14:06:39","slug":"2010-sondage-dopinion","status":"publish","type":"page","link":"https:\/\/berliner-schloss.de\/fr\/actualits\/2010-sondage-dopinion\/","title":{"rendered":"2010 Sondage d&#8217;opinion"},"content":{"rendered":"<p><!-- [if gte mso 9]&gt;--><\/p>\n<p><!-- [if gte mso 9]&gt;--><\/p>\n<h2>18 Juin 2010 : un sondage d\u2019opinion du quotidien <i>Berliner Zeitung <\/i>\u00e0 propos du ch\u00e2teau mal interpr\u00e9t\u00e9 impacte l\u2019opinion publique et les d\u00e9cisions d\u2019\u00e9conomies du gouvernement allemand.<\/h2>\n<p class=\"MsoNormal\" style=\"margin-bottom: .0001pt;\"><span lang=\"FR\">Le groupe de sondage Infratest dimap reprend la v\u00e9rit\u00e9 : 70% des Berlinois de l\u2019est et de l\u2019ouest sont sur le principe pour la construction du Humboldtforum aves les fa\u00e7ades historiques du ch\u00e2teau\u00a0!<\/span><\/p>\n<p class=\"MsoNormal\" style=\"margin-bottom: .0001pt;\"><span lang=\"FR\">Le <i>Berliner Zeitung<\/i> voulait savoir\u00a0; depuis des ann\u00e9es le journal se d\u00e9clare oppos\u00e9 \u00e0 la construction du Humboldt Forum avec les fa\u00e7ades du ch\u00e2teau. Et ainsi il fait de la politique. Fin mai 2010, le journal a demand\u00e9 \u00e0 l\u2019institut Forsa un sondage repr\u00e9sentatif et a publi\u00e9 un \u00ab\u00a0scoop\u00a0\u00bb que 80% des Berlinois sont contre la reconstruction du ch\u00e2teau. Malheureusement sans d\u00e9voiler les questions dans son article. Est-ce que le journal a vraiment demand\u00e9 l\u2019opinion sur le Humboldt Forum et le ch\u00e2teau\u00a0?<\/span><\/p>\n<p class=\"MsoNormal\" style=\"margin-bottom: .0001pt;\"><span lang=\"FR\">En vue des d\u00e9cisions d\u2019\u00e9conomie imminentes (\u00ab\u00a0\u00e9conomiser jusqu\u2019\u00e0 ce que \u00e7a grince\u00a0\u00bb), les Berlinois ont \u00e9t\u00e9 interrog\u00e9s fin mai sur l\u00e0 o\u00f9 on devrait commencer \u00e0 \u00e9conomiser en premier lieu avant de s\u2019attaquer au domaine social. Les r\u00e9ponses\u00a0: dans l\u2019administration, dans la prolongation de l\u2019autoroute autour de Berlin A 100 \u00e0 Treptow et la reconstruction du ch\u00e2teau de Berlin. <\/span><\/p>\n<p class=\"MsoNormal\" style=\"margin-bottom: .0001pt;\"><span lang=\"FR\">Nous aurions appr\u00e9ci\u00e9 plus de fair-play dans l\u2019analyse par rapport au projet\u00a0! \u00a0<\/span><\/p>\n<p class=\"MsoNormal\" style=\"margin-bottom: .0001pt;\"><span lang=\"FR\">Les agences de presse, les journaux, presque tous les m\u00e9dias ont repris l\u2019information telle quelle. Il est m\u00eame possible que cela est influenc\u00e9 les d\u00e9cisions d\u2019\u00e9conomie du gouvernement alors qu\u2019elles devaient \u00eatre annonc\u00e9es le 6 juin 2010. <\/span><\/p>\n<p class=\"MsoNormal\" style=\"margin-bottom: .0001pt;\"><span lang=\"FR\">\u00a0Nous ne pouvons pas croire \u00e0 ce r\u00e9sultat, les Berlinois s\u2019\u00e9taient d\u00e9j\u00e0 d\u00e9clar\u00e9s \u00e0 la fin d\u2019ann\u00e9e pr\u00e9c\u00e9dente \u00eatre pour le grand projet culturel au centre de Berlin \u00e0 59%. Aussi repr\u00e9sentatif et aussi s\u00e9rieusement r\u00e9alis\u00e9 mais par lnfratest dimap. Ainsi nous lui avons de nouveau command\u00e9 un sondage repr\u00e9sentatif \u00e0 Berlin. <\/span><\/p>\n<p class=\"MsoNormal\" style=\"margin-bottom: .0001pt;\"><span lang=\"FR\">La question d\u2019Infratest dimap [traduction libre par nous]:<\/span><\/p>\n<p class=\"MsoNormal\" style=\"margin-bottom: .0001pt;\"><span lang=\"FR\">\u00ab\u00a0A Berlin le Humboldt Forum doit \u00eatre construit en un lieu historique en face de la cath\u00e9drale dans l\u2019apparence du ch\u00e2teau de Berlin. \u00a0Trouvez-vous qu\u2019un tel b\u00e2timent avec les fa\u00e7ades historiques du ch\u00e2teau est une bonne chose pour Berlin ou pas\u00a0?\u00a0\u00bb<\/span><\/p>\n<p class=\"MsoNormal\" style=\"margin-bottom: .0001pt;\"><span lang=\"FR\">50% des Berlinois ont acquiesc\u00e9, 45% ont r\u00e9pondu non. <\/span><\/p>\n<p class=\"MsoNormal\" style=\"margin-bottom: .0001pt;\">\u00a0<span lang=\"FR\">Autre question d\u2018Infratest dimap:<\/span><\/p>\n<p class=\"MsoNormal\" style=\"margin-bottom: .0001pt;\"><span lang=\"FR\">\u00ab\u00a0Si vous avez r\u00e9pondu \u00ab\u00a0pas bon pour Berlin\u00a0\u00bb\u00a0: Diriez-vous que vous \u00eatre principalement contre le b\u00e2timent pr\u00e9vu avec les fa\u00e7ades du ch\u00e2teau ou juste pour l\u2019instant parce qu\u2019\u00e0 cause de la crise il faut \u00e9conomiser\u00a0?\u00a0\u00bb<\/span><\/p>\n<p class=\"MsoNormal\" style=\"margin-bottom: .0001pt;\"><span lang=\"FR\">Des 45% contre, 20% ont r\u00e9pondu \u00e0 cause de la crise financi\u00e8re, 25% sont contre pour le principe, 5% n\u2019ont pas d\u2019opinion. <\/span><\/p>\n<p class=\"MsoNormal\" style=\"margin-bottom: .0001pt;\"><span lang=\"FR\">\u00a0<\/span><\/p>\n<p class=\"MsoNormal\" style=\"margin-bottom: .0001pt;\"><span lang=\"FR\">Conclusion: Ainsi nous pouvons dire que 70% des Berlinois interrog\u00e9s sont pour l\u2019instant pour le plus grand projet culturel d\u2019Allemagne dans sa capitale ! <\/span><\/p>\n","protected":false},"excerpt":{"rendered":"<p>18 Juin 2010 : un sondage d\u2019opinion du quotidien Berliner Zeitung \u00e0 propos du ch\u00e2teau mal interpr\u00e9t\u00e9 impacte l\u2019opinion publique et les d\u00e9cisions d\u2019\u00e9conomies du gouvernement allemand. Le groupe de [&hellip;]<\/p>\n","protected":false},"author":1,"featured_media":0,"parent":550751,"menu_order":143,"comment_status":"closed","ping_status":"closed","template":"","meta":{"_acf_changed":false,"footnotes":""},"class_list":["post-546996","page","type-page","status-publish","hentry"],"acf":[],"_links":{"self":[{"href":"https:\/\/berliner-schloss.de\/fr\/wp-json\/wp\/v2\/pages\/546996","targetHints":{"allow":["GET"]}}],"collection":[{"href":"https:\/\/berliner-schloss.de\/fr\/wp-json\/wp\/v2\/pages"}],"about":[{"href":"https:\/\/berliner-schloss.de\/fr\/wp-json\/wp\/v2\/types\/page"}],"author":[{"embeddable":true,"href":"https:\/\/berliner-schloss.de\/fr\/wp-json\/wp\/v2\/users\/1"}],"replies":[{"embeddable":true,"href":"https:\/\/berliner-schloss.de\/fr\/wp-json\/wp\/v2\/comments?post=546996"}],"version-history":[{"count":1,"href":"https:\/\/berliner-schloss.de\/fr\/wp-json\/wp\/v2\/pages\/546996\/revisions"}],"predecessor-version":[{"id":550382,"href":"https:\/\/berliner-schloss.de\/fr\/wp-json\/wp\/v2\/pages\/546996\/revisions\/550382"}],"up":[{"embeddable":true,"href":"https:\/\/berliner-schloss.de\/fr\/wp-json\/wp\/v2\/pages\/550751"}],"wp:attachment":[{"href":"https:\/\/berliner-schloss.de\/fr\/wp-json\/wp\/v2\/media?parent=546996"}],"curies":[{"name":"wp","href":"https:\/\/api.w.org\/{rel}","templated":true}]}}