{"id":546984,"date":"2014-10-07T10:02:47","date_gmt":"2014-10-07T08:02:47","guid":{"rendered":"http:\/\/berliner-schloss.de\/?page_id=546984"},"modified":"2015-06-16T15:12:28","modified_gmt":"2015-06-16T15:12:28","slug":"schlossplatz-images-comparees","status":"publish","type":"page","link":"https:\/\/berliner-schloss.de\/fr\/chteau-historique\/schlossplatz-images-comparees\/","title":{"rendered":"Schlossplatz &#8211; Images compar\u00e9es"},"content":{"rendered":"<div class=\"wpb-content-wrapper\"><p>[vc_row][vc_column][vc_column_text]<\/p>\n<h1>Images sans commentaire<\/h1>\n<p>[\/vc_column_text][vc_column_text]<\/p>\n<p align=\"left\">Ces images comparatives n\u2018ont besoin d\u2018aucun commentaire. Elles ont d\u00e9j\u00e0 convaincu d\u2018innombrables personnes de la n\u00e9cessit\u00e9 d\u2018une reconstruction du ch\u00e2teau.<\/p>\n<p>\u00ab\u00a0Nulle part ailleurs\u00a0dans une ville comme Berlin, o\u00f9 c&#8217;est la p\u00e9riph\u00e9rie qui a raval\u00e9 le centre!\u00a0\u00bb<br \/>\n(Michael M\u00f6nninger in: \u00ab\u00a0Neue W\u00e4nde f\u00fcr den Windkanal\u00a0\u00bb , Berliner Zeitung 1995)[\/vc_column_text][\/vc_column][\/vc_row][vc_row][vc_column width=&#8221;1\/1&#8243;][vc_row_inner][vc_column_inner width=&#8221;1\/2&#8243;][vc_single_image image=&#8221;548836&#8243; alignment=&#8221;center&#8221; border_color=&#8221;grey&#8221; img_link_large=&#8221;yes&#8221; img_link_target=&#8221;_self&#8221; img_size=&#8221;409&#215;261&#8243;][\/vc_column_inner][vc_column_inner width=&#8221;1\/2&#8243;][vc_single_image image=&#8221;548838&#8243; alignment=&#8221;center&#8221; border_color=&#8221;grey&#8221; img_link_large=&#8221;yes&#8221; img_link_target=&#8221;_self&#8221; img_size=&#8221;409&#215;261&#8243;][\/vc_column_inner][\/vc_row_inner][vc_column_text]<\/p>\n<p style=\"text-align: center;\">Ch\u00e2teau de Berlin \/ Palais de la R\u00e9publique. Vue du ciel, c\u00f4t\u00e9 Est<\/p>\n<p>[\/vc_column_text][\/vc_column][\/vc_row][vc_row][vc_column width=&#8221;1\/1&#8243;][vc_row_inner][vc_column_inner width=&#8221;1\/2&#8243;][vc_single_image image=&#8221;548844&#8243; border_color=&#8221;grey&#8221; img_link_target=&#8221;_self&#8221; img_size=&#8221;409&#215;237&#8243;][\/vc_column_inner][vc_column_inner width=&#8221;1\/2&#8243;][vc_single_image image=&#8221;548845&#8243; alignment=&#8221;center&#8221; border_color=&#8221;grey&#8221; img_link_large=&#8221;yes&#8221; img_link_target=&#8221;_self&#8221; img_size=&#8221;409&#215;237&#8243;][\/vc_column_inner][\/vc_row_inner][vc_column_text]<\/p>\n<p style=\"text-align: center;\">Ch\u00e2teau de Berlin \/ Palais de la R\u00e9publique vus depuis l\u2018arsenal<\/p>\n<p>[\/vc_column_text][\/vc_column][\/vc_row][vc_row][vc_column width=&#8221;1\/1&#8243;][vc_row_inner][vc_column_inner width=&#8221;1\/2&#8243;][vc_single_image image=&#8221;548839&#8243; alignment=&#8221;center&#8221; border_color=&#8221;grey&#8221; img_link_large=&#8221;yes&#8221; img_link_target=&#8221;_self&#8221; img_size=&#8221;400&#215;250&#8243;][\/vc_column_inner][vc_column_inner width=&#8221;1\/2&#8243;][vc_single_image image=&#8221;548851&#8243; alignment=&#8221;center&#8221; border_color=&#8221;grey&#8221; img_link_large=&#8221;yes&#8221; img_link_target=&#8221;_self&#8221; img_size=&#8221;400&#215;250&#8243;][\/vc_column_inner][\/vc_row_inner][vc_column_text]<\/p>\n<p style=\"text-align: center;\">Ch\u00e2teau de Berlin \/ Palais de la R\u00e9publique vus depuis l\u2018Altem Museum.<\/p>\n<p>[\/vc_column_text][\/vc_column][\/vc_row][vc_row][vc_column width=&#8221;1\/1&#8243;][vc_row_inner][vc_column_inner width=&#8221;1\/2&#8243;][vc_single_image image=&#8221;548840&#8243; alignment=&#8221;center&#8221; border_color=&#8221;grey&#8221; img_link_large=&#8221;yes&#8221; img_link_target=&#8221;_self&#8221; img_size=&#8221;400&#215;245&#8243;][\/vc_column_inner][vc_column_inner width=&#8221;1\/2&#8243;][vc_single_image image=&#8221;548846&#8243; alignment=&#8221;center&#8221; border_color=&#8221;grey&#8221; img_link_large=&#8221;yes&#8221; img_link_target=&#8221;_self&#8221; img_size=&#8221;400&#215;245&#8243;][\/vc_column_inner][\/vc_row_inner][vc_column_text]<\/p>\n<p style=\"text-align: center;\">Ch\u00e2teau de Berlin \/ Palais de la R\u00e9publique vus de la cath\u00e9drale voisine. Le platane qui a surv\u00e9cu \u00e0 la guerre est tomb\u00e9 en 1998<\/p>\n<p>[\/vc_column_text][\/vc_column][\/vc_row][vc_row][vc_column width=&#8221;1\/1&#8243;][vc_row_inner][vc_column_inner width=&#8221;1\/2&#8243;][vc_single_image image=&#8221;548847&#8243; alignment=&#8221;center&#8221; border_color=&#8221;grey&#8221; img_link_large=&#8221;yes&#8221; img_link_target=&#8221;_self&#8221; img_size=&#8221;409&#215;255&#8243;][\/vc_column_inner][vc_column_inner width=&#8221;1\/2&#8243;][vc_single_image image=&#8221;548848&#8243; alignment=&#8221;center&#8221; border_color=&#8221;grey&#8221; img_link_large=&#8221;yes&#8221; img_link_target=&#8221;_self&#8221; img_size=&#8221;409&#215;255&#8243;][\/vc_column_inner][\/vc_row_inner][vc_column_text]<\/p>\n<p style=\"text-align: center;\">Ch\u00e2teau de Berlin \/ Marx Engels Platz vus de la Breite Strasse<\/p>\n<p>[\/vc_column_text][\/vc_column][\/vc_row][vc_row][vc_column width=&#8221;1\/1&#8243;][vc_row_inner][vc_column_inner width=&#8221;1\/2&#8243;][vc_single_image image=&#8221;548849&#8243; alignment=&#8221;center&#8221; border_color=&#8221;grey&#8221; img_link_large=&#8221;yes&#8221; img_link_target=&#8221;_self&#8221; img_size=&#8221;full&#8221;][vc_column_text]<\/p>\n<p style=\"text-align: center;\">Schlossbr\u00fccke et le ch\u00e2teau<\/p>\n<p>[\/vc_column_text][\/vc_column_inner][vc_column_inner width=&#8221;1\/2&#8243;][vc_single_image image=&#8221;548850&#8243; alignment=&#8221;center&#8221; border_color=&#8221;grey&#8221; img_link_large=&#8221;yes&#8221; img_link_target=&#8221;_self&#8221; img_size=&#8221;full&#8221;][vc_column_text]<\/p>\n<p style=\"text-align: center;\">Schlossbr\u00fccke et ????<\/p>\n<p>[\/vc_column_text][\/vc_column_inner][\/vc_row_inner][\/vc_column][\/vc_row]<\/p>\n<\/div>","protected":false},"excerpt":{"rendered":"<p>Images sans commentaire<br \/>\nCes images comparatives n<\/p>\n","protected":false},"author":1,"featured_media":0,"parent":550760,"menu_order":6,"comment_status":"closed","ping_status":"closed","template":"","meta":{"_acf_changed":false,"footnotes":""},"class_list":["post-546984","page","type-page","status-publish","hentry"],"acf":[],"_links":{"self":[{"href":"https:\/\/berliner-schloss.de\/fr\/wp-json\/wp\/v2\/pages\/546984","targetHints":{"allow":["GET"]}}],"collection":[{"href":"https:\/\/berliner-schloss.de\/fr\/wp-json\/wp\/v2\/pages"}],"about":[{"href":"https:\/\/berliner-schloss.de\/fr\/wp-json\/wp\/v2\/types\/page"}],"author":[{"embeddable":true,"href":"https:\/\/berliner-schloss.de\/fr\/wp-json\/wp\/v2\/users\/1"}],"replies":[{"embeddable":true,"href":"https:\/\/berliner-schloss.de\/fr\/wp-json\/wp\/v2\/comments?post=546984"}],"version-history":[{"count":4,"href":"https:\/\/berliner-schloss.de\/fr\/wp-json\/wp\/v2\/pages\/546984\/revisions"}],"predecessor-version":[{"id":550255,"href":"https:\/\/berliner-schloss.de\/fr\/wp-json\/wp\/v2\/pages\/546984\/revisions\/550255"}],"up":[{"embeddable":true,"href":"https:\/\/berliner-schloss.de\/fr\/wp-json\/wp\/v2\/pages\/550760"}],"wp:attachment":[{"href":"https:\/\/berliner-schloss.de\/fr\/wp-json\/wp\/v2\/media?parent=546984"}],"curies":[{"name":"wp","href":"https:\/\/api.w.org\/{rel}","templated":true}]}}