{"id":546980,"date":"2014-10-07T10:00:08","date_gmt":"2014-10-07T08:00:08","guid":{"rendered":"http:\/\/berliner-schloss.de\/?page_id=546980"},"modified":"2015-06-16T15:12:11","modified_gmt":"2015-06-16T15:12:11","slug":"signification-urbaniste-du-chateau-a-berlin","status":"publish","type":"page","link":"https:\/\/berliner-schloss.de\/fr\/chteau-historique\/signification-urbaniste-du-chateau-a-berlin\/","title":{"rendered":"Signification urbaniste du ch\u00e2teau \u00e0 Berlin"},"content":{"rendered":"<div class=\"wpb-content-wrapper\"><p>[vc_row][vc_column][vc_column_text]<\/p>\n<h1>The urban significance of the Palace for Berlin<\/h1>\n<h1><\/h1>\n<p>[\/vc_column_text][vc_row_inner][vc_column_inner width=&#8221;1\/4&#8243;][vc_single_image image=&#8221;548722&#8243; alignment=&#8221;center&#8221; border_color=&#8221;grey&#8221; img_link_large=&#8221;yes&#8221; img_link_target=&#8221;_self&#8221; img_size=&#8221;full&#8221;][\/vc_column_inner][vc_column_inner width=&#8221;3\/4&#8243;][vc_column_text]Le ch\u00e2teau de Berlin \u00e9tait au centre de la ville entre la Pariser Platz avec la porte de Brandebourg \u00e0 l\u2019ouest et Alexanderplatz \u00e0 l\u2019est. Berlin, petite capitale provinciale de la Marche de Brandebourg, devient r\u00e9sidence et capitale prussiennes, puis capitale imp\u00e9riale et enfin l\u2019actuelle capitale de l\u2019Allemagne f\u00e9d\u00e9rale.[\/vc_column_text][\/vc_column_inner][\/vc_row_inner][\/vc_column][\/vc_row][vc_row][vc_column width=&#8221;1\/4&#8243;][vc_single_image image=&#8221;548593&#8243; alignment=&#8221;center&#8221; border_color=&#8221;grey&#8221; img_link_large=&#8221;yes&#8221; img_link_target=&#8221;_self&#8221; img_size=&#8221;full&#8221;][vc_column_text]<\/p>\n<p style=\"text-align: center;\">Pariser Platz 1928<\/p>\n<p>[\/vc_column_text][\/vc_column][vc_column width=&#8221;3\/4&#8243;][vc_column_text]L\u2019\u00e9volution se lit aussi dans les d\u00e9nominations des grandes places berlinoises :<\/p>\n<p>La <em>Pariser Platz<\/em> tient son nom en souvenir du d\u00e9fil\u00e9 des vainqueurs de Napol\u00e9on en 1814 : La Prusse soutenue par la Russie et l\u2019Autriche. La Prusse entra ainsi dans le concert des grandes puissances europ\u00e9ennes.[\/vc_column_text][\/vc_column][\/vc_row][vc_row][vc_column width=&#8221;1\/4&#8243;][vc_single_image image=&#8221;548797&#8243; alignment=&#8221;center&#8221; border_color=&#8221;grey&#8221; img_link_large=&#8221;yes&#8221; img_link_target=&#8221;_self&#8221; img_size=&#8221;full&#8221;][\/vc_column][vc_column width=&#8221;3\/4&#8243;][vc_column_text]Ch\u00e2teau et Avenue Unter den Linden dans les ann\u00e9es 30. Les vieux tilleuls ont \u00e9t\u00e9 arrach\u00e9s pour faciliter la construction du S-Bahn. De nouveaux arbustes ont \u00e9t\u00e9 replant\u00e9s, c\u2019est pourquoi on les voit mal sur la photo. Tout de m\u00eame le ch\u00e2teau domine encore plus le boulevard.[\/vc_column_text][\/vc_column][\/vc_row][vc_row][vc_column width=&#8221;1\/1&#8243;][vc_column_text]L\u2019ancien march\u00e9 aux boeufs change de nom lors de la visite du tsar Alexandre III en <em>Alexander Platz<\/em>. Cela symbolise le rapprochement entre la Prusse et la Russie, ce \u00e0 quoi Berlin et l\u2019Allemagne aspirent\u00a0 encore aujourd\u2019hui. Berlin a toujours \u00e9t\u00e9 une ville bourgeoise, prenant du recul face \u00e0 la puissance r\u00e9gnante.[\/vc_column_text][\/vc_column][\/vc_row][vc_row][vc_column width=&#8221;1\/2&#8243;][vc_single_image image=&#8221;548590&#8243; alignment=&#8221;center&#8221; border_color=&#8221;grey&#8221; img_link_large=&#8221;yes&#8221; img_link_target=&#8221;_self&#8221; img_size=&#8221;257&#215;182&#8243;][\/vc_column][vc_column width=&#8221;1\/2&#8243;][vc_single_image image=&#8221;548594&#8243; alignment=&#8221;center&#8221; border_color=&#8221;grey&#8221; img_link_large=&#8221;yes&#8221; img_link_target=&#8221;_self&#8221; img_size=&#8221;257&#215;182&#8243;][\/vc_column][\/vc_row][vc_row][vc_column width=&#8221;2\/3&#8243;][vc_column_text]La ville pr\u00f4ne la tol\u00e9rance de l\u2019\u00e9tranger depuis 1685, date de l\u2019\u00e9criture de \u00ab l\u2019\u00e9dit de Postdam \u00bb du Grand Electeur Fr\u00e9d\u00e9ric-Guillaume. Depuis l\u2019afflux continu et soutenu par l\u2019\u00e9tat de personnes de multiples pays a particip\u00e9 \u00e0 l\u2019enrichissement culturel, intellectuel et \u00e9conomique de Berlin. Les maisons des r\u00e9fugi\u00e9s \u00e9taient situ\u00e9es dans le voisinage imm\u00e9diat du ch\u00e2teau.<\/p>\n<p>Jusqu\u2019au second Empire ces maisons formaient l\u2019image de Berlin : prussiennes, sobres, petites et \u00e0 deux \u00e9tages. Cela formait un contraste presque attrayant avec les b\u00e2timents repr\u00e9sentatifs du centre. L\u2019aristocratie habitait \u00e0 la campagne et conservaient divers petits palais en ville pour les ministres et grands fonctionnaires de la Prusse.<\/p>\n<p>Mais le quartier du ch\u00e2teau, son jardin d\u2019agr\u00e9ment Lustgarten, le Gendarmenmarkt jusqu\u2019\u00e0 l\u2019all\u00e9e Unter den Linden restait presque de mani\u00e8re inchang\u00e9e le must de Berlin.[\/vc_column_text][\/vc_column][vc_column width=&#8221;1\/3&#8243;][vc_single_image image=&#8221;548595&#8243; border_color=&#8221;grey&#8221; img_link_large=&#8221;yes&#8221; img_link_target=&#8221;_self&#8221; img_size=&#8221;full&#8221;][vc_column_text]<\/p>\n<p style=\"text-align: center;\"><em><span lang=\"FR\">Gendarmenmarkt\u00a0 en 1905, les tours des deux cath\u00e9drales<\/span><\/em><\/p>\n<p>[\/vc_column_text][vc_single_image image=&#8221;548591&#8243; alignment=&#8221;center&#8221; border_color=&#8221;grey&#8221; img_link_large=&#8221;yes&#8221; img_link_target=&#8221;_self&#8221; img_size=&#8221;full&#8221;][vc_column_text]<\/p>\n<p style=\"text-align: center;\">Ancienne poste \u2013 ancien Palais Wartenberg et le pont surnomm\u00e9 \u00ab lange Br\u00fccke \u00bb ( de droite \u00e0 gauche)<\/p>\n<p>[\/vc_column_text][\/vc_column][\/vc_row]<\/p>\n<\/div>","protected":false},"excerpt":{"rendered":"<p>Le r&#244;le du ch&#226;teau dans l&#8217;urbanism<\/p>\n","protected":false},"author":1,"featured_media":0,"parent":550760,"menu_order":5,"comment_status":"closed","ping_status":"closed","template":"","meta":{"_acf_changed":false,"footnotes":""},"class_list":["post-546980","page","type-page","status-publish","hentry"],"acf":[],"_links":{"self":[{"href":"https:\/\/berliner-schloss.de\/fr\/wp-json\/wp\/v2\/pages\/546980","targetHints":{"allow":["GET"]}}],"collection":[{"href":"https:\/\/berliner-schloss.de\/fr\/wp-json\/wp\/v2\/pages"}],"about":[{"href":"https:\/\/berliner-schloss.de\/fr\/wp-json\/wp\/v2\/types\/page"}],"author":[{"embeddable":true,"href":"https:\/\/berliner-schloss.de\/fr\/wp-json\/wp\/v2\/users\/1"}],"replies":[{"embeddable":true,"href":"https:\/\/berliner-schloss.de\/fr\/wp-json\/wp\/v2\/comments?post=546980"}],"version-history":[{"count":5,"href":"https:\/\/berliner-schloss.de\/fr\/wp-json\/wp\/v2\/pages\/546980\/revisions"}],"predecessor-version":[{"id":550765,"href":"https:\/\/berliner-schloss.de\/fr\/wp-json\/wp\/v2\/pages\/546980\/revisions\/550765"}],"up":[{"embeddable":true,"href":"https:\/\/berliner-schloss.de\/fr\/wp-json\/wp\/v2\/pages\/550760"}],"wp:attachment":[{"href":"https:\/\/berliner-schloss.de\/fr\/wp-json\/wp\/v2\/media?parent=546980"}],"curies":[{"name":"wp","href":"https:\/\/api.w.org\/{rel}","templated":true}]}}