{"id":546974,"date":"2014-10-07T09:54:40","date_gmt":"2014-10-07T07:54:40","guid":{"rendered":"http:\/\/berliner-schloss.de\/?page_id=546974"},"modified":"2015-06-16T15:12:45","modified_gmt":"2015-06-16T15:12:45","slug":"axes-centraux-baroques","status":"publish","type":"page","link":"https:\/\/berliner-schloss.de\/fr\/chteau-historique\/axes-centraux-baroques\/","title":{"rendered":"Axes centraux baroques"},"content":{"rendered":"<div class=\"wpb-content-wrapper\"><p>[vc_row][vc_column][vc_column_text]<\/p>\n<h1>Les grands axes baroques de Berlin \u2013 Des anciens plans d\u2019urbanisme<\/h1>\n<p>[\/vc_column_text][vc_row_inner][vc_column_inner width=&#8221;2\/3&#8243;][vc_column_text]Fr\u00e9d\u00e9ric-Guillaume, dit le Grand Electeur ( 1640-1688), place le ch\u00e2teau au centre de la ville et du pays. Il a d\u2019abord \u00e9t\u00e9 une forteresse \u00e0 l\u2019\u00e9cart de la ville pendant 200 ans. Le Grand Electeur fait d\u00e9velopper la ville vers l\u2019ouest encore non habit\u00e9 ; les quartiers cr\u00e9\u00e9s par lui prennent le nom de Friedrichswerder, puis d\u2019autres de Dorotheenstadt et de Friedrichstadt en hommage \u00e0 respectivement sa deuxi\u00e8me femme et son fils.<\/p>\n<p>Le Grand Electeur centralisa symboliquement avec des all\u00e9es et des perc\u00e9es, qui partent du ch\u00e2teau ou qui en \u00e9manent vu du prince. Trois axes appartiennent \u00e0 cette symbolique, copiant ce que le pape Sixte V fit \u00e0 Rome vers 1590 en pla\u00e7ant l\u2019ob\u00e9lisque sur la <em>Piazza del Popolo<\/em> et en orientant les rues <em>Ripetta<\/em>, <em>Corso<\/em> et <em>Via del Babuino<\/em> dans sa direction. [\/vc_column_text][\/vc_column_inner][vc_column_inner width=&#8221;1\/3&#8243;][vc_single_image image=&#8221;548611&#8243; alignment=&#8221;center&#8221; border_color=&#8221;grey&#8221; img_link_large=&#8221;yes&#8221; img_link_target=&#8221;_self&#8221; img_size=&#8221;full&#8221;][vc_column_text]<\/p>\n<p style=\"text-align: center;\">Unter den Linden, vu de la Pariser Platz; le portail V comme point de d\u2019orientation de la Patte Oie<\/p>\n<p>[\/vc_column_text][\/vc_column_inner][\/vc_row_inner][\/vc_column][\/vc_row][vc_row][vc_column width=&#8221;1\/4&#8243;][vc_single_image image=&#8221;548612&#8243; alignment=&#8221;center&#8221; border_color=&#8221;grey&#8221; img_link_large=&#8221;yes&#8221; img_link_target=&#8221;_self&#8221; img_size=&#8221;full&#8221;][\/vc_column][vc_column width=&#8221;3\/4&#8243;][vc_column_text]A Berlin, la Patte d\u2019Oie prend la forme suivante :<br \/>\n1. une all\u00e9e \u00e0 travers le Lustgarten o\u00f9 la cath\u00e9drale est aujourd\u2019hui install\u00e9e,<br \/>\n2. une perc\u00e9e sur la citadelle de Spandau dont le vestige est la rue Alt-Moabit,<br \/>\n3. l\u2019all\u00e9e Unter den Linden. Seul le prince \u00e9lecteur peut apercevoir la patte d\u2019oie de sa chambre du ch\u00e2teau.<br \/>\nCette patte d\u2019oie a \u00e9t\u00e9 con\u00e7ue par Johann Moritz von Nassau-Siegen, prince d\u2019Orange, mar\u00e9chal g\u00e9n\u00e9ral n\u00e9erlandais, gouverneur du Grand Electeur \u00e0 Cl\u00e8ves, initi\u00e9 \u00e0 l\u2019art et sp\u00e9cialiste de l\u2019artillerie.[\/vc_column_text][\/vc_column][\/vc_row][vc_row][vc_column width=&#8221;1\/1&#8243;][vc_row_inner][vc_column_inner width=&#8221;1\/4&#8243;][vc_single_image image=&#8221;548614&#8243; alignment=&#8221;center&#8221; border_color=&#8221;grey&#8221; img_link_large=&#8221;yes&#8221; img_link_target=&#8221;_self&#8221; img_size=&#8221;full&#8221;][\/vc_column_inner][vc_column_inner width=&#8221;1\/4&#8243;][vc_single_image image=&#8221;548615&#8243; alignment=&#8221;center&#8221; border_color=&#8221;grey&#8221; img_link_large=&#8221;yes&#8221; img_link_target=&#8221;_self&#8221; img_size=&#8221;full&#8221;][\/vc_column_inner][vc_column_inner width=&#8221;1\/4&#8243;][vc_single_image image=&#8221;548616&#8243; alignment=&#8221;center&#8221; border_color=&#8221;grey&#8221; img_link_large=&#8221;yes&#8221; img_link_target=&#8221;_self&#8221; img_size=&#8221;full&#8221;][\/vc_column_inner][vc_column_inner width=&#8221;1\/4&#8243;][vc_single_image image=&#8221;548617&#8243; alignment=&#8221;center&#8221; border_color=&#8221;grey&#8221; img_link_large=&#8221;yes&#8221; img_link_target=&#8221;_self&#8221; img_size=&#8221;full&#8221;][\/vc_column_inner][\/vc_row_inner][vc_row_inner][vc_column_inner width=&#8221;1\/2&#8243;][vc_column_text]<\/p>\n<p style=\"text-align: center;\">(de gauche \u00e0 droite 1. Breite Stra\u00dfe avec le portail II<br \/>\n2. forteresse Spandau )<\/p>\n<p>[\/vc_column_text][\/vc_column_inner][vc_column_inner width=&#8221;1\/2&#8243;][vc_column_text]<\/p>\n<p style=\"text-align: center;\">(de gauche \u00e0 droite\u00a0 1. ch\u00e2teau Niedersch\u00f6nhausen<br \/>\n2. ch\u00e2teau Charlottenburg)<\/p>\n<p>[\/vc_column_text][\/vc_column_inner][\/vc_row_inner][\/vc_column][\/vc_row][vc_row][vc_column width=&#8221;2\/3&#8243;][vc_column_text]A. Schl\u00fcter a am\u00e9nag\u00e9 la salle des chevaliers au confluent des trois pattes pour le fils du Grand Electeur, le roi Fr\u00e9d\u00e9ric Ier. En 1714 il a reproduit le principe de la patte d\u2019oie \u00e0 Saint-Petersbourg.<\/p>\n<p>Le roi Fr\u00e9d\u00e9ric Ier fait construire des perc\u00e9es principalement vers Charlottenburg, Oranienburg et Niedersch\u00f6nhausen et d\u2019autres qui ne sont pas encore \u00e9tudi\u00e9es. Fr\u00e9d\u00e9ric-Guillaume Ier ( 1714-1740) a encore am\u00e9lior\u00e9 le syst\u00e8me. Parfois il y a eu certaines inexactitudes.<br \/>\nSous le r\u00e9gime de Fr\u00e9d\u00e9ric Guillaume Ier, l\u2019ancien portail dans l\u2019avant-cour ferm\u00e9e ( portail II) a \u00e9t\u00e9 restaur\u00e9. Ainsi il est devenu la pointe de la Breite Strasse.[\/vc_column_text][\/vc_column][vc_column width=&#8221;1\/3&#8243;][vc_single_image image=&#8221;548613&#8243; alignment=&#8221;center&#8221; border_color=&#8221;grey&#8221; img_link_large=&#8221;yes&#8221; img_link_target=&#8221;_self&#8221; img_size=&#8221;full&#8221;][\/vc_column][\/vc_row]<\/p>\n<\/div>","protected":false},"excerpt":{"rendered":"<p>Les grands axes baroques de Berlin &#8211; Les anciens p<\/p>\n","protected":false},"author":1,"featured_media":0,"parent":550760,"menu_order":8,"comment_status":"closed","ping_status":"closed","template":"","meta":{"_acf_changed":false,"footnotes":""},"class_list":["post-546974","page","type-page","status-publish","hentry"],"acf":[],"_links":{"self":[{"href":"https:\/\/berliner-schloss.de\/fr\/wp-json\/wp\/v2\/pages\/546974","targetHints":{"allow":["GET"]}}],"collection":[{"href":"https:\/\/berliner-schloss.de\/fr\/wp-json\/wp\/v2\/pages"}],"about":[{"href":"https:\/\/berliner-schloss.de\/fr\/wp-json\/wp\/v2\/types\/page"}],"author":[{"embeddable":true,"href":"https:\/\/berliner-schloss.de\/fr\/wp-json\/wp\/v2\/users\/1"}],"replies":[{"embeddable":true,"href":"https:\/\/berliner-schloss.de\/fr\/wp-json\/wp\/v2\/comments?post=546974"}],"version-history":[{"count":6,"href":"https:\/\/berliner-schloss.de\/fr\/wp-json\/wp\/v2\/pages\/546974\/revisions"}],"predecessor-version":[{"id":550766,"href":"https:\/\/berliner-schloss.de\/fr\/wp-json\/wp\/v2\/pages\/546974\/revisions\/550766"}],"up":[{"embeddable":true,"href":"https:\/\/berliner-schloss.de\/fr\/wp-json\/wp\/v2\/pages\/550760"}],"wp:attachment":[{"href":"https:\/\/berliner-schloss.de\/fr\/wp-json\/wp\/v2\/media?parent=546974"}],"curies":[{"name":"wp","href":"https:\/\/api.w.org\/{rel}","templated":true}]}}