{"id":546969,"date":"2014-10-07T09:52:17","date_gmt":"2014-10-07T07:52:17","guid":{"rendered":"http:\/\/berliner-schloss.de\/?page_id=546969"},"modified":"2015-06-16T14:55:34","modified_gmt":"2015-06-16T14:55:34","slug":"berlin-ce-chef-doeuvre","status":"publish","type":"page","link":"https:\/\/berliner-schloss.de\/fr\/chteau-historique\/berlin-ce-chef-doeuvre\/","title":{"rendered":"Berlin, ce chef d&#8217;oeuvre!"},"content":{"rendered":"<div class=\"wpb-content-wrapper\"><p>[vc_row][vc_column][vc_column_text]<\/p>\n<h1>Pourquoi l\u2019ensemble du centre historique de Berlin peut \u00eatre qualifi\u00e9 de \u201echef d\u2019\u0153uvre\u201d?<\/h1>\n<p>L\u2019uniformit\u00e9 du centre de Berlin permet de former un ensemble d\u2019architecture exceptionnelle inspir\u00e9 de Vitrus et Palladio.<\/p>\n<p><strong class=\"red-text\">&#8220;L\u2019architecture ne se r\u00e9sume pas qu\u2019\u00e0 des maisons individuelles, construites selon les go\u00fbts et les couleurs d\u2019une \u00e9lite. Elle revendique une interaction \u00e0 l\u2019int\u00e9rieur de la ville comme un tout. Architectes et jardiniers peuvent r\u00e9aliser cette synergie, qui va au-del\u00e0 de la simple juxtaposition de leur savoir-faire.&#8221;<br \/>\n<\/strong><em><span style=\"font-size: 8pt;\"><em>(Prof. Volkwin Marg, Architekt, in &#8220;Bauen nach der Natur&#8221; die Erben Palladios in Nordeuropa)<\/em><\/span><\/em>[\/vc_column_text][\/vc_column][\/vc_row][vc_row][vc_column width=&#8221;1\/1&#8243;][vc_row_inner][vc_column_inner width=&#8221;1\/2&#8243;][vc_single_image image=&#8221;549479&#8243; alignment=&#8221;center&#8221; border_color=&#8221;grey&#8221; img_link_large=&#8221;yes&#8221; img_link_target=&#8221;_self&#8221; img_size=&#8221;409&#215;271&#8243;][vc_column_text] Schlossplatz avec le grand prince \u00e9lecteur en 1906[\/vc_column_text][\/vc_column_inner][vc_column_inner width=&#8221;1\/2&#8243;][vc_single_image image=&#8221;549480&#8243; alignment=&#8221;center&#8221; border_color=&#8221;grey&#8221; img_link_large=&#8221;yes&#8221; img_link_target=&#8221;_self&#8221; img_size=&#8221;409&#215;271&#8243;][vc_column_text]Forum Fredericianum en 1905[\/vc_column_text][\/vc_column_inner][\/vc_row_inner][\/vc_column][\/vc_row][vc_row][vc_column width=&#8221;1\/1&#8243;][vc_column_text]Les b\u00e2timents du vieux centre ont une langue architecturale commune.<\/p>\n<p><strong class=\"red-text\">\u201cLa compr\u00e9hension de cette langue est bas\u00e9e sur une convention des termes architecturaux. Ces termes ont leur origine dans les m\u00e9taphores de l\u2019histoire de la construction, comme tour, vo\u00fbte, temple, basilique, colonnade, cage d\u2019escalier. La place dans la phrase de ces termes architecturaux se lit comme la musique de moyens simples tels que le rayonnement, le rythme, l\u2019axialit\u00e9, la r\u00e9flectivit\u00e9 ou la sym\u00e9trie. \u201d<\/strong><br \/>\n(Volkwin Marg)<\/p>\n<p>&nbsp;<\/p>\n<p><strong class=\"red-text\">\u201cL\u2019endroit o\u00f9 [le mus\u00e9e] sera install\u00e9 passe pour \u00eatre la place principale de Berlin. On doit se tenir sur ses gardes : au lieu d\u2019y construire quelque chose de simple, d\u2019\u00e9norme, ou de rudimentaire, surtout ne pas d\u00e9figurer cette place au lieu de l\u2019embellir.\u201d<br \/>\n<\/strong>(Karl Friedrich Schinkel lors de la planification de l\u2019Alte Museum pr\u00e8s du Lustgarten en 1820)[\/vc_column_text][\/vc_column][\/vc_row][vc_row][vc_column width=&#8221;1\/2&#8243;][vc_single_image image=&#8221;548605&#8243; alignment=&#8221;center&#8221; border_color=&#8221;grey&#8221; img_link_large=&#8221;yes&#8221; img_link_target=&#8221;_self&#8221; img_size=&#8221;122&#215;82&#8243;][vc_column_text]<\/p>\n<p style=\"text-align: center;\">Biblioth\u00e8que royale, surnomm\u00e9 \u00ab\u00a0la commode aux livres\u00a0\u00bb par les Berlinois en 1904<\/p>\n<p>[\/vc_column_text][\/vc_column][vc_column width=&#8221;1\/2&#8243;][vc_single_image image=&#8221;548606&#8243; alignment=&#8221;center&#8221; border_color=&#8221;grey&#8221; img_link_large=&#8221;yes&#8221; img_link_target=&#8221;_self&#8221; img_size=&#8221;122&#215;82&#8243;][vc_column_text]<\/p>\n<p style=\"text-align: center;\">Place de l\u2019op\u00e9ra avec l\u2019op\u00e9ra et l\u2019\u00e9glise Ste Edwige en 1880<\/p>\n<p>[\/vc_column_text][\/vc_column][\/vc_row][vc_row][vc_column width=&#8221;1\/2&#8243;][vc_single_image image=&#8221;548608&#8243; border_color=&#8221;grey&#8221; img_link_target=&#8221;_self&#8221; img_size=&#8221;122&#215;82&#8243; alignment=&#8221;center&#8221; img_link_large=&#8221;yes&#8221;][vc_column_text]<\/p>\n<p style=\"text-align: center;\">Gendarmenmarkt en 1909<\/p>\n<p>[\/vc_column_text][\/vc_column][vc_column width=&#8221;1\/2&#8243;][vc_single_image image=&#8221;548607&#8243; border_color=&#8221;grey&#8221; img_link_large=&#8221;yes&#8221; img_link_target=&#8221;_self&#8221; img_size=&#8221;122&#215;82&#8243; alignment=&#8221;center&#8221;][vc_column_text]<\/p>\n<p style=\"text-align: center;\">Lustgarten et l\u2019 alte Museum en 1910<\/p>\n<p>[\/vc_column_text][\/vc_column][\/vc_row][vc_row][vc_column width=&#8221;1\/1&#8243;][vc_column_text]C\u2019 est pourquoi on doit faire attention, \u00e0 ce que l\u2019effet de l\u2019ensemble urbain dans le centre historique de Berlin puisse provenir d\u2019un seul monument sur la Schlossplatz. Les anciennes lignes de communication y convergent et en partent, c\u2019est ce qui donne une certaine harmonie.[\/vc_column_text][\/vc_column][\/vc_row]<\/p>\n<\/div>","protected":false},"excerpt":{"rendered":"<p>Pourquoi l&#8217;ensemble du centre historique de <\/p>\n","protected":false},"author":1,"featured_media":0,"parent":550760,"menu_order":77,"comment_status":"closed","ping_status":"closed","template":"","meta":{"_acf_changed":false,"footnotes":""},"class_list":["post-546969","page","type-page","status-publish","hentry"],"acf":[],"_links":{"self":[{"href":"https:\/\/berliner-schloss.de\/fr\/wp-json\/wp\/v2\/pages\/546969","targetHints":{"allow":["GET"]}}],"collection":[{"href":"https:\/\/berliner-schloss.de\/fr\/wp-json\/wp\/v2\/pages"}],"about":[{"href":"https:\/\/berliner-schloss.de\/fr\/wp-json\/wp\/v2\/types\/page"}],"author":[{"embeddable":true,"href":"https:\/\/berliner-schloss.de\/fr\/wp-json\/wp\/v2\/users\/1"}],"replies":[{"embeddable":true,"href":"https:\/\/berliner-schloss.de\/fr\/wp-json\/wp\/v2\/comments?post=546969"}],"version-history":[{"count":7,"href":"https:\/\/berliner-schloss.de\/fr\/wp-json\/wp\/v2\/pages\/546969\/revisions"}],"predecessor-version":[{"id":550401,"href":"https:\/\/berliner-schloss.de\/fr\/wp-json\/wp\/v2\/pages\/546969\/revisions\/550401"}],"up":[{"embeddable":true,"href":"https:\/\/berliner-schloss.de\/fr\/wp-json\/wp\/v2\/pages\/550760"}],"wp:attachment":[{"href":"https:\/\/berliner-schloss.de\/fr\/wp-json\/wp\/v2\/media?parent=546969"}],"curies":[{"name":"wp","href":"https:\/\/api.w.org\/{rel}","templated":true}]}}