{"id":546965,"date":"2014-10-07T09:50:13","date_gmt":"2014-10-07T07:50:13","guid":{"rendered":"http:\/\/berliner-schloss.de\/?page_id=546965"},"modified":"2015-06-05T11:34:46","modified_gmt":"2015-06-05T11:34:46","slug":"interieur-du-chateau-images-detaillees","status":"publish","type":"page","link":"https:\/\/berliner-schloss.de\/fr\/chteau-historique\/interieur-du-chateau-images-detaillees\/","title":{"rendered":"Int\u00e9rieur du ch\u00e2teau : Images d\u00e9taill\u00e9es"},"content":{"rendered":"<div class=\"wpb-content-wrapper\"><p>[vc_row][vc_column][vc_column_text]<\/p>\n<h1>Les chambres d\u2019apparat en d\u00e9tail<\/h1>\n<p>Comme nous ne pouvons pas vous montrer toutes les pi\u00e8ces du ch\u00e2teau, nous vous proposons de voir certains d\u00e9tails des chambres d\u2019apparat d\u2019A. Schl\u00fcter. Sur la pr\u00e9sentation des salles regardez dans le menu \u00ab Agencement int\u00e9rieur du ch\u00e2teau de Berlin \u00bb.<\/p>\n<p>Fr\u00e9d\u00e9ric Guillaume Ier fit repeindre le plafond non fini en blanc. En 1835 il fut re-d\u00e9couvert alors que de la couleur tombait. Jusqu\u2019en 1845 on d\u00e9gagea cette couleur blanche pour retrouver les images historiques d\u2019Anthonie de Coxie.[\/vc_column_text][\/vc_column][\/vc_row][vc_row][vc_column width=&#8221;1\/2&#8243;][vc_single_image image=&#8221;548927&#8243; alignment=&#8221;center&#8221; border_color=&#8221;grey&#8221; img_link_large=&#8221;yes&#8221; img_link_target=&#8221;_self&#8221; img_size=&#8221;400&#215;539&#8243;][vc_column_text]Salle des chevaliers, All\u00e9gorie de l&#8217;Am\u00e9rique[\/vc_column_text][\/vc_column][vc_column width=&#8221;1\/2&#8243;][vc_single_image image=&#8221;548933&#8243; alignment=&#8221;center&#8221; border_color=&#8221;grey&#8221; img_link_large=&#8221;yes&#8221; img_link_target=&#8221;_self&#8221; img_size=&#8221;400&#215;539&#8243;][vc_column_text]Salle de l\u2019ordre de l\u2019aigle noir, d\u00e9tail du plafond peint par Augustin Terwesten.[\/vc_column_text][\/vc_column][\/vc_row][vc_row][vc_column width=&#8221;1\/2&#8243;][vc_single_image image=&#8221;548931&#8243; alignment=&#8221;center&#8221; border_color=&#8221;grey&#8221; img_link_large=&#8221;yes&#8221; img_link_target=&#8221;_self&#8221; img_size=&#8221;400&#215;539&#8243;][vc_column_text]Chambre de velours rouge, d\u00e9tail du plafond, image de Paul Leygebe, stucage d\u2019Andreas Schl\u00fcter[\/vc_column_text][\/vc_column][vc_column width=&#8221;1\/2&#8243;][vc_single_image image=&#8221;548939&#8243; alignment=&#8221;center&#8221; border_color=&#8221;grey&#8221; img_link_large=&#8221;yes&#8221; img_link_target=&#8221;_self&#8221; img_size=&#8221;400&#215;539&#8243;][vc_column_text]Galerie des portraits, d\u00e9tail du plafond de Johann Eosander v. G\u00f6the.[\/vc_column_text][\/vc_column][\/vc_row][vc_row][vc_column width=&#8221;1\/3&#8243;][vc_single_image image=&#8221;548929&#8243; alignment=&#8221;center&#8221; border_color=&#8221;grey&#8221; img_link_large=&#8221;yes&#8221; img_link_target=&#8221;_self&#8221; img_size=&#8221;262&#215;184&#8243;][vc_column_text]Salle des chevaliers, d\u00e9tail \u00e0 l\u2019est du plafond peint par Johann Friedrich Wenzel.[\/vc_column_text][\/vc_column][vc_column width=&#8221;1\/3&#8243;][vc_single_image image=&#8221;548928&#8243; alignment=&#8221;center&#8221; border_color=&#8221;grey&#8221; img_link_large=&#8221;yes&#8221; img_link_target=&#8221;_self&#8221; img_size=&#8221;262&#215;184&#8243;][vc_column_text]Salle des chevaliers, all\u00e9gorie de l\u2019Afrique avec sur le bord \u00e0 droite de l\u2019\u00e9cran une partie des baldaquins du tr\u00f4ne de\u00a0Guillaume III.[\/vc_column_text][\/vc_column][vc_column width=&#8221;1\/3&#8243;][vc_single_image image=&#8221;548930&#8243; alignment=&#8221;center&#8221; border_color=&#8221;grey&#8221; img_link_large=&#8221;yes&#8221; img_link_target=&#8221;_self&#8221; img_size=&#8221;262&#215;184&#8243;][vc_column_text]Salle des chevaliers, d\u00e9tail d\u2019une vo\u00fbte dans la salle de l\u2019ordre de l\u2019aigle noir.[\/vc_column_text][\/vc_column][\/vc_row]<\/p>\n<\/div>","protected":false},"excerpt":{"rendered":"<p>Les chambres d&#8217;apparat en d&#233;tail<br \/>\nComme<\/p>\n","protected":false},"author":1,"featured_media":0,"parent":550760,"menu_order":50,"comment_status":"closed","ping_status":"closed","template":"","meta":{"_acf_changed":false,"footnotes":""},"class_list":["post-546965","page","type-page","status-publish","hentry"],"acf":[],"_links":{"self":[{"href":"https:\/\/berliner-schloss.de\/fr\/wp-json\/wp\/v2\/pages\/546965","targetHints":{"allow":["GET"]}}],"collection":[{"href":"https:\/\/berliner-schloss.de\/fr\/wp-json\/wp\/v2\/pages"}],"about":[{"href":"https:\/\/berliner-schloss.de\/fr\/wp-json\/wp\/v2\/types\/page"}],"author":[{"embeddable":true,"href":"https:\/\/berliner-schloss.de\/fr\/wp-json\/wp\/v2\/users\/1"}],"replies":[{"embeddable":true,"href":"https:\/\/berliner-schloss.de\/fr\/wp-json\/wp\/v2\/comments?post=546965"}],"version-history":[{"count":5,"href":"https:\/\/berliner-schloss.de\/fr\/wp-json\/wp\/v2\/pages\/546965\/revisions"}],"predecessor-version":[{"id":550763,"href":"https:\/\/berliner-schloss.de\/fr\/wp-json\/wp\/v2\/pages\/546965\/revisions\/550763"}],"up":[{"embeddable":true,"href":"https:\/\/berliner-schloss.de\/fr\/wp-json\/wp\/v2\/pages\/550760"}],"wp:attachment":[{"href":"https:\/\/berliner-schloss.de\/fr\/wp-json\/wp\/v2\/media?parent=546965"}],"curies":[{"name":"wp","href":"https:\/\/api.w.org\/{rel}","templated":true}]}}