{"id":546963,"date":"2014-10-07T09:47:16","date_gmt":"2014-10-07T07:47:16","guid":{"rendered":"http:\/\/berliner-schloss.de\/?page_id=546963"},"modified":"2017-07-26T09:08:27","modified_gmt":"2017-07-26T09:08:27","slug":"agencement-interieur-vue-densemble","status":"publish","type":"page","link":"https:\/\/berliner-schloss.de\/fr\/chteau-historique\/agencement-interieur-vue-densemble\/","title":{"rendered":"Agencement int\u00e9rieur &#8211; Vue d&#8217;ensemble"},"content":{"rendered":"<div class=\"wpb-content-wrapper\"><p>[vc_row][vc_column width=&#8221;2\/3&#8243;][vc_column_text]<\/p>\n<h1>Agencement int\u00e9rieur du ch\u00e2teau de Berlin<\/h1>\n<p>L\u2019int\u00e9rieur du ch\u00e2teau de Berlin est exceptionnellement bien document\u00e9. Ainsi une reconstruction enti\u00e8re des pi\u00e8ces richement d\u00e9cor\u00e9es serait possible mais constituerait un gouffre financier. C\u2019est pourquoi nous envisageons de reprendre les dimensions originelles des pi\u00e8ces les plus importantes et leur r\u00e9partition d\u2019origine. Ce serait dommage d\u2019avoir \u00e0 faire \u00e0 des salles en b\u00e9tons emp\u00eachant une \u00e9ventuelle reconstruction.<\/p>\n<p>Nous allons vous montrer certaines des plus belles salles du ch\u00e2teau \u00e0 diff\u00e9rentes \u00e9poques, celles que nous esp\u00e9rons pouvoir retrouver dans la construction du nouveau ch\u00e2teau.[\/vc_column_text][\/vc_column][vc_column width=&#8221;1\/3&#8243;][vc_single_image image=&#8221;548758&#8243; img_size=&#8221;262&#215;240&#8243; alignment=&#8221;center&#8221; img_link_large=&#8221;yes&#8221;][\/vc_column][vc_column][vc_row_inner][vc_column_inner][\/vc_column_inner][\/vc_row_inner][\/vc_column][\/vc_row][vc_row][vc_column][vc_column_text]<\/p>\n<h2>Les \u201e salles d\u2019apparat \u201d d\u2019Andreas Schl\u00fcter (1699-1706)<\/h2>\n<p>[\/vc_column_text][\/vc_column][\/vc_row][vc_row][vc_column width=&#8221;1\/4&#8243;][vc_single_image image=&#8221;548698&#8243; img_size=&#8221;full&#8221; alignment=&#8221;center&#8221; img_link_large=&#8221;yes&#8221;][\/vc_column][vc_column width=&#8221;3\/4&#8243;][vc_column_text]Les salles d\u2019apparat con\u00e7ues par Andreas Schl\u00fcter, auxquelles l\u2019escalier des G\u00e9ants donnait acc\u00e8s, sont reconnues comme avoir \u00e9t\u00e9 une cr\u00e9ation artistique de ma\u00eetre par le plus grand sculpteur baroque allemand.<\/p>\n<p>Sous l\u2019influence du baroque italien, des \u0153uvres de Palladio et des sculptures de Michel-Ange, A. Schl\u00fcter r\u00e9alisa cette originale enfilade de salles d\u2019apparat. Apr\u00e8s la mort du roi Fr\u00e9deric Ier, tous les artistes ont \u00e9t\u00e9 chass\u00e9s de Berlin. Son successeur Fr\u00e9d\u00e9ric-Guillaume Ier fit finir le ch\u00e2teau mais d\u00e9testait le luxe ostentatoire. Il fit donc peindre en blanc le plafond de la grande Galerie des portraits, la trouvant trop luxueuse et dont les finitions auraient co\u00fbt\u00e9 trop cher. L\u2019apparence originelle n\u2019est r\u00e9apparue \u00e0 la lueur du jour qu\u2019en 1835 lorsque d\u2019importantes plaques de calcaire tomb\u00e8rent. Le plafond vo\u00fbt\u00e9 est enti\u00e8rement d\u00e9couvert en 1841 et est termin\u00e9 par de nouveaux portraits. Les portraits historiques sont d\u2019Anthonie de Coxie.[\/vc_column_text][\/vc_column][\/vc_row][vc_row][vc_column width=&#8221;1\/4&#8243;][vc_single_image image=&#8221;548901&#8243; img_size=&#8221;full&#8221; alignment=&#8221;center&#8221; img_link_large=&#8221;yes&#8221;][vc_column_text]Salle des chevaliers, surporte repr\u00e9sentant une all\u00e9gorie de l\u2019Europe. Chaque surporte des quatre portes en enfilade symbolise un des quatre continents connus \u00e0 l\u2019\u00e9poque.[\/vc_column_text][\/vc_column][vc_column width=&#8221;3\/4&#8243;][vc_row_inner][vc_column_inner width=&#8221;1\/2&#8243;][vc_single_image image=&#8221;548766&#8243; img_size=&#8221;full&#8221; alignment=&#8221;center&#8221; img_link_large=&#8221;yes&#8221;][\/vc_column_inner][vc_column_inner width=&#8221;1\/2&#8243;][vc_single_image image=&#8221;548894&#8243; img_size=&#8221;full&#8221; alignment=&#8221;center&#8221; img_link_large=&#8221;yes&#8221;][vc_column_text]Salle des chevaliers, le mur oriental\u00a0avec\u00a0un d\u00e9tail des moulures du plafond.[\/vc_column_text][\/vc_column_inner][\/vc_row_inner][vc_single_image image=&#8221;548767&#8243; img_size=&#8221;full&#8221; alignment=&#8221;center&#8221; img_link_large=&#8221;yes&#8221;][vc_column_text]<\/p>\n<p style=\"text-align: center;\">Chambre de l\u2019ordre de l\u2019Aigle noir d\u2019 Andreas Schl\u00fcter.<\/p>\n<p>[\/vc_column_text][\/vc_column][\/vc_row][vc_row][vc_column width=&#8221;1\/2&#8243;][vc_single_image image=&#8221;548893&#8243; img_size=&#8221;large&#8221; alignment=&#8221;center&#8221; onclick=&#8221;img_link_large&#8221;][vc_column_text]<\/p>\n<p style=\"text-align: left;\">L\u2019usage du noir et blanc\u00a0 montre combien la photographie en couleur est significative pour la documentation des salles.<\/p>\n<p>[\/vc_column_text][\/vc_column][vc_column width=&#8221;1\/2&#8243;][vc_single_image image=&#8221;548765&#8243; img_size=&#8221;large&#8221; alignment=&#8221;center&#8221; onclick=&#8221;img_link_large&#8221;][vc_column_text]C\u00f4t\u00e9 nord-ouest de la salle des chevaliers d\u2019A. Schl\u00fcter. Y avait lieu des c\u00e9r\u00e9monies importantes.[\/vc_column_text][\/vc_column][\/vc_row][vc_row][vc_column][vc_column_text]Lors des bombardements du 3 f\u00e9vrier 1945, l\u2019incendie ravageait des pi\u00e8ces historiques comme la salle du conseil d\u2019\u00e9tat construit par K. F. Schinkel, la \u201esalle blanche\u201d d\u2019Ihne et les appartements wilhelmiens et mecklembourgeois.[\/vc_column_text][\/vc_column][\/vc_row][vc_row][vc_column width=&#8221;1\/3&#8243;][vc_single_image image=&#8221;548759&#8243; img_size=&#8221;262&#215;226&#8243; alignment=&#8221;center&#8221; img_link_large=&#8221;yes&#8221;][vc_column_text]Salle de l\u2019ordre de l\u2019Aigle noir, ancienne chapelle[\/vc_column_text][\/vc_column][vc_column width=&#8221;1\/3&#8243;][vc_single_image image=&#8221;548798&#8243; img_size=&#8221;262&#215;226&#8243; alignment=&#8221;center&#8221; img_link_large=&#8221;yes&#8221;][vc_column_text]Grande galerie des Portraits d\u2019Eosander v. G\u00f6the au XIXe s. Aquarelle de Carl Ludwig Rundt en 1852.[\/vc_column_text][\/vc_column][vc_column width=&#8221;1\/3&#8243;][vc_single_image image=&#8221;548756&#8243; img_size=&#8221;262&#215;226&#8243; alignment=&#8221;center&#8221; img_link_large=&#8221;yes&#8221;][vc_column_text]Galerie des portraits d\u2019Eosander v. G\u00f6the. La galerie de 70m de long est dot\u00e9e au XXe si\u00e8cle de grandes tapisseries des Gobelins sur demande du Prince \u00e9lecteur.[\/vc_column_text][\/vc_column][\/vc_row][vc_row][vc_column width=&#8221;1\/2&#8243;][vc_single_image image=&#8221;548799&#8243; img_size=&#8221;400&#215;383&#8243; alignment=&#8221;center&#8221; img_link_large=&#8221;yes&#8221;][vc_column_text]Salle d\u2019Elizabeth, vue de l\u2019est, \u00e9tage d\u2019apparat derri\u00e8re le portail I, Andreas Schl\u00fcter.[\/vc_column_text][\/vc_column][vc_column width=&#8221;1\/2&#8243;][vc_single_image image=&#8221;548891&#8243; img_size=&#8221;large&#8221; alignment=&#8221;center&#8221; onclick=&#8221;img_link_large&#8221;][vc_column_text]La \u201esalle de la Parole\u201d cr\u00e9\u00e9e par Erdmannsdorf \u00e9tait la plus belle et la plus harmonieuse des salles royales.\u00a0Sa structure spatiale a \u00e9t\u00e9 conserv\u00e9e dans tous les d\u00e9tails.[\/vc_column_text][\/vc_column][\/vc_row][vc_row][vc_column width=&#8221;1\/2&#8243;][vc_column_text]Nombreux \u00e9l\u00e9ments en stuc, par exemple ceux de la salle des chevaliers, n\u2019avaient subi aucun d\u00e9g\u00e2t depuis leur installation mais ils ont \u00e9t\u00e9 d\u00e9truit d\u00e9finitivement dans le dynamitage du ch\u00e2teau en 1950. Ainsi la salle des Chevaliers et la salle d\u2019Elizabeth auraient pu \u00eatre reconstruites puisque les \u00e9l\u00e9ments en stuc eux m\u00eames avaient tenu.[\/vc_column_text][\/vc_column][vc_column width=&#8221;1\/2&#8243;][vc_single_image image=&#8221;549047&#8243; img_size=&#8221;full&#8221; alignment=&#8221;center&#8221; img_link_large=&#8221;yes&#8221;][vc_column_text]Salle d\u2019Elizabeth vers 1840, vue vers l\u2019ouest, au-dessus du portail I, c\u00f4t\u00e9 Schlossplatz.[\/vc_column_text][\/vc_column][\/vc_row][vc_row][vc_column width=&#8221;2\/3&#8243;][vc_column_text]<\/p>\n<h2>Les salles royales de Fr\u00e9d\u00e9ric Guillaume II (1787 \u2013 1798)<\/h2>\n<p>Les salles royales command\u00e9es par Fr\u00e9d\u00e9ric-Guillaume II, le successeur de Fr\u00e9d\u00e9ric II le Grand, \u00e9taient un chef d\u2019\u0153uvre du classicisme allemand. En 1787 il confia la r\u00e9alisation de ses appartements royaux aux plus connus des architectes prussiens: Friedrich Wilhelm von Erdmannsdorf, Carl Gotthard Langhans et Karl von Gontard.<\/p>\n<p>En fait les pi\u00e8ces baroques du premier \u00e9tage pr\u00e8s du portail IV ont \u00e9t\u00e9 r\u00e9am\u00e9nag\u00e9es en m\u00eame temps que celles du Nord-Ouest, aile o\u00f9 se trouvait la chambre en ambre, Bernsteinzimmer. Cette enfilade de pi\u00e8ces est reconnue comme une des plus repr\u00e9sentatives du classicisme allemand.<\/p>\n<p>L\u2019une d\u2019entre elles s\u2019appelait \u00ab la salle bleue fran\u00e7aise \u00bb \u00e9tait au d\u00e9part tapiss\u00e9e en soie bleue et a gard\u00e9 son nom malgr\u00e9 le changement de couleur en rose. Tout n\u2019\u00e9tait que peinture en trompe-l\u2019\u0153il.[\/vc_column_text][\/vc_column][vc_column width=&#8221;1\/3&#8243;][vc_single_image image=&#8221;548697&#8243; img_size=&#8221;262&#215;245&#8243; alignment=&#8221;center&#8221; img_link_large=&#8221;yes&#8221;][vc_column_text]La \u201esalle de la Parole\u201d cr\u00e9\u00e9e par Erdmannsdorf \u00e9tait la plus belle et la plus harmonieuse des salles royales.<br \/>\nSa structure spatiale a \u00e9t\u00e9 conserv\u00e9e dans tous les d\u00e9tails. [\/vc_column_text][\/vc_column][\/vc_row][vc_row][vc_column width=&#8221;1\/3&#8243;][vc_single_image image=&#8221;548761&#8243; img_size=&#8221;full&#8221; alignment=&#8221;center&#8221; img_link_large=&#8221;yes&#8221;][vc_column_text]<\/p>\n<p style=\"text-align: left;\">Grande salle aux colonnes par Erdmannsdorff (1787 \u2013 1789)<\/p>\n<p>[\/vc_column_text][vc_single_image image=&#8221;548768&#8243; img_size=&#8221;full&#8221; alignment=&#8221;center&#8221; img_link_large=&#8221;yes&#8221;][vc_column_text]Salle \u00e0 manger par Erdmannsdorff (1787 \u2013 1789)[\/vc_column_text][\/vc_column][vc_column width=&#8221;1\/3&#8243;][vc_single_image image=&#8221;548760&#8243; img_size=&#8221;full&#8221; alignment=&#8221;center&#8221; img_link_large=&#8221;yes&#8221;][vc_column_text]Chambre bleue fran\u00e7aise par Erdmannsdorff (1787 \u2013 1789)[\/vc_column_text][vc_single_image image=&#8221;548762&#8243; img_size=&#8221;full&#8221; alignment=&#8221;center&#8221; img_link_large=&#8221;yes&#8221;][vc_column_text]Chambre verte fran\u00e7aise par Erdmanndorff (1787 \u2013 1789)[\/vc_column_text][\/vc_column][vc_column width=&#8221;1\/3&#8243;][vc_single_image image=&#8221;548763&#8243; img_size=&#8221;full&#8221; alignment=&#8221;center&#8221; img_link_large=&#8221;yes&#8221;][vc_column_text]Salle des concerts par Karl v. Gontard (1787-1789)[\/vc_column_text][vc_single_image image=&#8221;548769&#8243; img_size=&#8221;full&#8221; alignment=&#8221;center&#8221; img_link_large=&#8221;yes&#8221;][vc_column_text]Salle du tr\u00f4ne par Gontard (1787 \u2013 1789)[\/vc_column_text][\/vc_column][\/vc_row][vc_row][vc_column][vc_column_text]<\/p>\n<h2>L\u2019appartement du Dauphin Fr\u00e9d\u00e9ric Guillaume IV (1795-1861)<\/h2>\n<p>Karl Friedrich Schinkel dirigea les travaux dans la partie orientale du ch\u00e2teau o\u00f9 il fit installer les appartements de Fr\u00e9d\u00e9ric-Guillaume IV. Le salon de th\u00e9 et la salle de l\u2019Etoile en faisaient partie.<\/p>\n<p>Ce salon est assez bien document\u00e9 et pourrait \u00eatre ainsi reconstruit \u00e0 l\u2019identique dans le nouveau ch\u00e2teau.[\/vc_column_text][\/vc_column][\/vc_row][vc_row][vc_column width=&#8221;1\/3&#8243;][vc_single_image image=&#8221;549050&#8243; img_size=&#8221;262&#215;161&#8243; alignment=&#8221;center&#8221; img_link_large=&#8221;yes&#8221;][\/vc_column][vc_column width=&#8221;1\/3&#8243;][vc_single_image image=&#8221;548699&#8243; img_size=&#8221;262&#215;161&#8243; alignment=&#8221;center&#8221; img_link_large=&#8221;yes&#8221;][vc_column_text]Salon de th\u00e9, K.F. Schinkel (1824 \u2013 1826)[\/vc_column_text][\/vc_column][vc_column width=&#8221;1\/3&#8243;][vc_single_image image=&#8221;548757&#8243; img_size=&#8221;262&#215;161&#8243; alignment=&#8221;center&#8221; img_link_large=&#8221;yes&#8221;][vc_column_text]Salon d\u2019 Elisabeth, K.F. Schinkel\u00a0(1824 \u2013 1826)[\/vc_column_text][\/vc_column][\/vc_row][vc_row][vc_column width=&#8221;1\/3&#8243;][vc_single_image image=&#8221;548772&#8243; img_size=&#8221;262&#215;161&#8243; alignment=&#8221;center&#8221; img_link_large=&#8221;yes&#8221;][vc_column_text]Bureau de Fr\u00e9d\u00e9ric-Guillaume IV install\u00e9 dans l\u2019ancienne chapelle par K. F. Schinkel (1824 \u2013 1826).[\/vc_column_text][\/vc_column][vc_column width=&#8221;1\/3&#8243;][vc_single_image image=&#8221;549049&#8243; img_size=&#8221;262&#215;161&#8243; alignment=&#8221;center&#8221; img_link_large=&#8221;yes&#8221;][vc_column_text]Appartement dit de la princesse Marie, chambre verte.[\/vc_column_text][\/vc_column][vc_column width=&#8221;1\/3&#8243;][vc_single_image image=&#8221;549048&#8243; img_size=&#8221;262&#215;161&#8243; alignment=&#8221;center&#8221; img_link_large=&#8221;yes&#8221;][vc_column_text]Salle d\u2019Apollo au-dessus du portail II, donnant sur Schlossplatz en 1840.[\/vc_column_text][\/vc_column][\/vc_row][vc_row][vc_column][vc_column_text]<strong>La salle blanche<\/strong><\/p>\n<p>La salle blanche, situ\u00e9e dans l\u2019aile nord-ouest, a chang\u00e9 trois fois de fonction. Au d\u00e9part Eosander pensait \u00e0 une chapelle. Mais elle ne fut pas termin\u00e9e \u00e0 cause de la mort subite de Fr\u00e9d\u00e9ric Ier. Son successeur Fr\u00e9d\u00e9ric Guillaume Ier la fit r\u00e9am\u00e9nager rapidement pendant l\u2019ann\u00e9e 1728 en salle de f\u00eates \u00e0 l\u2019occasion de la visite d\u2019Auguste le Fort, roi de Pologne et de Saxe. Le rajout d\u2019\u00e9l\u00e9ments en marbre et d\u2019autres ornements en argent lui ont fait prendre le nom de \u201esalle blanche\u201d. On y exposa le tr\u00e9sor royal en argent.[\/vc_column_text][\/vc_column][\/vc_row][vc_row][vc_column width=&#8221;1\/3&#8243;][vc_single_image image=&#8221;548774&#8243; img_size=&#8221;262&#215;166&#8243; alignment=&#8221;center&#8221; img_link_large=&#8221;yes&#8221;][vc_column_text]Salle blanche, version pour Fr\u00e9d\u00e9ric Guillaume Ier\u00a0(1728)\u00a0sch\u00e9ma de la paroi.[\/vc_column_text][\/vc_column][vc_column width=&#8221;1\/3&#8243;][vc_single_image image=&#8221;548771&#8243; img_size=&#8221;262&#215;166&#8243; alignment=&#8221;center&#8221; img_link_large=&#8221;yes&#8221;][vc_column_text]Salle blanche, 2e Version par A. St\u00fcler (1844 \u2013 1857) r\u00e9alisation des \u00e9l\u00e9ments en marbre, en or par endroit et en argent pour les parties m\u00e9talliques et avec des tentures en velours rouge.[\/vc_column_text][\/vc_column][vc_column width=&#8221;1\/3&#8243;][vc_single_image image=&#8221;548770&#8243; img_size=&#8221;262&#215;166&#8243; alignment=&#8221;center&#8221; img_link_large=&#8221;yes&#8221;][vc_column_text]Salle blanche, 3e Version par Ernst v. Ihne(1892 \u2013 1893)<br \/>\nLe vrai marbre blanc domine: le plafond \u00e9tait dor\u00e9 et peint en couleur. Ainsi cette salle gagnait en chaleur ![\/vc_column_text][\/vc_column][\/vc_row][vc_row][vc_column][vc_column_text]La deuxi\u00e8me transformation a \u00e9t\u00e9 ex\u00e9cut\u00e9e par A. St\u00fcler. La salle \u00e9tait devenue tellement petite que sa d\u00e9coration sous le second empire apparaissait pingre. En plus, les centaines de bougies utilis\u00e9es pour l\u2019\u00e9clairage ont laiss\u00e9 des voiles de suie ; la poussi\u00e8re du chauffage accentuait encore plus la salet\u00e9. Les dames salissaient leur robes de bal, il n\u2019y avait pas encore de nettoyage chimique \u00e0 cette \u00e9poque-l\u00e0 !<\/p>\n<p>Un troisi\u00e8me am\u00e9nagement pens\u00e9 par Ernst von Ihne a permit d\u2019agrandir la pi\u00e8ce jusqu\u2019\u00e0 la cour : elle mesure dor\u00e9navant 16m x 32 et a une hauteur de 14 m. Elle fut la premi\u00e8re salle des f\u00eates de Berlin \u00e0 \u00eatre \u00e9lectrifi\u00e9e. Le chauffage \u00e0 air chaud a \u00e9t\u00e9 filtr\u00e9 \u00e0 partir de la cave et ainsi on pouvait faire la f\u00eate sans ruiner sa garde-robe !<\/p>\n<h2 align=\"center\">La salle en ambre jaune dite Bernsteinzimmer \u2013 L\u2019histoire vraie<\/h2>\n<p>Source : G\u00fcnter Wermusch, Die Bersteinzimmer \u2013 Saga ; Goerd Peschken, Das Bernsteinzimmer, Schriftenreihe der Stiftung Preu\u00dfische Schl\u00f6sser und G\u00e4rten Berlin 2002.[\/vc_column_text][vc_row_inner][vc_column_inner width=&#8221;1\/2&#8243;][vc_column_text]En 1701 le prince \u00e9lecteur Fr\u00e9d\u00e9ric III de Brandebourg se couronnait lui-m\u00eame Roi \u00ab en \u00bb Prusse. Pour l\u2019occasion, il avait charg\u00e9 Andreas Schl\u00fcter de transformer le ch\u00e2teau Renaissance de Berlin en une somptueuse r\u00e9sidence de style baroque italien. Il r\u00e9alisa les pi\u00e8ces d\u2019apparat \u00e0 la hauteur de la nouvelle puissance du roi. En m\u00eame temps Eosander. v. G\u00f6the est charg\u00e9 du chantier du ch\u00e2teau d\u2019\u00e9t\u00e9 de la reine Sophie-Charlotte \u00e0 Lietzenburg, le futur Charlottenburg. Il voulait int\u00e9grer dans la chambre rouge une sorte de retable en ambre jaune que devait sculpter le tailleur de pierres danois Gottfried Wolffram. Le travail n\u2019avan\u00e7ait pas vite ; en 1707 Ernst Schacht et Gottfried Turau, deux marbriers de Gdansk sp\u00e9cialis\u00e9s dans l\u2019ambre prenaient le relais. Ils le termin\u00e8rent en 1711 mais trop tard pour l\u2019int\u00e9grer au ch\u00e2teau de Charlottenburg. Une alternative envisag\u00e9e aurait \u00e9t\u00e9 Oranienburg mais il n\u2019en fut rien.[\/vc_column_text][\/vc_column_inner][vc_column_inner width=&#8221;1\/2&#8243;][vc_single_image image=&#8221;548919&#8243; img_size=&#8221;full&#8221; alignment=&#8221;center&#8221; img_link_large=&#8221;yes&#8221;][\/vc_column_inner][\/vc_row_inner][vc_column_text]Alors par \u00e9limination, on d\u00e9cida de l\u2019installer dans le ch\u00e2teau de Berlin, dans une salle au second \u00e9tage construite par Eosander, donnant sur la Salle blanche. La salle n\u2019\u00e9tant pas assez grande pour recevoir ce retable, certains panneaux ont \u00e9t\u00e9 mis de c\u00f4t\u00e9. Plus tard, cette salle devenait le \u00ab tabacs-collegium \u00bb de Fr\u00e9d\u00e9ric Guillaume Ier.En 1713 Fr\u00e9d\u00e9ric Ier mourut en laissant derri\u00e8re lui d\u2019importantes dettes. Son successeur, \u00e9tant plus \u00e9conome, ne se permettait pas d\u2019autant de luxe ostentatoire de son p\u00e8re. En 1716, il invita le tsar Pierre le Grand au ch\u00e2teau de Berlin. Celui-ci, sans g\u00eane, r\u00e9fl\u00e9chit tout haut \u00e0 ce qu\u2019il pourrait ramener comme souvenir de Berlin ; il avait remarqu\u00e9 la chambre en ambre ! Fr\u00e9d\u00e9ric-Guillaume Ier lui offrit des tr\u00e9sors ayant appartenu \u00e0 son p\u00e8re afin de s\u2019assurer l\u2019acquisition de la Pom\u00e9ranie. Apr\u00e8s de longues tractations, il y adjoint ce retable en ambre.<br \/>\n\u00ab \u2026da\u00df der K\u00f6nig dem Czaar zwey kostbahre praesente gethan hat, n\u00e4mlich das pr\u00e4chtige, sch\u00f6ne Jagtschiff (heutige Lesart: Luxusyacht), dan ein pr\u00e4tieuses Bernstein-Get\u00e4ffel zu einer vollenkommenen Bekleidung und Ausschlagung eines Cabinets\u2026.Der Czaar hat mit gro\u00dfer Verbindlichkeit zu erkennen gegeben, da\u00df er auf ein Gegenpr\u00e4sent starck w\u00fcrde bedacht seyn. \u00bb<br \/>\n30.000 talents imp\u00e9riaux avait co\u00fbt\u00e9 la chambre en ambre jaune. Elle quitta Berlin en 1717 et voyagea en bateau, passant par Klaip\u00e9da et Riga pour atteindre Saint Petersbourg. Elle fut d\u2019abord install\u00e9e dans l\u2019ancien palais d\u2019hiver, puis six ans plus tard dans le nouveau palais d\u2019hiver. En 1755, elle d\u00e9m\u00e9nagea au palais de Catherine \u00e0 Tsarskoie Selo (l\u2019actuelle Pouchkine), r\u00e9sidence d\u2019\u00e9t\u00e9 de la famille du tsar.<br \/>\nCarlo Rastrelli, l\u2019architecte du palais , eut besoin de huit ann\u00e9es avec l\u2019italien Martelli pour introduire ce retable dans une pi\u00e8ce six fois plus grande que la pr\u00e9c\u00e9dente afin de garder le charme originel de la pi\u00e8ce et la mise en valeur du retable !<br \/>\nTous les panneaux ont \u00e9t\u00e9 utilis\u00e9s, m\u00eame ceux mis de c\u00f4t\u00e9 au ch\u00e2teau de Berlin qui ont \u00e9t\u00e9 offerts par Fr\u00e9d\u00e9ric le Grand au tsar. D\u2019autres \u00e9l\u00e9ments ont d\u00fb \u00eatre rajout\u00e9s comme 24 miroirs v\u00e9nitiens et un encadr\u00e9 d\u2019ambre. Ainsi par cet \u00e9largissement la substance originale de la salle en ambre jaune n\u2019en \u00e9tait qu\u2019une petite partie. Un hommage \u00e0 Fr\u00e9d\u00e9ric le Grand y a m\u00eame \u00e9t\u00e9 rajout\u00e9 au XIXe s. : une miniature en argent d\u2019apr\u00e8s un portrait berlinois fait en remerciement et admiration au prince prussien.<br \/>\nEn retour, le cadeau du tsar ne parvint qu\u2019une ann\u00e9e plus tard. Il savait que le roi Fr\u00e9d\u00e9ric-Guillaume avait une pr\u00e9f\u00e9rence pour les soldats qui mesuraient au moins 1,90m. Surnomm\u00e9s \u00ab les longs gaillards \u00bb \u00e0 cause de leur taille peu commune, ils appartenaient \u00e0 la garde r\u00e9serv\u00e9e du roi. Leur signe distinctif \u00e9tait un grand chapeau pour les allonger encore. C\u2019est l\u2019une des raisons qui le fit surnommer Roi-Sergent, bien qu\u2019il n\u2019ait pour autant conduit aucune guerre. Donc \u00e0 l\u2019\u00e9t\u00e9 1718, pour lui faire plaisir, le tsar lui envoya 55 \u00ab longs gaillards \u00bb avec des armes de Tula, une barque, un tourneur \u00e0 bois et un troph\u00e9e en ivoire fait par le tsar lui-m\u00eame !<\/p>\n<p>Voil\u00e0 l\u2019histoire vraie de la chambre en ambre ![\/vc_column_text][\/vc_column][\/vc_row]<\/p>\n<\/div>","protected":false},"excerpt":{"rendered":"<p>Agencement int&#233;rieur du ch&#226;teau de Berli<\/p>\n","protected":false},"author":1,"featured_media":0,"parent":550760,"menu_order":10,"comment_status":"closed","ping_status":"closed","template":"","meta":{"_acf_changed":false,"footnotes":""},"class_list":["post-546963","page","type-page","status-publish","hentry"],"acf":[],"_links":{"self":[{"href":"https:\/\/berliner-schloss.de\/fr\/wp-json\/wp\/v2\/pages\/546963","targetHints":{"allow":["GET"]}}],"collection":[{"href":"https:\/\/berliner-schloss.de\/fr\/wp-json\/wp\/v2\/pages"}],"about":[{"href":"https:\/\/berliner-schloss.de\/fr\/wp-json\/wp\/v2\/types\/page"}],"author":[{"embeddable":true,"href":"https:\/\/berliner-schloss.de\/fr\/wp-json\/wp\/v2\/users\/1"}],"replies":[{"embeddable":true,"href":"https:\/\/berliner-schloss.de\/fr\/wp-json\/wp\/v2\/comments?post=546963"}],"version-history":[{"count":9,"href":"https:\/\/berliner-schloss.de\/fr\/wp-json\/wp\/v2\/pages\/546963\/revisions"}],"predecessor-version":[{"id":551028,"href":"https:\/\/berliner-schloss.de\/fr\/wp-json\/wp\/v2\/pages\/546963\/revisions\/551028"}],"up":[{"embeddable":true,"href":"https:\/\/berliner-schloss.de\/fr\/wp-json\/wp\/v2\/pages\/550760"}],"wp:attachment":[{"href":"https:\/\/berliner-schloss.de\/fr\/wp-json\/wp\/v2\/media?parent=546963"}],"curies":[{"name":"wp","href":"https:\/\/api.w.org\/{rel}","templated":true}]}}