{"id":546957,"date":"2014-10-07T09:41:55","date_gmt":"2014-10-07T07:41:55","guid":{"rendered":"http:\/\/berliner-schloss.de\/?page_id=546957"},"modified":"2015-02-13T15:19:17","modified_gmt":"2015-02-13T15:19:17","slug":"le-nouveau-chateau-en-film","status":"publish","type":"page","link":"https:\/\/berliner-schloss.de\/fr\/chateau-contemporain-humboldt-forum\/le-nouveau-chateau-en-film\/","title":{"rendered":"Le nouveau ch\u00e2teau en film"},"content":{"rendered":"<h1>Le nouveau ch\u00e2teau de Berlin \u2013 Une vision virtuelle de 2015<\/h1>\n<p>Un film de Sandy Lunitz et de Steffen Becker, eldaco, art\u00a0&amp; design company, Rostock.<\/p>\n<p>&nbsp;<\/p>\n<p align=\"center\">\n<p>La construction du nouveau ch\u00e2teau de Berlin est termin\u00e9e. Sandy Lunitz et Steffen Becker, deux jeunes habitants de Rostock ont film\u00e9 le ch\u00e2teau virtuellement sous la direction du Prof. Goerd Peschken et de Wilhelm v. Boddien en 2001. En amont, la capacit\u00e9 du fichier uniquement pour les fa\u00e7ades du ch\u00e2teau et de la cour de Schl\u00fcter est de 5 Terra bytes.<\/p>\n<p>Le ch\u00e2teau virtuel a \u00e9t\u00e9 enti\u00e8rement film\u00e9 par une cam\u00e9ra. Le Portail I s&#8217;ouvre et d\u00e9j\u00e0 nous entrons dans la cour de Schl\u00fcter termin\u00e9e. La derni\u00e8re s\u00e9quence montre la lanterne de la coup\u00f4le au-dessus de la chapelle du ch\u00e2teau en plusieurs variantes.<\/p>\n<p>Le film est tr\u00e8s lourd mais il vaut le coup. Alors un peu de patience et vous serez \u00e9merveill\u00e9s du r\u00e9sultat.<\/p>\n<p align=\"center\"><div id=\"bcStOPAinG\" data-borlabs-cookie-blocked-content><div class=\"borlabs-cookie-bct bc-bct-video bc-bct-youtube\"> <p class=\"bc-thumbnail\"><img src=\"https:\/\/berliner-schloss.de\/fr\/wp-content\/plugins\/borlabs-cookie\/images\/bct-no-thumbnail.png\" alt=\"YouTube\"><\/p> <div class=\"bc-text\"> <p>To protect your personal data, your connection to YouTube has been blocked.<br>Click on <strong>Load video<\/strong> to unblock YouTube.<br>By loading the video you accept the privacy policy of YouTube.<br>More information about YouTube's privacy policy can be found here <a href=\"https:\/\/policies.google.com\/privacy?hl=en&amp;gl=en\" target=\"_blank\" rel=\"nofollow\">Google - Privacy &amp; Terms<\/a>.<\/p> <p><label><input type=\"checkbox\" name=\"unblockAll\" value=\"1\" checked> Do not block YouTube videos in the future anymore.<\/label> <a role=\"button\" data-borlabs-cookie-unblock>Load video<\/a><\/p> <\/div> <\/div><\/div>\n","protected":false},"excerpt":{"rendered":"<p>Le nouveau chateau de Berlin &#8211; Une vision virtuelle de 2015<\/p>\n","protected":false},"author":1,"featured_media":0,"parent":546939,"menu_order":66,"comment_status":"closed","ping_status":"closed","template":"","meta":{"_acf_changed":false,"footnotes":""},"class_list":["post-546957","page","type-page","status-publish","hentry"],"acf":[],"_links":{"self":[{"href":"https:\/\/berliner-schloss.de\/fr\/wp-json\/wp\/v2\/pages\/546957","targetHints":{"allow":["GET"]}}],"collection":[{"href":"https:\/\/berliner-schloss.de\/fr\/wp-json\/wp\/v2\/pages"}],"about":[{"href":"https:\/\/berliner-schloss.de\/fr\/wp-json\/wp\/v2\/types\/page"}],"author":[{"embeddable":true,"href":"https:\/\/berliner-schloss.de\/fr\/wp-json\/wp\/v2\/users\/1"}],"replies":[{"embeddable":true,"href":"https:\/\/berliner-schloss.de\/fr\/wp-json\/wp\/v2\/comments?post=546957"}],"version-history":[{"count":1,"href":"https:\/\/berliner-schloss.de\/fr\/wp-json\/wp\/v2\/pages\/546957\/revisions"}],"predecessor-version":[{"id":550353,"href":"https:\/\/berliner-schloss.de\/fr\/wp-json\/wp\/v2\/pages\/546957\/revisions\/550353"}],"up":[{"embeddable":true,"href":"https:\/\/berliner-schloss.de\/fr\/wp-json\/wp\/v2\/pages\/546939"}],"wp:attachment":[{"href":"https:\/\/berliner-schloss.de\/fr\/wp-json\/wp\/v2\/media?parent=546957"}],"curies":[{"name":"wp","href":"https:\/\/api.w.org\/{rel}","templated":true}]}}