{"id":546955,"date":"2014-10-07T09:40:57","date_gmt":"2014-10-07T07:40:57","guid":{"rendered":"http:\/\/berliner-schloss.de\/?page_id=546955"},"modified":"2015-02-13T15:44:14","modified_gmt":"2015-02-13T15:44:14","slug":"collaboration-avec-les-tailleurs-de-pierre","status":"publish","type":"page","link":"https:\/\/berliner-schloss.de\/fr\/chateau-contemporain-humboldt-forum\/collaboration-avec-les-tailleurs-de-pierre\/","title":{"rendered":"Collaboration avec les tailleurs de pierre"},"content":{"rendered":"<div class=\"wpb-content-wrapper\"><p>[vc_row][vc_column][vc_column_text]<\/p>\n<h1>Des compagnons apprentis pour le ch\u00e2teau !<\/h1>\n<p>Le soutien de notre projet \u00e0 travers toute l\u2019Allemagne par des tailleurs et sculpteurs de pierre d\u00e9j\u00e0 depuis 2006 !<br \/>\n(Lien en allemand vers le centre des tailleurs et sculpteurs de pierre <a href=\"http:\/\/www.steinmetzzentrum.de\/\">http:\/\/www.steinmetzzentrum.de\/\u00a0<\/a>)<br \/>\nCi-dessous le compte-rendu de la journ\u00e9e pr\u00e9sent\u00e9 sur le site du centre de tailleurs de pierre de K\u00f6nigslutter pr\u00e8s de Braunschweig :<br \/>\n<strong><br \/>\nCh\u00e2teau de Berlin<\/strong><\/p>\n<p>Le 6 mai 2006 a eu lieu au centre des tailleurs et sculpteurs de pierre de K\u00f6nigslutter en Basse-Saxe une journ\u00e9e d\u2019information sur le ch\u00e2teau de Berlin.<br \/>\nLes apprentis veulent participer \u00e0 la reconstruction du ch\u00e2teau et se sont d\u00fbment inform\u00e9s sur l\u2019avanc\u00e9e des \u00e9tudes du projet, en particulier sur les pierres \u00e0 travailler. Suite \u00e0 la pr\u00e9sentation du projet par Wilhelm von Boddien, secr\u00e9taire g\u00e9n\u00e9ral de l\u2019association F\u00f6rderverein Berliner Schloss e.V., les jeunes apprentis se sont engag\u00e9s \u00e0 r\u00e9aliser avec leurs enseignants 15 balustres en pierre (environ 104cm de hauteur, 30x30cm de coupe transversale) pour le ch\u00e2teau de Berlin au centre de tailleurs de pierre de K\u00f6nigslutter. Ces \u00e9l\u00e9ments doivent servir de mod\u00e8les d\u2019exposition avant d\u2019\u00eatre int\u00e9gr\u00e9s \u00e0 la fa\u00e7ade du ch\u00e2teau \u00e0 pr\u00e8s de 30m de hauteur.[\/vc_column_text][vc_row_inner][vc_column_inner width=&#8221;1\/2&#8243;][vc_single_image image=&#8221;550072&#8243; alignment=&#8221;center&#8221; border_color=&#8221;grey&#8221; img_link_large=&#8221;yes&#8221; img_link_target=&#8221;_self&#8221; img_size=&#8221;full&#8221;][\/vc_column_inner][vc_column_inner width=&#8221;1\/2&#8243;][vc_column_text]3,5 tonnes de gr\u00e8s dit de REINHARTSDORF, Saxe ont \u00e9t\u00e9 remis par Wilhelm von Boddien sur le lieu de travail du centre de formation (en arri\u00e8re-plan le camion livrant les blocs de pierre). Les 60 apprentis pr\u00e9sents et leurs enseignants se disent pr\u00eats \u00e0 travailler \u00e0 cet int\u00e9ressant projet du ch\u00e2teau..[\/vc_column_text][\/vc_column_inner][\/vc_row_inner][vc_row_inner][vc_column_inner width=&#8221;1\/2&#8243;][vc_single_image image=&#8221;550071&#8243; alignment=&#8221;center&#8221; border_color=&#8221;grey&#8221; img_link_large=&#8221;yes&#8221; img_link_target=&#8221;_self&#8221; img_size=&#8221;full&#8221;][\/vc_column_inner][vc_column_inner width=&#8221;1\/2&#8243;][vc_column_text]Echanges de qualit\u00e9 avec les jeunes apprentis tailleurs et sculpteurs de pierre.<\/p>\n<p>de g. \u00e0 d. Olaf Bunger, ma\u00eetre d\u2019ouvrage enseignant du centre de formation et Wilhelm von Boddien.[\/vc_column_text][\/vc_column_inner][\/vc_row_inner][vc_row_inner][vc_column_inner width=&#8221;1\/2&#8243;][vc_single_image image=&#8221;550070&#8243; alignment=&#8221;center&#8221; border_color=&#8221;grey&#8221; img_link_large=&#8221;yes&#8221; img_link_target=&#8221;_self&#8221; img_size=&#8221;full&#8221;][\/vc_column_inner][vc_column_inner width=&#8221;1\/2&#8243;][vc_column_text]Le dessin technique d\u2019un balustre est pr\u00e9sent\u00e9 ainsi que les \u00e9tapes de travail.<br \/>\nde g. \u00e0 d. Wilhelm von Boddien, Carlo Wloch (sculpteur de pierre de Berlin) et Reiner Flassig (directeur du centre de formation)[\/vc_column_text][\/vc_column_inner][\/vc_row_inner][vc_row_inner][vc_column_inner width=&#8221;1\/2&#8243;][vc_single_image image=&#8221;550073&#8243; alignment=&#8221;center&#8221; border_color=&#8221;grey&#8221; img_link_large=&#8221;yes&#8221; img_link_target=&#8221;_self&#8221; img_size=&#8221;full&#8221;][\/vc_column_inner][vc_column_inner width=&#8221;1\/2&#8243;][vc_column_text]A la fin de cette journ\u00e9e d\u2019information, tous se sont rassembl\u00e9s devant les blocs de pierre. Les 60 apprentis ne logeaient pas sur la photo. Ils sont fiers de r\u00e9aliser dans un premier temps ces 15 balustres pour le ch\u00e2teau. Ils pos\u00e8rent de nombreuses questions sur les ouvrages de compagnons et de ma\u00eetres.[\/vc_column_text][\/vc_column_inner][\/vc_row_inner][vc_column_text]<strong>Un immense engagement:<\/strong><\/p>\n<p>Par les questions pos\u00e9es lors de cette journ\u00e9e d\u2019information du 6 mai 2006, les apprentis pr\u00e9sents soulignent que leurs ouvrages doivent \u00eatre la preuve que non seulement il y a assez de professionnels qualifi\u00e9s et bien form\u00e9s pour la reconstruction du ch\u00e2teau de Berlin mais aussi que le chantier du ch\u00e2teau de Berlin participe \u00e0 la cr\u00e9ation d\u2019emploi et de places en apprentissage dans cet artisanat traditionnel.<br \/>\n15 balustres en pierre de la cour de Schl\u00fcter ont depuis \u00e9t\u00e9 r\u00e9alis\u00e9s par les apprentis de plusieurs ateliers. Ce n\u2019est que le d\u00e9but de la fabrication des \u00e9l\u00e9ments en gr\u00e8s de Reinhartsdorf, extraits des carri\u00e8res saxonnes, des fa\u00e7ades du ch\u00e2teau. Les apprentis tailleurs et sculpteurs de pierre veulent continuer \u00e0 r\u00e9aliser des ouvrages de compagnons et de ma\u00eetres pour le ch\u00e2teau de Berlin. Le financement des mat\u00e9riaux de travail et les co\u00fbts de transports sont pris en charge par l\u2019association. Les apprentis s\u2019engagent sans r\u00e9mun\u00e9ration dans leur travail !<br \/>\nLes entreprises allemandes de taillage et de sculpture de pierre recherchent toujours de nouveaux contrats. Quand il y a des commandes, des places en apprentissage sont attribu\u00e9es . Et dans ce cas, le travail est d\u2019autant plus qualifiant et int\u00e9ressant !<\/p>\n<p><strong>A l\u2019initiative de l\u2019association F\u00f6rderverein Berliner Schloss e.V . et du centre de formation des tailleurs de pierre, une remarquable collaboration est n\u00e9e dans l\u2019int\u00e9r\u00eat des deux partenaires. Chacun y trouve son compte, c\u2019est remarquable !<\/strong>[\/vc_column_text][\/vc_column][\/vc_row]<\/p>\n<\/div>","protected":false},"excerpt":{"rendered":"<p>Le soutien des tailleurs et sculpteurs de pierre d<\/p>\n","protected":false},"author":1,"featured_media":0,"parent":546939,"menu_order":65,"comment_status":"closed","ping_status":"closed","template":"","meta":{"_acf_changed":false,"footnotes":""},"class_list":["post-546955","page","type-page","status-publish","hentry"],"acf":[],"_links":{"self":[{"href":"https:\/\/berliner-schloss.de\/fr\/wp-json\/wp\/v2\/pages\/546955","targetHints":{"allow":["GET"]}}],"collection":[{"href":"https:\/\/berliner-schloss.de\/fr\/wp-json\/wp\/v2\/pages"}],"about":[{"href":"https:\/\/berliner-schloss.de\/fr\/wp-json\/wp\/v2\/types\/page"}],"author":[{"embeddable":true,"href":"https:\/\/berliner-schloss.de\/fr\/wp-json\/wp\/v2\/users\/1"}],"replies":[{"embeddable":true,"href":"https:\/\/berliner-schloss.de\/fr\/wp-json\/wp\/v2\/comments?post=546955"}],"version-history":[{"count":2,"href":"https:\/\/berliner-schloss.de\/fr\/wp-json\/wp\/v2\/pages\/546955\/revisions"}],"predecessor-version":[{"id":550355,"href":"https:\/\/berliner-schloss.de\/fr\/wp-json\/wp\/v2\/pages\/546955\/revisions\/550355"}],"up":[{"embeddable":true,"href":"https:\/\/berliner-schloss.de\/fr\/wp-json\/wp\/v2\/pages\/546939"}],"wp:attachment":[{"href":"https:\/\/berliner-schloss.de\/fr\/wp-json\/wp\/v2\/media?parent=546955"}],"curies":[{"name":"wp","href":"https:\/\/api.w.org\/{rel}","templated":true}]}}