{"id":546953,"date":"2014-10-07T09:39:07","date_gmt":"2014-10-07T07:39:07","guid":{"rendered":"http:\/\/berliner-schloss.de\/?page_id=546953"},"modified":"2015-06-05T12:10:43","modified_gmt":"2015-06-05T12:10:43","slug":"concept-dutilisation","status":"publish","type":"page","link":"https:\/\/berliner-schloss.de\/fr\/chateau-contemporain-humboldt-forum\/concept-dutilisation\/","title":{"rendered":"Concept d&#8217;utilisation"},"content":{"rendered":"<h1><b>Humboldt-Forum &#8211; le centre de Berlin est red\u00e9fini <\/b><\/h1>\n<p>L<a href=\"http:\/\/berliner-schloss.de\/wp-content\/uploads\/20070307200436.jpg\"><img loading=\"lazy\" decoding=\"async\" class=\"size-medium wp-image-9561 alignright\" src=\"http:\/\/berliner-schloss.de\/wp-content\/uploads\/20070307200436-300x202.jpg\" alt=\"20070307200436\" width=\"250\" height=\"169\" \/><\/a>e 4 juillet 2002, le Bundestag a ent\u00e9rin\u00e9 un nouveau concept innovateur pour l\u2019am\u00e9nagement du centre de Berlin. Il pr\u00e9voit un concept d\u2019utilisation commun de l\u2019\u00eele aux mus\u00e9es et du ch\u00e2teau, qui doivent \u00eatre parfaitement compl\u00e9mentaires entre eux.<\/p>\n<p>Par la suite, en avril 2007, le gouvernement allemand a pris la d\u00e9cision de concr\u00e9tiser la reconstruction du ch\u00e2teau de Berlin comme centre des cultures sous le nom de &#8220;Humboldt-Forum&#8221; d&#8217;ici 2014. Il rend hommage \u00e0 Wilhelm et Alexander von Humboldt\u00a0 qui ont influenc\u00e9 l\u2019essor des sciences humaines en Prusse au d\u00e9but du XIXe s., Wilhelm comme fondateur de l\u2019universit\u00e9 de Berlin et auteur de la formation scolaire classique en Prusse et Alexander comme explorateur des mondes extra-europ\u00e9ens en Am\u00e9rique et Asie.<br \/>\nLe concours d\u2019architectes a eu lieu en 2008 et fut clos le 28 novembre.<\/p>\n<h2><b><br \/>\nMus\u00e9e des arts extra-europ\u00e9ens<\/b><\/h2>\n<p>Sur le site d\u2019origine, en face de l\u2019\u00eele aux mus\u00e9es d\u00e9di\u00e9 \u00e0 Wilhelm v. Humboldt qui regroupe les collections europ\u00e9ennes provenant des plus anciennes civilisations d\u2019Asie Mineure et d\u2019Egypte jusqu\u2019aux \u0153uvres extraordinaires du XIX\u00e8me si\u00e8cle, doit se reformer sous le nom de \u201eHumboldt-Forum\u201d l\u2019id\u00e9e originale de faire du centre de Berlin une \u201eplace libre des Arts, des Sciences et de la Communication\u201d. Elle sera d\u00e9di\u00e9e \u00e0 Alexander v. Humboldt.<\/p>\n<p>Au coeur de ce projet se trouve la transformation de la zone du ch\u00e2teau et de l\u2019\u00eele aux mus\u00e9es en un lieu international des arts et cultures europ\u00e9ennes et extra europ\u00e9ennes ainsi que des sciences. Ce centre de conf\u00e9rences et de s\u00e9minaires de qualit\u00e9 permet de d\u00e9velopper la communication de ce projet et reste \u00e0 la disposition de tous les dirigeants et de la population pour satisfaire leur soif d\u2019informations.<\/p>\n<p>Le Mus\u00e9e d\u2019ethnologie avec les arts et les civilisations d\u2019Afrique, des Am\u00e9riques et d\u2019Oc\u00e9anie\u00a0 et le Mus\u00e9e des arts d\u2019Extr\u00eame-Orient vont d\u00e9m\u00e9nager de Dahlem pour le ch\u00e2teau. Leurs\u00a0 collections vont s\u2019associer aux collections scientifiques de la Humboldt Universit\u00e4t et l\u2019inventaire de litt\u00e9rature extra europ\u00e9enne de la biblioth\u00e8que centrale et r\u00e9gionale de Berlin en un forum universel de la curiosit\u00e9 et de la connaissance du monde.<\/p>\n<p>La formule magique en sera:\u00a0\u00ab <b><span style=\"text-decoration: underline;\">le monde au centre de Berlin<\/span><\/b> \u00bb.<\/p>\n<p><a href=\"http:\/\/berliner-schloss.de\/wp-content\/uploads\/20041205183358.jpg\"><img loading=\"lazy\" decoding=\"async\" class=\"alignnone size-medium wp-image-9405\" src=\"http:\/\/berliner-schloss.de\/wp-content\/uploads\/20041205183358-190x300.jpg\" alt=\"20041205183358\" width=\"138\" height=\"219\" \/><\/a> <a href=\"http:\/\/berliner-schloss.de\/wp-content\/uploads\/20041205183312.jpg\"><img loading=\"lazy\" decoding=\"async\" class=\"alignnone size-medium wp-image-9404\" src=\"http:\/\/berliner-schloss.de\/wp-content\/uploads\/20041205183312-228x300.jpg\" alt=\"20041205183312\" width=\"165\" height=\"218\" \/><\/a><\/p>\n<p>L\u2019origine des <i>Staatlichen Museen zu Berlin<\/i>, \u00a0Mus\u00e9es nationaux de Berlin, issus des cabinets de curiosit\u00e9 du seul ch\u00e2teau et de la transposition r\u00e9ussie au XIXe s.de l\u2019\u00eele aux mus\u00e9es en une \u00abplace libre des arts et sciences\u00a0\u00bb. La situation actuelle du site du ch\u00e2teau est une place vide au milieu d\u2019un r\u00e9seau des sciences (Humboldt-Universit\u00e4t, Biblioth\u00e8que nationale), des arts \u00a0(\u00eele aux Mus\u00e9es, \u00e9glise de Friedrichswerder, et l\u2019acad\u00e9mie de l\u2019architecture Bauakademie aujourd\u2019hui disparue) et de la politique (Minist\u00e8re des Affaires \u00e9trang\u00e8res, l\u2019h\u00f4tel de ville <i>Rotes Rathaus<\/i>, et le mus\u00e9e d\u2019histoire allemande).<\/p>\n<p>Gr\u00e2ce \u00e0 un programme d\u2019exposition flexible et interactif en compl\u00e9ment des actuelles collections europ\u00e9ennes de l\u2019\u00eele aux mus\u00e9es, les collections extra europ\u00e9ennes des Mus\u00e9es Nationaux de Berlin vont renforcer l\u2019id\u00e9e de mus\u00e9e universel.<\/p>\n<p><a href=\"http:\/\/berliner-schloss.de\/wp-content\/uploads\/20041205183449.jpg\"><img loading=\"lazy\" decoding=\"async\" class=\"size-medium wp-image-9406 alignleft\" src=\"http:\/\/berliner-schloss.de\/wp-content\/uploads\/20041205183449-300x231.jpg\" alt=\"20041205183449\" width=\"184\" height=\"142\" \/><\/a>\u00a0\u00a0\u00a0\u00a0\u00a0\u00a0 <a href=\"http:\/\/berliner-schloss.de\/wp-content\/uploads\/20021121142916.jpg\"><img loading=\"lazy\" decoding=\"async\" src=\"http:\/\/berliner-schloss.de\/wp-content\/uploads\/20021121142916.jpg\" alt=\"20021121142916\" width=\"280\" height=\"138\" \/><\/a><br \/>\nLes sujets s\u2019\u00e9tendent des \u00ab palais et ch\u00e2teaux \u00bb d\u2019Afrique, d\u2019Am\u00e9rique Centrale et d\u2019Asie, les images des hommes des continents, jusqu\u2019au mythe \u00ab extra europ\u00e9en \u00bb, son histoire et son avenir. Les mus\u00e9es, leurs tr\u00e9sors, leurs chefs d\u2019\u0153uvre et l\u2019\u00e2me des collections occupent ici une place centrale.<\/p>\n<p>Le Mus\u00e9e d\u2019ethnologie avec plus de 500.000 objets, photos, films et prises de son. Le mus\u00e9e des arts d\u2019Extr\u00eame-Orient avec ses collections sur les r\u00e9gions de la Route de la soie, du subcontinent indien et de l\u2019Asie du Sud-Est regroupant des chefs d\u2019\u0153uvre d\u2019Indochine, de Chine, du Japon et de Cor\u00e9e. Dans cette vision du mus\u00e9e, le rapport aux collections europ\u00e9ennes de l\u2019\u00eele des mus\u00e9es est toujours pr\u00e9sent. Les deux complexes mus\u00e9ologiques donnent naissance \u00e0 une identit\u00e9 intellectuelle de mus\u00e9e universel qui fera se rencontrer \u00e0 l\u2019avenir les arts et les cultures du monde entier en un seul lieu au centre de Berlin. Le <i>masterplan<\/i> de l\u2019\u00eele des mus\u00e9es et celui du site du ch\u00e2teau forment ainsi une unit\u00e9 intellectuelle.<\/p>\n<h2 align=\"left\"><strong>Un mus\u00e9e des sciences<\/strong><\/h2>\n<p><a title=\"salle de lecture de la biblioth\u00e8que\" href=\"http:\/\/berliner-schloss.de\/wp-content\/uploads\/20021121142942.jpg\"><img loading=\"lazy\" decoding=\"async\" title=\"salle de lecture de la biblioth\u00e8que\" src=\"http:\/\/berliner-schloss.de\/wp-content\/themes\/hybrid_berlinerschloss\/includes\/timthumb.php?src=http:\/\/berliner-schloss.de\/wp-content\/uploads\/20021121142942.jpg&amp;h=76px&amp;w=155px&amp;zc=1\" alt=\"salle de lecture de la biblioth\u00e8que\" width=\"234\" height=\"114\" align=\"none\" \/><\/a><\/p>\n<p>Les sciences et les arts ont toujours \u00e9t\u00e9 des domaines de pr\u00e9dilection en Prusse car le pays ne disposant pas de ressources naturelles d\u00e9pend du savoir-faire de sa population. La Humboldt Universit\u00e4t cr\u00e9\u00e9e en 1810 a ses racines dans la soci\u00e9t\u00e9 Leibniz et dans l\u2019acad\u00e9mie des Sciences remontant \u00e0 l\u2019\u00e9poque de Fr\u00e9d\u00e9ric Ier (1701-1713). Apr\u00e8s l\u2019\u00e9dit de tol\u00e9rance de Postdam en 1685 des r\u00e9fugi\u00e9s de nombreux pays d\u2019Europe sont venus s\u2019installer \u00e0 Berlin : des Calvinistes, des Huguenots, des Juifs, des Salzbourgeois\u2026 Ils \u00e9taient pers\u00e9cut\u00e9s dans leur r\u00e9gion d\u2019origine ; ils firent profiter de leurs savoirs \u00e0 la Prusse qui put dominer l\u2019Europe en mati\u00e8re d\u2019innovation scientifique. L\u2019apog\u00e9e se trouve au d\u00e9but du XXe alors que la plupart des d\u00e9tenteurs des grands prix Nobel habitait et travaillait \u00e0 Berlin. L\u2019universit\u00e9 de Harvard \u00e0 Boston aux Etats-Unis r\u00e9cup\u00e9ra ce r\u00f4le quand ils durent s\u2019exiler devant la mont\u00e9e du nazisme en 1933.<\/p>\n<h2><b>La biblioth\u00e8que centrale et r\u00e9gionale de Berlin<\/b><\/h2>\n<p>Dans l\u2019ensemble le Humboldt Forum est une infrastructure ouverte au public, un signal fort du nouveau partenariat des Mus\u00e9es Nationaux de Berlin, la Humboldt Universit\u00e4t et la Biblioth\u00e8que r\u00e9gionale Zentral- und Landesbibliothek Berlin.<\/p>\n<p>Le Humboldt-Forum prend une longueur d\u2019avance dans le d\u00e9bat sur l\u2019avenir du d\u00e9veloppement intellectuel dans la mondialisation sur les arts, les cultures et sciences extra europ\u00e9ennes : <b><span style=\"text-decoration: underline;\">interdisciplinarit\u00e9, internationalisme et accessibilit\u00e9 pour tous.<\/span><\/b><\/p>\n<p>Ainsi l\u2019Allemagne a une capitale\u00a0 dont le centre est d\u00e9di\u00e9 aux connaissances du pass\u00e9 et du futur. Cette vision du nouveau Berlin est une m\u00e9tropole du rapprochement des peuples par l\u2019art, la culture et les sciences. Ceci forme une partie essentielle du discours-programme de ce \u00ab <i>Forum Neue Mitte Berlin<\/i> du Humboldt-Forum. Ainsi un centre d\u00e9truit par la guerre et le libre-arbitre politique d\u2019une capitale culturelle europ\u00e9enne sera r\u00e9tablie.<\/p>\n<p>Sous le nom d\u2019<i>Agora<\/i> sont int\u00e9gr\u00e9s dans le Humboldt Forum des salles de conf\u00e9rence \u00e0 multiples facettes\u00a0; ainsi sera form\u00e9 un lieu international extraordinaire de rencontre et de discussion des cultures mondiales.<\/p>\n","protected":false},"excerpt":{"rendered":"<p>Le centre de Berlin prend un nouveau visage : le &amp;<\/p>\n","protected":false},"author":1,"featured_media":0,"parent":546939,"menu_order":64,"comment_status":"closed","ping_status":"closed","template":"","meta":{"_acf_changed":false,"footnotes":""},"class_list":["post-546953","page","type-page","status-publish","hentry"],"acf":[],"_links":{"self":[{"href":"https:\/\/berliner-schloss.de\/fr\/wp-json\/wp\/v2\/pages\/546953","targetHints":{"allow":["GET"]}}],"collection":[{"href":"https:\/\/berliner-schloss.de\/fr\/wp-json\/wp\/v2\/pages"}],"about":[{"href":"https:\/\/berliner-schloss.de\/fr\/wp-json\/wp\/v2\/types\/page"}],"author":[{"embeddable":true,"href":"https:\/\/berliner-schloss.de\/fr\/wp-json\/wp\/v2\/users\/1"}],"replies":[{"embeddable":true,"href":"https:\/\/berliner-schloss.de\/fr\/wp-json\/wp\/v2\/comments?post=546953"}],"version-history":[{"count":1,"href":"https:\/\/berliner-schloss.de\/fr\/wp-json\/wp\/v2\/pages\/546953\/revisions"}],"predecessor-version":[{"id":550775,"href":"https:\/\/berliner-schloss.de\/fr\/wp-json\/wp\/v2\/pages\/546953\/revisions\/550775"}],"up":[{"embeddable":true,"href":"https:\/\/berliner-schloss.de\/fr\/wp-json\/wp\/v2\/pages\/546939"}],"wp:attachment":[{"href":"https:\/\/berliner-schloss.de\/fr\/wp-json\/wp\/v2\/media?parent=546953"}],"curies":[{"name":"wp","href":"https:\/\/api.w.org\/{rel}","templated":true}]}}