{"id":546931,"date":"2014-10-07T09:20:07","date_gmt":"2014-10-07T07:20:07","guid":{"rendered":"http:\/\/berliner-schloss.de\/?page_id=546931"},"modified":"2014-10-07T09:20:07","modified_gmt":"2014-10-07T07:20:07","slug":"le-boulanger-schnell-sassocie-a-nous","status":"publish","type":"page","link":"https:\/\/berliner-schloss.de\/fr\/partenaires-du-chateau\/le-boulanger-schnell-sassocie-a-nous\/","title":{"rendered":"Le boulanger Schnell s&#039;associe \u00e0 nous!"},"content":{"rendered":"<h1>Un ch\u00e2teau pour tous!\u00a0<\/h1>\n<p style=\"text-align: center\"><a title=\"Le boulanger Schnell s'associe \u00e0 nous!\" href=\"http:\/\/berliner-schloss.de\/wp-content\/uploads\/20051018195848.jpg\"><img loading=\"lazy\" decoding=\"async\" class=\"aligncenter\" src=\"http:\/\/berliner-schloss.de\/wp-content\/themes\/hybrid_berlinerschloss\/includes\/timthumb.php?src=http:\/\/berliner-schloss.de\/wp-content\/uploads\/20051018195848.jpg&amp;h=80px&amp;w=155px&amp;zc=1\" alt=\"\" width=\"155\" height=\"80\" align=\"none\" \/><\/a><\/p>\n<p><strong>L&#8217;entreprise Torsten Schnell GmbH, la boulangerie berlinoise, participe!<\/strong><\/p>\n<table style=\"width: 398px;height: 143px\" border=\"0\" cellspacing=\"2\" cellpadding=\"2\" align=\"center\">\n<tbody>\n<tr>\n<td style=\"width: 201px;height: 137px\"><a title=\"Torsten Schnell\" href=\"http:\/\/berliner-schloss.de\/wp-content\/uploads\/tschnell_portrait.gif\"><img decoding=\"async\" title=\"Torsten Schnell\" src=\"http:\/\/berliner-schloss.de\/wp-content\/themes\/hybrid_berlinerschloss\/includes\/timthumb.php?src=http:\/\/berliner-schloss.de\/wp-content\/uploads\/tschnell_portrait.gif&amp;h=156px&amp;w=200px&amp;zc=1\" alt=\"Torsten Schnell\" align=\"none\" \/><\/a><\/td>\n<td><a title=\"Anett Schnell\" href=\"http:\/\/berliner-schloss.de\/wp-content\/uploads\/aschnell_portrait.gif\"><img decoding=\"async\" title=\"Anett Schnell\" src=\"http:\/\/berliner-schloss.de\/wp-content\/themes\/hybrid_berlinerschloss\/includes\/timthumb.php?src=http:\/\/berliner-schloss.de\/wp-content\/uploads\/aschnell_portrait.gif&amp;h=156px&amp;w=200px&amp;zc=1\" alt=\"Anett Schnell\" align=\"none\" \/><\/a><\/td>\n<\/tr>\n<\/tbody>\n<\/table>\n<p>La fameuse enseigne de boulangerie berlinoise Schnell se met au service de la reconstruction du ch\u00e2teau de Berlin.<\/p>\n<p>Elle fut cr\u00e9\u00e9e \u00e0 Berlin-Est apr\u00e8s la &#8220;r\u00e9unification&#8221; de 1990. L&#8217;engagement du jeune couple Torsten et Anett Schnell, leur comp\u00e9tence dans la fabrication (Ma\u00eetre Schnell fait toujours lui-m\u00eame le pain qu&#8217;il commercialise!) et l&#8217;exceptionnelle qualit\u00e9 de leurs produits, le tout valoris\u00e9 par de croustillantes id\u00e9es Marketing, ont permis \u00e0 cette entreprise de prosp\u00e9rer tant \u00e0 Berlin-Ouest qu&#8217;\u00e0 Berlin-Est.<\/p>\n<p style=\"text-align: center\"><a title=\"la poche \u00e0 l'effigie du ch\u00e2teau\" href=\"http:\/\/berliner-schloss.de\/wp-content\/uploads\/20051018191734.jpg\"><img loading=\"lazy\" decoding=\"async\" class=\"aligncenter\" title=\"la poche \u00e0 l'effigie du ch\u00e2teau\" src=\"http:\/\/berliner-schloss.de\/wp-content\/themes\/hybrid_berlinerschloss\/includes\/timthumb.php?src=http:\/\/berliner-schloss.de\/wp-content\/uploads\/20051018191734.jpg&amp;h=169px&amp;w=146px&amp;zc=1\" alt=\"la poche \u00e0 l'effigie du ch\u00e2teau\" width=\"146\" height=\"169\" align=\"none\" \/><\/a><\/p>\n<p>Maintenant les Schnell tiennent 40 filiales au compteur, des boutiques modernes et amicales dans lesquelles on en a l&#8217;eau \u00e0 la bouche d\u00e8s qu&#8217;on y rentre.<\/p>\n<p style=\"text-align: center\"><img loading=\"lazy\" decoding=\"async\" id=\"hs\" class=\"aligncenter\" style=\"border: 0pt none\" src=\"http:\/\/berliner-schloss.de\/wp-content\/uploads\/20051018191538.jpg\" alt=\"le pain &quot;Berliner Schloss&quot; en boite, qui se conserve bien\" width=\"155\" height=\"166\" border=\"0\" \/><\/p>\n<p>Aujourd&#8217;hui cette entreprise aide \u00e0 la reconstruction du ch\u00e2teau de Berlin. A cet effet des produits sp\u00e9ciaux sont con\u00e7us comme cette tourte, un pain complet aromatis\u00e9.<\/p>\n<table style=\"width: 500px;height: 131px\" border=\"0\" cellspacing=\"2\" cellpadding=\"2\" align=\"center\">\n<tbody>\n<tr>\n<td><img loading=\"lazy\" decoding=\"async\" id=\"hs\" src=\"http:\/\/berliner-schloss.de\/wp-content\/uploads\/20051018202753.jpg\" alt=\"Berliner Schloss-Krustenbrot so die Schloss-Kruste, ein kr\u00e4ftiges, aromatisches Brot\" width=\"155\" height=\"133\" border=\"0\" \/><\/td>\n<td><img loading=\"lazy\" decoding=\"async\" id=\"hs\" src=\"http:\/\/berliner-schloss.de\/wp-content\/uploads\/20051018195941.jpg\" alt=\"Berliner-Schloss-Torte\" width=\"155\" height=\"134\" border=\"0\" \/><\/td>\n<\/tr>\n<\/tbody>\n<\/table>\n<p>&nbsp;<\/p>\n<p align=\"left\">Et comme cette tarte &#8220;Berliner Schloss&#8221;, \u00e0 la cr\u00e8me de noisettes et aux fruits qui promet une pause caf\u00e9 d\u00e9lectable..<\/p>\n<p style=\"text-align: center\"><img loading=\"lazy\" decoding=\"async\" id=\"hs\" class=\"aligncenter\" style=\"border: 0pt none\" src=\"http:\/\/berliner-schloss.de\/wp-content\/uploads\/20051018191618.jpg\" alt=\"Schloss-Dinkel-Zwiebel-Kr\u00fcstchen\" width=\"155\" height=\"195\" border=\"0\" \/><\/p>\n<p>&nbsp;<\/p>\n<p>Celui qui pr\u00e9f\u00e8re quelque chose de plus nourrissant, appr\u00e9ciera s\u00fbrement ces petits g\u00e2teaux!<br \/>Schloss-Dinkel-Zwiebel-Kr\u00fcstchen<\/p>\n<p>Et quelques centimes de chacune de ces gourmandises reviendront au ch\u00e2teau sans que les prix propos\u00e9s ne soient augment\u00e9s. D&#8217;autre part des exemplaires de notre &#8220;Berliner Extrablatt&#8221; seront mis \u00e0 le disposition de nos clients avec une tirelire pour faire un nouveau petit don. Nous sommes r\u00e9ellement satisfaits de cette collaboration et remercions chaleureusement le couple Schnell et tous leurs employ\u00e9s.\u00a0Si vous voulez de plus amples renseignements, cliquez sur ce lien (en allemand) : <br \/>Link zur B\u00e4ckerei Schnell<\/p>\n<p>Peut-\u00eatre que cet exemple vous donne aussi envie de faire de la publicit\u00e9 en faveur de la reconstuction du ch\u00e2teau au sein de votre entreprise!)<\/p>\n","protected":false},"excerpt":{"rendered":"<p>Le boulanger Schnell s&#8217;associe \u00e0 nous!<\/p>\n","protected":false},"author":1,"featured_media":0,"parent":546926,"menu_order":48,"comment_status":"closed","ping_status":"closed","template":"","meta":{"_acf_changed":false,"footnotes":""},"class_list":["post-546931","page","type-page","status-publish","hentry"],"acf":[],"_links":{"self":[{"href":"https:\/\/berliner-schloss.de\/fr\/wp-json\/wp\/v2\/pages\/546931","targetHints":{"allow":["GET"]}}],"collection":[{"href":"https:\/\/berliner-schloss.de\/fr\/wp-json\/wp\/v2\/pages"}],"about":[{"href":"https:\/\/berliner-schloss.de\/fr\/wp-json\/wp\/v2\/types\/page"}],"author":[{"embeddable":true,"href":"https:\/\/berliner-schloss.de\/fr\/wp-json\/wp\/v2\/users\/1"}],"replies":[{"embeddable":true,"href":"https:\/\/berliner-schloss.de\/fr\/wp-json\/wp\/v2\/comments?post=546931"}],"version-history":[{"count":0,"href":"https:\/\/berliner-schloss.de\/fr\/wp-json\/wp\/v2\/pages\/546931\/revisions"}],"up":[{"embeddable":true,"href":"https:\/\/berliner-schloss.de\/fr\/wp-json\/wp\/v2\/pages\/546926"}],"wp:attachment":[{"href":"https:\/\/berliner-schloss.de\/fr\/wp-json\/wp\/v2\/media?parent=546931"}],"curies":[{"name":"wp","href":"https:\/\/api.w.org\/{rel}","templated":true}]}}