{"id":546921,"date":"2014-10-07T09:12:36","date_gmt":"2014-10-07T07:12:36","guid":{"rendered":"http:\/\/berliner-schloss.de\/?page_id=546921"},"modified":"2015-06-16T14:11:25","modified_gmt":"2015-06-16T14:11:25","slug":"2000-2002-commission-historische-mitte-berlin","status":"publish","type":"page","link":"https:\/\/berliner-schloss.de\/fr\/debat-chateau-contre-palais\/2000-2002-commission-historische-mitte-berlin\/","title":{"rendered":"2000-2002 Commission &quot;Historische Mitte Berlin&quot;"},"content":{"rendered":"<h1>La commission internationale Historische Mitte Berlin<\/h1>\n<p>Une commission constitu\u00e9e entre autres par une d\u00e9l\u00e9gation du gouvernement f\u00e9d\u00e9ral et du S\u00e9nat de Berlin s\u2019est retrouv\u00e9e autour d\u2019une table de Novembre 2000 \u00e0 Avril 2002 pour \u00e9laborer des propositions sur l\u2019architecture, la reconstruction et l\u2019utilisation du ch\u00e2teau de Berlin.<\/p>\n<table style=\"text-align: center; width: 184px;\" border=\"0\" cellspacing=\"2\" cellpadding=\"2\" align=\"right\">\n<tbody>\n<tr valign=\"bottom\">\n<td><a title=\"Die konstituierende Sitzung der Kommission am 26.              Januar 2001 im Kabinettsaal des Staatsratsgeb\u00e4udes am              Schlossplatz\" href=\"http:\/\/berliner-schloss.de\/wp-content\/uploads\/20030226223633.jpg\"><img decoding=\"async\" title=\"Die konstituierende Sitzung der Kommission am 26.              Januar 2001 im Kabinettsaal des Staatsratsgeb\u00e4udes am              Schlossplatz\" src=\"http:\/\/berliner-schloss.de\/wp-content\/themes\/hybrid_berlinerschloss\/includes\/timthumb.php?src=http:\/\/berliner-schloss.de\/wp-content\/uploads\/20030226223633.jpg&amp;h=161px&amp;w=250px&amp;zc=1\" alt=\"Die konstituierende Sitzung der Kommission am 26.              Januar 2001 im Kabinettsaal des Staatsratsgeb\u00e4udes am              Schlossplatz\" align=\"none\" \/><\/a><\/td>\n<\/tr>\n<tr valign=\"top\">\n<td style=\"font-size: 8pt;\">Une s\u00e9ance de la commission le 26 Janvier 2001 dans la salle du cabinet du Staatsratsgeb\u00e4ude.<\/td>\n<\/tr>\n<\/tbody>\n<\/table>\n<p>En fin de compte le 17 avril 2002 la commission recommande la reconstruction des fa\u00e7ades baroques et de la cour de Schl\u00fcter du ch\u00e2teau de Berlin.<\/p>\n<p>En ce qui concerne sa fonction elle propose d\u2019utiliser le \u00ab\u00a0Humboldt Forum\u00a0\u00bb sous forme de mus\u00e9e et de constituer ainsi dans la lign\u00e9e de l\u2019\u00eele aux mus\u00e9es un ensemble de mus\u00e9es regroupant les arts du monde entier.<\/p>\n<p>En plus dans le ch\u00e2teau il y aura le plus grand et le plus beau centre de conf\u00e9rence de Berlin dit l\u2019\u201eAgora\u201d. Pour en savoir plus \u00e0 ce sujet, regardez dans le prochain menu \u00a0\u201eles concepts du ch\u00e2teau\u201d.<\/p>\n<p>La commission \u00e9tait compos\u00e9e d\u2019experts de diff\u00e9rents corps de m\u00e9tier. Leur travail \u00e9tait suivi par le pr\u00e9sident du Bundestag et par le s\u00e9nat berlinois comme par les ministres et s\u00e9nateurs r\u00e9gionaux et f\u00e9d\u00e9raux comp\u00e9tents en la mati\u00e8re.<\/p>\n<p><span style=\"text-decoration: underline;\">Responsables politiques<\/span><\/p>\n<p><strong>Wolfgang Thierse<\/strong><br \/>\n(SPD, Berlin, Pr\u00e9sident du Bundestag)<\/p>\n<p><strong>Reinhold F\u00fchrer<\/strong><br \/>\n(CDU, Berlin, Pr\u00e9sident de l\u2019assembl\u00e9e des s\u00e9nateurs de Berlin, jusqu\u2019en novembre 2001)<\/p>\n<p><strong>Walter Momper<\/strong><br \/>\n(SPD, Berlin, Pr\u00e9sident de l\u2019assembl\u00e9e des s\u00e9nateurs de Berlin \u00e0 partir de novembre 2001)<\/p>\n<p><strong>Kurt Bodewig<\/strong><br \/>\n(SPD, ministre f\u00e9d\u00e9ral pour la circulation, construction et logements)<\/p>\n<p><strong>Peter Strieder<\/strong><br \/>\n(SPD, Berlin, s\u00e9nateur pour le d\u00e9veloppement de la ville, construction, logements et circulation)<\/p>\n<p><strong>Dr. Michael Naumann<\/strong><br \/>\n(SPD, ministre adjoint \u00e0 la chancellerie f\u00e9d\u00e9rale, d\u00e9l\u00e9gu\u00e9 par le gouvernement f\u00e9d\u00e9ral \u00e0 la culture et aux m\u00e9dias, jusqu\u2019en janvier 2001)<\/p>\n<p><strong>Prof. Dr. Julian Nida-R\u00fcmelin<\/strong><br \/>\n(SPD, ministre adjoint \u00e0 la chancellerie f\u00e9d\u00e9rale, d\u00e9l\u00e9gu\u00e9 par le gouvernement f\u00e9d\u00e9ral \u00e0 la culture et aux m\u00e9dias, \u00e0 partir de janvier 2001)<\/p>\n<p><strong>Prof. Dr. Christoph St\u00f6lzl<\/strong><br \/>\n(CDU, Berlin S\u00e9nateur pour la recherche et la culture jusqu\u2019en Juin 2001)<\/p>\n<p><strong>Adrienne G\u00f6hler<\/strong><br \/>\n(sans parti , s\u00e9nateur\u00a0 pour la recherche et la culture pour B\u00fcndnis90 \/ Die Gr\u00fcnen de Juin 2001 \u00e0 Janvier 2002)<\/p>\n<p><strong>Dr. Thomas Flierl<\/strong><br \/>\n(PDS, Berlin, S\u00e9nateur pour la recherche et la culture depuis Janvier 2002)<\/p>\n<p><span style=\"text-decoration: underline;\">Commission d\u2019experts<\/span><\/p>\n<p><strong>Dr. \u00a0Hannes Swoboda<\/strong><br \/>\n(Vienne, Pr\u00e9sident, MdEP, ayant appartenu au conseil de la ville pour les travaux publics)<\/p>\n<p><strong>Roland Berger<\/strong><br \/>\n(conseiller d\u2019entreprise)<\/p>\n<p><strong>Peter Conradi, Berlin<\/strong><br \/>\n(Pr\u00e9sident de la chambre des Architectes allemands, MdB a.D., ancien porte-parole du groupe parlementaire du SPD au Bundestag en mati\u00e8re de politique de construction)<\/p>\n<p><strong>Prof. Laurenz Demps<\/strong><br \/>\n(Berlin, Historien, Humboldt Universit\u00e4t Berlin)<\/p>\n<p><strong>Prof. Dr. Helmuth Engel<\/strong><br \/>\n(Berlin, ancien conservateur r\u00e9gional)<\/p>\n<p><strong>Franziska Eichst\u00e4dt-Bohlig<\/strong><br \/>\n(MdB, porte-parole en mati\u00e8re de politique des travaux publics, B&#8217;90\/Gr\u00fcne)<\/p>\n<p><strong>Ernst Freiberger<\/strong><br \/>\n(chef d\u2019entreprise, promoteur immobilier, directeur de projet)<\/p>\n<p><strong>Bruno Flierl<\/strong><br \/>\n(Berlin, Th\u00e9oricien de l\u2019architecture)<\/p>\n<p><strong>Prof. Barbara Jakubeit<\/strong><br \/>\n(Darmstadt,\u00a0 Senatsbaudirektorin von Berlin a.D.)<\/p>\n<p><strong>Dr. Peter Klemm<\/strong><br \/>\n(ancien secr\u00e9taire d\u2019\u00e9tat au minist\u00e8re f\u00e9d\u00e9ral des finances)<\/p>\n<p><strong>Prof. Joseph Paul Kleihues<\/strong><br \/>\n(Berlin, Architecte)<\/p>\n<p><strong>Thomas Kr\u00fcger<\/strong><br \/>\n(Berlin, Directeur de la <em>Zentrale f\u00fcr politische Bildung<\/em>, ancien jeune s\u00e9nateur de Berlin)<\/p>\n<p><strong>Prof. Dr. Klaus Lehmann<\/strong><br \/>\n(Berlin, Pr\u00e9sident de la fondation pour les fonds culturels prussiens )<\/p>\n<p><strong>Vittorio E. Lampugnani<\/strong><br \/>\n(Z\u00fcrich, ancien directeur du mus\u00e9e de l\u2019architecture allemande \u00e0 Francfort)<\/p>\n<p><strong>Prof. Dr. Goerd Peschken<\/strong><br \/>\n(Berlin, historien de l\u2019architecture, Expert de Schl\u00fcter)<\/p>\n<p><strong>Jerry Speyer<\/strong><br \/>\n(New York, promoteur immobilier, directeur de projet)<\/p>\n","protected":false},"excerpt":{"rendered":"<p>La commission internationale Historische Mitte Ber<\/p>\n","protected":false},"author":1,"featured_media":0,"parent":546907,"menu_order":20,"comment_status":"closed","ping_status":"closed","template":"","meta":{"_acf_changed":false,"footnotes":""},"class_list":["post-546921","page","type-page","status-publish","hentry"],"acf":[],"_links":{"self":[{"href":"https:\/\/berliner-schloss.de\/fr\/wp-json\/wp\/v2\/pages\/546921","targetHints":{"allow":["GET"]}}],"collection":[{"href":"https:\/\/berliner-schloss.de\/fr\/wp-json\/wp\/v2\/pages"}],"about":[{"href":"https:\/\/berliner-schloss.de\/fr\/wp-json\/wp\/v2\/types\/page"}],"author":[{"embeddable":true,"href":"https:\/\/berliner-schloss.de\/fr\/wp-json\/wp\/v2\/users\/1"}],"replies":[{"embeddable":true,"href":"https:\/\/berliner-schloss.de\/fr\/wp-json\/wp\/v2\/comments?post=546921"}],"version-history":[{"count":1,"href":"https:\/\/berliner-schloss.de\/fr\/wp-json\/wp\/v2\/pages\/546921\/revisions"}],"predecessor-version":[{"id":550362,"href":"https:\/\/berliner-schloss.de\/fr\/wp-json\/wp\/v2\/pages\/546921\/revisions\/550362"}],"up":[{"embeddable":true,"href":"https:\/\/berliner-schloss.de\/fr\/wp-json\/wp\/v2\/pages\/546907"}],"wp:attachment":[{"href":"https:\/\/berliner-schloss.de\/fr\/wp-json\/wp\/v2\/media?parent=546921"}],"curies":[{"name":"wp","href":"https:\/\/api.w.org\/{rel}","templated":true}]}}