{"id":546913,"date":"2014-10-07T09:06:04","date_gmt":"2014-10-07T07:06:04","guid":{"rendered":"http:\/\/berliner-schloss.de\/?page_id=546913"},"modified":"2015-06-16T14:10:08","modified_gmt":"2015-06-16T14:10:08","slug":"pour-arguments-pour-la-reconstruction","status":"publish","type":"page","link":"https:\/\/berliner-schloss.de\/fr\/debat-chateau-contre-palais\/pour-arguments-pour-la-reconstruction\/","title":{"rendered":"POUR: Arguments pour la reconstruction"},"content":{"rendered":"<h1>Les principaux arguments pour la reconstruction du ch\u00e2teau de Berlin<\/h1>\n<p>&nbsp;<\/p>\n<p style=\"text-align: justify;\">Bien que la d\u00e9cision du Bundestag ait d\u00e9j\u00e0 \u00e9t\u00e9 prise pendant l\u2019\u00e9t\u00e9 2002, il est toujours int\u00e9ressant de conna\u00eetre les arguments POUR:<\/p>\n<p style=\"text-align: justify;\">La d\u00e9cision de construction sur la <i>Schlossplatz<\/i> est d\u2019abord influenc\u00e9e par la qualit\u00e9 architecturale du centre de Berlin ; elle donne une chance au centre de Berlin qui est actuellement un lieu de passage de devenir le vrai centre de la ville.<\/p>\n<p style=\"text-align: justify;\">Le Palais de la R\u00e9publique accentue par son isolation architecturale aujourd\u2019hui encore l\u2019amertume d\u2019un ensemble historique. Il pourrait \u00eatre r\u00e9am\u00e9nag\u00e9 dans son \u00e9tat d\u2019origine ou agrandi pour r\u00e9duire enfin ce vide b\u00e9ant du centre ; le c\u0153ur de Berlin resterait de toute fa\u00e7on difforme et incoh\u00e9rent tant que subsiste encore la vacuit\u00e9 laiss\u00e9e par le ch\u00e2teau dynamit\u00e9.\u00a0 Si l\u2019ext\u00e9rieur et l\u2019int\u00e9rieur du Palais de la R\u00e9publique sont modifi\u00e9s, celui-ci n\u2019est plus qu\u2019un quelconque b\u00e2timent moderne. Tous les arguments d\u00e9velopp\u00e9s autour de son identit\u00e9 et de son histoire deviendraient donc caduques.<\/p>\n<p style=\"text-align: justify;\">Si une construction d\u2019apparence moderne l&#8217;emporte, on en ajoute une de plus \u00e0 la douzaine d\u00e9j\u00e0 pr\u00e9sente \u00e0 Berlin. Cela ne conduirait pas \u00e0 une r\u00e9habilitation du centre historique : l\u2019architecture industrielle et la r\u00e9alisation d\u2019\u00e9difices modernes ne sont pas \u00e0 cat\u00e9goriser avec les chefs d\u2019\u0153uvre de l\u2019architecture urbaine historique, comme cela fut reconnu dans un certain nombre de villes apr\u00e8s les destructions de la guerre et la reconstruction de centre-ville moderne.<\/p>\n<p style=\"text-align: justify;\">En plus du vieillissement mat\u00e9riel d\u2019un monument historique, il y a aussi un \u00e2ge immat\u00e9riel d\u2019importance : les \u00e9difices faiseurs d\u2019identit\u00e9 scellant le caract\u00e8re d\u2019une ville ou de son environnement peuvent \u00eatre \u00e0 nouveau reconstruits d\u2019apr\u00e8s la charte de l\u2019UNESCO ; sinon ce serait la perte de leur m\u00e9moire historique. La condition sine qua non est une riche recherche documentaire qui permette une\u00a0 v\u00e9ritable copie authentique. En 1994, la conf\u00e9rence de Klagenfurt pour la protection du patrimoine europ\u00e9en demanda pour les m\u00eames raisons la reconstruction de la ville de Mostar en Bosnie-Herz\u00e9govine afin de retrouver une partie de la m\u00e9moire de l\u2019histoire europ\u00e9enne.<\/p>\n<p style=\"text-align: justify;\">Quant au ch\u00e2teau de Berlin il regroupe tous ces crit\u00e8res ; sans lui, l\u2019accession de Berlin au statut de m\u00e9tropole serait impensable. Il dominait le centre et le d\u00e9terminait. La reconstruction de ces \u00e9l\u00e9ments fondamentaux fait du centre de Berlin un chef d\u2019\u0153uvre. Il en ressort l\u2019 \u201eAth\u00e8nes sur Spree\u201d comme contrepoids aux grands quartiers modernes qui ont pris possession de la ville. Berlin retrouve son \u00e9quilibre avec la r\u00e9habilitation du vieux centre. Le nouveau ch\u00e2teau restitue le bien-fond\u00e9 des diff\u00e9rents monuments uniques en leur genre ainsi que la valeur artistique originelle de l\u2019ensemble. Il redevient comme il y a plusieurs si\u00e8cles un point de r\u00e9f\u00e9rence, le centre de gravitation de la ville.<\/p>\n<p style=\"text-align: justify;\">Berlin qui se reconstruit dans la tension du Vieux et du Neuf a un pouvoir d&#8217;attraction particulier pour les touristes au centre de l\u2019Europe, au-del\u00e0 de la cr\u00e9ativit\u00e9 artistique et de son essor. La configuration du centre historique dans le contexte et comme contrepoids aux quartiers modernes doit convaincre du rang architectural de la ville dans le concert culturel des villes europ\u00e9ennes pour les si\u00e8cles \u00e0 venir.<\/p>\n<p style=\"text-align: justify;\">La reconstruction m\u00eame partielle de l\u2019int\u00e9rieur et surtout celle de la cour de Schl\u00fcter donne au nouvel \u00e9difice au c\u0153ur de Berlin un caract\u00e8re incomparable par sa position. Un tel d\u00e9cor va susciter \u00e0 la longue plus de questions\u00a0 qu\u2019un b\u00e2timent datant du d\u00e9but du XXIe si\u00e8cle. La meilleure preuve en est le sommet du G7 \u00e0 Munich, les 8-9 juillet 1992. Il eut lieu dans la r\u00e9sidence munichoise qui fut reconstruite enti\u00e8rement apr\u00e8s avoir subi de gros dommages pendant la seconde Guerre mondiale avec un budget colossal. Elle fut pr\u00e9f\u00e9r\u00e9e au moderne centre des congr\u00e8s Gasteig \u2026 On se d\u00e9cida pour la r\u00e9sidence malgr\u00e9 la froideur de l\u2019architecture ! Le gouvernement f\u00e9d\u00e9ral voulait recevoir ses invit\u00e9s dans l\u2019ambiance de l\u2019ancienne r\u00e9sidence des rois de Bavi\u00e8re, m\u00eame reconstruite, sachant tr\u00e8s bien que le cadre ext\u00e9rieur a une influence d\u00e9terminante sur la qualit\u00e9 de la communication.<\/p>\n<p style=\"text-align: justify;\">Un concours d\u2019architectes \u201eModerne contre Schl\u00fcter\u201c n\u2019apportera pas de nouveaux \u00e9l\u00e9ments\u00a0: la premi\u00e8re impression \u00e9motionnelle ne peut amener \u00e0 un bon r\u00e9sultat mat\u00e9riel\u2026 Ce serait comme un concours entre une symphonie de Mozart et une de Stravinski. Un jugement \u00e0 ce sujet ne peut \u00eatre qu\u2019\u00e9motionnel. La beaut\u00e9 n\u2019est pas un concept scientifique que l\u2019on peut expliquer. De nombreux arguments pour ou contre sont bas\u00e9s sur ce sentiment. Par exemple le projet de Sir Norman Foster pour le Reichstag n\u2019a pas du tout l\u2019apparence de ce qu\u2019il est advenu. Le toit n\u2019a pas \u00e9t\u00e9 r\u00e9alis\u00e9 mais une coupole y a \u00e9t\u00e9 install\u00e9e. Une pure d\u00e9cision sur le coup de l\u2019\u00e9motion, qui a effac\u00e9 tous les arguments de son projet. Cette solution aurait pu \u00eatre choisie sans concours dans une qualit\u00e9 plus simple, moins ch\u00e8re et plus honn\u00eate.<\/p>\n","protected":false},"excerpt":{"rendered":"<p>Les principaux arguments en faveur de la reconstru<\/p>\n","protected":false},"author":1,"featured_media":0,"parent":546907,"menu_order":11,"comment_status":"closed","ping_status":"closed","template":"","meta":{"_acf_changed":false,"footnotes":""},"class_list":["post-546913","page","type-page","status-publish","hentry"],"acf":[],"_links":{"self":[{"href":"https:\/\/berliner-schloss.de\/fr\/wp-json\/wp\/v2\/pages\/546913","targetHints":{"allow":["GET"]}}],"collection":[{"href":"https:\/\/berliner-schloss.de\/fr\/wp-json\/wp\/v2\/pages"}],"about":[{"href":"https:\/\/berliner-schloss.de\/fr\/wp-json\/wp\/v2\/types\/page"}],"author":[{"embeddable":true,"href":"https:\/\/berliner-schloss.de\/fr\/wp-json\/wp\/v2\/users\/1"}],"replies":[{"embeddable":true,"href":"https:\/\/berliner-schloss.de\/fr\/wp-json\/wp\/v2\/comments?post=546913"}],"version-history":[{"count":1,"href":"https:\/\/berliner-schloss.de\/fr\/wp-json\/wp\/v2\/pages\/546913\/revisions"}],"predecessor-version":[{"id":550388,"href":"https:\/\/berliner-schloss.de\/fr\/wp-json\/wp\/v2\/pages\/546913\/revisions\/550388"}],"up":[{"embeddable":true,"href":"https:\/\/berliner-schloss.de\/fr\/wp-json\/wp\/v2\/pages\/546907"}],"wp:attachment":[{"href":"https:\/\/berliner-schloss.de\/fr\/wp-json\/wp\/v2\/media?parent=546913"}],"curies":[{"name":"wp","href":"https:\/\/api.w.org\/{rel}","templated":true}]}}