{"id":546911,"date":"2014-10-07T09:04:31","date_gmt":"2014-10-07T07:04:31","guid":{"rendered":"http:\/\/berliner-schloss.de\/?page_id=546911"},"modified":"2015-06-16T14:11:52","modified_gmt":"2015-06-16T14:11:52","slug":"2007-lettre-du-ministre-w-tiefensee-pour-un-appel-aux-dons","status":"publish","type":"page","link":"https:\/\/berliner-schloss.de\/fr\/debat-chateau-contre-palais\/2007-lettre-du-ministre-w-tiefensee-pour-un-appel-aux-dons\/","title":{"rendered":"2007 Lettre du Ministre W. Tiefensee pour un appel aux dons"},"content":{"rendered":"<h1>&#8220;Le feu vert est donn\u00e9!&#8221;<\/h1>\n<p><a title=\"27.03.2007 Lettre du ministre Tiefensee appelant aux dons\" href=\"http:\/\/berliner-schloss.de\/wp-content\/uploads\/20070328112614.jpg\"><img decoding=\"async\" title=\"\" src=\"http:\/\/berliner-schloss.de\/wp-content\/themes\/hybrid_berlinerschloss\/includes\/timthumb.php?src=http:\/\/berliner-schloss.de\/wp-content\/uploads\/20070328112614.jpg&amp;h=157px&amp;w=110px&amp;zc=1\" alt=\"\" align=\"right\" \/><\/a><\/p>\n<p>Au mois de mars 2007, le gouvernement f\u00e9d\u00e9ral et le s\u00e9nat de Berlin sont tomb\u00e9s d\u2019accord sur le financement du prochain Humboldt-Forum dans le ch\u00e2teau de Berlin.<br \/>\nDans une lettre personnalis\u00e9e \u00e0 l&#8217;association, le ministre de l\u2019am\u00e9nagement du territoire W. Tiefensee a appel\u00e9 \u00e0 soutenir le travail de collecte de dons de l\u2019association F\u00f6rderverein Berliner Schloss e.V. pour rassembler les 80 millions \u20ac n\u00e9cessaires \u00e0 la reconstruction des fa\u00e7ades et de la cour de Schl\u00fcter. Il y exprime \u00e9galement son souhait le plus sinc\u00e8re d\u2019une collecte de dons couronn\u00e9e de succ\u00e8s.<\/p>\n<p>&#8220;Je vous souhaite de pers\u00e9v\u00e9rer dans votre ardeur \u00e0 r\u00e9colter des dons priv\u00e9s et ainsi de faciliter et d\u2019acc\u00e9l\u00e9rer la r\u00e9alisation du Humboldt-Forum, si important pour Berlin et pour l\u2019Allemagne.<br \/>\nPour soutenir votre action, le gouvernement f\u00e9d\u00e9ral a bien sp\u00e9cifi\u00e9 que la somme de 80 millions \u20ac r\u00e9unie par des donations priv\u00e9es sera une grande participation \u00e0 la reconstruction des fa\u00e7ades \u00bb.<\/p>\n<p>Gr\u00e2ce \u00e0 vos dons, nous pourrons ensemble arriver \u00e0 remplir notre mission!<\/p>\n<h2>Contribuer par votre aide financi\u00e8re \u00e0 \u00e0 la reconstruction du ch\u00e2teau !<\/h2>\n<p>Regarder dans le menu &#8220;Construire l&#8217;Histoire &#8211; Faire un don&#8221;<\/p>\n<p>Vous pourrez simplement y apporter votre contribution!<\/p>\n","protected":false},"excerpt":{"rendered":"<p>&quot;Le feu vert est donn&#233;!&quot;<\/p>\n<p>Au mois de mars 2<\/p>\n","protected":false},"author":1,"featured_media":0,"parent":546907,"menu_order":13,"comment_status":"closed","ping_status":"closed","template":"","meta":{"_acf_changed":false,"footnotes":""},"class_list":["post-546911","page","type-page","status-publish","hentry"],"acf":[],"_links":{"self":[{"href":"https:\/\/berliner-schloss.de\/fr\/wp-json\/wp\/v2\/pages\/546911","targetHints":{"allow":["GET"]}}],"collection":[{"href":"https:\/\/berliner-schloss.de\/fr\/wp-json\/wp\/v2\/pages"}],"about":[{"href":"https:\/\/berliner-schloss.de\/fr\/wp-json\/wp\/v2\/types\/page"}],"author":[{"embeddable":true,"href":"https:\/\/berliner-schloss.de\/fr\/wp-json\/wp\/v2\/users\/1"}],"replies":[{"embeddable":true,"href":"https:\/\/berliner-schloss.de\/fr\/wp-json\/wp\/v2\/comments?post=546911"}],"version-history":[{"count":1,"href":"https:\/\/berliner-schloss.de\/fr\/wp-json\/wp\/v2\/pages\/546911\/revisions"}],"predecessor-version":[{"id":550359,"href":"https:\/\/berliner-schloss.de\/fr\/wp-json\/wp\/v2\/pages\/546911\/revisions\/550359"}],"up":[{"embeddable":true,"href":"https:\/\/berliner-schloss.de\/fr\/wp-json\/wp\/v2\/pages\/546907"}],"wp:attachment":[{"href":"https:\/\/berliner-schloss.de\/fr\/wp-json\/wp\/v2\/media?parent=546911"}],"curies":[{"name":"wp","href":"https:\/\/api.w.org\/{rel}","templated":true}]}}