{"id":546909,"date":"2014-10-07T09:02:50","date_gmt":"2014-10-07T07:02:50","guid":{"rendered":"http:\/\/berliner-schloss.de\/?page_id=546909"},"modified":"2015-06-16T14:11:15","modified_gmt":"2015-06-16T14:11:15","slug":"2005-reconstruction-du-chateau-dans-le-traite-de-coalition","status":"publish","type":"page","link":"https:\/\/berliner-schloss.de\/fr\/debat-chateau-contre-palais\/2005-reconstruction-du-chateau-dans-le-traite-de-coalition\/","title":{"rendered":"2005 Reconstruction du ch\u00e2teau dans le trait\u00e9 de coalition"},"content":{"rendered":"<h1 align=\"left\"><span style=\"font-size: 12pt; font-family: Arial;\">Le tournant : <\/span><span lang=\"FR\" style=\"font-size: 12pt; font-family: Arial;\">extrait du trait\u00e9 de coalition entre CDU, CSU et SPD <\/span><span lang=\"FR\" style=\"font-size: 12pt; font-family: Arial;\">dat\u00e9 du\u00a011 Novembre 2005 <\/span><\/h1>\n<div align=\"center\"><a title=\"Berlin 2015\" href=\"http:\/\/berliner-schloss.de\/wp-content\/uploads\/20051202191409.jpg\"><img decoding=\"async\" title=\"Berlin 2015\" src=\"http:\/\/berliner-schloss.de\/wp-content\/themes\/hybrid_berlinerschloss\/includes\/timthumb.php?src=http:\/\/berliner-schloss.de\/wp-content\/uploads\/20051202191409.jpg&amp;h=279px&amp;w=400px&amp;zc=1\" alt=\"Berlin 2015\" align=\"none\" \/><\/a><\/div>\n<p align=\"center\">Nous citons et traduisons la page 132:<\/p>\n<p align=\"center\">L&#8217;etat f\u00e9d\u00e9ral a une responsabilit\u00e9 toute particuli\u00e8re pour les affaires culturelles de Berlin. Le caract\u00e8re culturel de l&#8217;\u00e9tat allemand doit \u00eatre reconnaissable en sa capitale. Les partenaires de la coalition soutiennent les accords du trait\u00e9 sur la culture dans la capitale [Hauptstadtkulturvertrag] et les d\u00e9cisions prises quant \u00e0 l&#8217;ach\u00e8vement de l&#8217;\u00eele aux mus\u00e9es.<\/p>\n<p align=\"center\">Sur les bases de l&#8217;\u00e9tude de faisabilit\u00e9, de prochaines d\u00e9cisions doivent \u00eatre rapidement prises pour la reconstruction du ch\u00e2teau de Berlin.<\/p>\n<p align=\"center\">Et ainsi tout d\u00e9buta : l&#8217;exposition de 2003 intitutil\u00e9e<br \/>\n&#8220;das Schlo\u00df?&#8221;<\/p>\n<div align=\"center\"><a title=\"11.11.2005 Reconstruction du ch\u00e2teau dans le trait\u00e9 de coalition\" href=\"http:\/\/berliner-schloss.de\/wp-content\/uploads\/20051202191838.jpg\"><img decoding=\"async\" title=\"\" src=\"http:\/\/berliner-schloss.de\/wp-content\/themes\/hybrid_berlinerschloss\/includes\/timthumb.php?src=http:\/\/berliner-schloss.de\/wp-content\/uploads\/20051202191838.jpg&amp;h=203px&amp;w=155px&amp;zc=1\" alt=\"\" align=\"none\" \/><\/a><\/div>\n","protected":false},"excerpt":{"rendered":"<p>C&#8217;est un tournant :&amp;nbsp;extrait du trait&#233; de<\/p>\n","protected":false},"author":1,"featured_media":0,"parent":546907,"menu_order":15,"comment_status":"closed","ping_status":"closed","template":"","meta":{"_acf_changed":false,"footnotes":""},"class_list":["post-546909","page","type-page","status-publish","hentry"],"acf":[],"_links":{"self":[{"href":"https:\/\/berliner-schloss.de\/fr\/wp-json\/wp\/v2\/pages\/546909","targetHints":{"allow":["GET"]}}],"collection":[{"href":"https:\/\/berliner-schloss.de\/fr\/wp-json\/wp\/v2\/pages"}],"about":[{"href":"https:\/\/berliner-schloss.de\/fr\/wp-json\/wp\/v2\/types\/page"}],"author":[{"embeddable":true,"href":"https:\/\/berliner-schloss.de\/fr\/wp-json\/wp\/v2\/users\/1"}],"replies":[{"embeddable":true,"href":"https:\/\/berliner-schloss.de\/fr\/wp-json\/wp\/v2\/comments?post=546909"}],"version-history":[{"count":1,"href":"https:\/\/berliner-schloss.de\/fr\/wp-json\/wp\/v2\/pages\/546909\/revisions"}],"predecessor-version":[{"id":550360,"href":"https:\/\/berliner-schloss.de\/fr\/wp-json\/wp\/v2\/pages\/546909\/revisions\/550360"}],"up":[{"embeddable":true,"href":"https:\/\/berliner-schloss.de\/fr\/wp-json\/wp\/v2\/pages\/546907"}],"wp:attachment":[{"href":"https:\/\/berliner-schloss.de\/fr\/wp-json\/wp\/v2\/media?parent=546909"}],"curies":[{"name":"wp","href":"https:\/\/api.w.org\/{rel}","templated":true}]}}