{"id":546888,"date":"2014-10-07T08:48:01","date_gmt":"2014-10-07T06:48:01","guid":{"rendered":"http:\/\/berliner-schloss.de\/?page_id=546888"},"modified":"2015-06-05T12:14:48","modified_gmt":"2015-06-05T12:14:48","slug":"membres","status":"publish","type":"page","link":"https:\/\/berliner-schloss.de\/fr\/association\/membres\/","title":{"rendered":"Membres"},"content":{"rendered":"<h1>Les membres<\/h1>\n<p>Les membres de l\u2019association ont des int\u00e9r\u00eats et des origines professionnelles diff\u00e9rentes : des personnalit\u00e9s de la politique, des m\u00e9dias, de l\u2019\u00e9conomie, de la culture et des sciences soutiennent notre projet comme autant d\u2019autres citoyens allant des simples salari\u00e9s aux chefs d\u2019entreprise en passant par les retrait\u00e9s. Des m\u00e9decins et des scientifiques soutiennent aussi notre action ainsi qu\u2019un grand nombre de jeunes.<\/p>\n<p>L\u2019association reste neutre et apolitique. La moiti\u00e9 des membres sont des acad\u00e9miciens. La structure politique des membres ressemble \u00e0 celle des partis d\u00e9mocrates du pays.<\/p>\n<p>La cotisation est actuellement de 60 \u20ac minimum.<br \/>\nCeux qui ont un revenu plus \u00e9lev\u00e9 peuvent se permettre de donner un peu plus ; vous \u00eates les bienvenus !<\/p>\n<p>Les scolaires, les \u00e9tudiants, les ch\u00f4meurs et les retrait\u00e9s b\u00e9n\u00e9ficient d\u2019un tarif r\u00e9duit, 35\u20ac.<\/p>\n<p>Cette cotisation est r\u00e9ductible des imp\u00f4ts en Allemagne. A partir d\u2019une cotisation de 50\u20ac, les membres re\u00e7oivent un re\u00e7u fiscal attestant leur don puisque l\u2019association est reconnue d\u2019utilit\u00e9 publique.<\/p>\n<p>Quand vous payez, vous recevez une preuve de votre paiement comme confirmation de votre engagement.<\/p>\n<p>Venez vous joindre \u00e0 nous! Participez ! Construisez l&#8217;Histoire!<\/p>\n","protected":false},"excerpt":{"rendered":"<p>Les membres<br \/>\nLes membres de l&#8217;association on<\/p>\n","protected":false},"author":1,"featured_media":0,"parent":550777,"menu_order":35,"comment_status":"closed","ping_status":"closed","template":"","meta":{"_acf_changed":false,"footnotes":""},"class_list":["post-546888","page","type-page","status-publish","hentry"],"acf":[],"_links":{"self":[{"href":"https:\/\/berliner-schloss.de\/fr\/wp-json\/wp\/v2\/pages\/546888","targetHints":{"allow":["GET"]}}],"collection":[{"href":"https:\/\/berliner-schloss.de\/fr\/wp-json\/wp\/v2\/pages"}],"about":[{"href":"https:\/\/berliner-schloss.de\/fr\/wp-json\/wp\/v2\/types\/page"}],"author":[{"embeddable":true,"href":"https:\/\/berliner-schloss.de\/fr\/wp-json\/wp\/v2\/users\/1"}],"replies":[{"embeddable":true,"href":"https:\/\/berliner-schloss.de\/fr\/wp-json\/wp\/v2\/comments?post=546888"}],"version-history":[{"count":1,"href":"https:\/\/berliner-schloss.de\/fr\/wp-json\/wp\/v2\/pages\/546888\/revisions"}],"predecessor-version":[{"id":550363,"href":"https:\/\/berliner-schloss.de\/fr\/wp-json\/wp\/v2\/pages\/546888\/revisions\/550363"}],"up":[{"embeddable":true,"href":"https:\/\/berliner-schloss.de\/fr\/wp-json\/wp\/v2\/pages\/550777"}],"wp:attachment":[{"href":"https:\/\/berliner-schloss.de\/fr\/wp-json\/wp\/v2\/media?parent=546888"}],"curies":[{"name":"wp","href":"https:\/\/api.w.org\/{rel}","templated":true}]}}