{"id":546862,"date":"2014-10-06T16:09:22","date_gmt":"2014-10-06T14:09:22","guid":{"rendered":"http:\/\/berliner-schloss.de\/?page_id=546862"},"modified":"2015-02-16T09:10:05","modified_gmt":"2015-02-16T09:10:05","slug":"pas-de-don-pas-de-chateau","status":"publish","type":"page","link":"https:\/\/berliner-schloss.de\/fr\/faites-votre-don-ici\/pas-de-don-pas-de-chateau\/","title":{"rendered":"Pourquoi tout d\u00e9pend de votre don !"},"content":{"rendered":"<div class=\"wpb-content-wrapper\"><p>[vc_row][vc_column][vc_column_text]<\/p>\n<h1>Pourquoi faire un don: pas d\u2019argent, pas de ch\u00e2teau!<\/h1>\n<p>[\/vc_column_text][vc_row_inner][vc_column_inner width=&#8221;2\/3&#8243;][vc_column_text]Le ch\u00e2teau rend au centre historique de Berlin sa splendeur d\u2019antan. Suite aux d\u00e9cisions du Bundestag en 2007, la reconstruction du ch\u00e2teau de Berlin sera financ\u00e9e de deux mani\u00e8res diff\u00e9rentes :<\/p>\n<p>&nbsp;<\/p>\n<ul>\n<li><strong>la construction de base par l\u2019Etat<\/strong><\/li>\n<li><strong>les fa\u00e7ades historiques par les dons<\/strong><\/li>\n<\/ul>\n<p>&nbsp;<\/p>\n<p>Ainsi l\u2019Etat finance uniquement la part qu\u2019il aurait apport\u00e9 lors de la construction d\u2019un b\u00e2timent d\u2019architecture moderne de la m\u00eame dimension.[\/vc_column_text][\/vc_column_inner][vc_column_inner width=&#8221;1\/3&#8243;][vc_single_image image=&#8221;549412&#8243; alignment=&#8221;center&#8221; border_color=&#8221;grey&#8221; img_link_large=&#8221;yes&#8221; img_link_target=&#8221;_self&#8221; img_size=&#8221;full&#8221;][\/vc_column_inner][\/vc_row_inner][vc_single_image image=&#8221;549414&#8243; alignment=&#8221;center&#8221; border_color=&#8221;grey&#8221; img_link_large=&#8221;yes&#8221; img_link_target=&#8221;_self&#8221; img_size=&#8221;full&#8221;][\/vc_column][\/vc_row][vc_row][vc_column width=&#8221;1\/1&#8243;][vc_column_text]<\/p>\n<h2>Surco\u00fbt des fa\u00e7ades du ch\u00e2teau<\/h2>\n<p>[\/vc_column_text][vc_row_inner][vc_column_inner width=&#8221;1\/4&#8243;][vc_single_image image=&#8221;549413&#8243; alignment=&#8221;center&#8221; border_color=&#8221;grey&#8221; img_link_large=&#8221;yes&#8221; img_link_target=&#8221;_self&#8221; img_size=&#8221;full&#8221;][\/vc_column_inner][vc_column_inner width=&#8221;3\/4&#8243;][vc_column_text]L\u2019association F\u00f6rderverein Berliner Schloss e.V. a accept\u00e9 de prendre en charge le surco\u00fbt des fa\u00e7ades historiques du ch\u00e2teau au-del\u00e0 du co\u00fbt de fa\u00e7ades modernes. La somme totale estim\u00e9e par nous est actuellement de 80 millions \u20ac :<br \/>\nsoit les co\u00fbts de planification et de construction des \u00e9l\u00e9ments des fa\u00e7ades en gr\u00e8s, ainsi que les co\u00fbts de fonctionnement de l\u2019association. Ils repr\u00e9sentent entre autres ceux des expositions, des mesures d\u2019information et de communication (journal gratuit Berliner Extrablatt, pr\u00e9sentation Internet) et les co\u00fbts administratifs.<\/p>\n<p>La reconstruction de la coup\u00f4le historique et des trois portails de la grande cour du ch\u00e2teau d\u00e9cid\u00e9e dans le concours d\u2019architectes repr\u00e9sentent 25 millions d\u2019euros suppl\u00e9mentaires. Donc en tout, pour la reconstruction de l\u2019apparence historique doivent \u00eatre rassembl\u00e9s 105 millions d\u2019euros.Cette somme est uniquement constitu\u00e9e de dons ; un investissement de l\u2019argent public n\u2019est pas pr\u00e9vu. Tout d\u00e9pend donc du succ\u00e8s de l\u2019appel aux dons.<br \/>\nCela a \u00e9t\u00e9 calcul\u00e9 de mani\u00e8re s\u00e9rieuse pour garantir une reconstruction de qualit\u00e9, dans les r\u00e8gles de l\u2019art des artisans et des artistes qualifi\u00e9s afin de lui rendre la valeur de patrimoine historique. Un r\u00e9ajustement est sous r\u00e9serve des co\u00fbts r\u00e9els qui appara\u00eetront pendant la construction du ch\u00e2teau.[\/vc_column_text][\/vc_column_inner][\/vc_row_inner][\/vc_column][\/vc_row][vc_row][vc_column width=&#8221;1\/1&#8243;][vc_column_text]<\/p>\n<h2 align=\"left\">Pourquoi des dons que pour les fa\u00e7ades?<\/h2>\n<p>[\/vc_column_text][vc_row_inner][vc_column_inner width=&#8221;2\/3&#8243;][vc_column_text]La construction de base derri\u00e8re les fa\u00e7ades historiques co\u00fbte aussi cher que s\u2019il y \u00e9tait pr\u00e9vu des fa\u00e7ades modernes.Son financement est pris en charge par l\u2019Etat allemand et le Land de Berlin. Un Humboldtforum moderne au centre de Berlin ne peut se faire sans quelques frais!<\/p>\n<p>Une raison de plus de faire un don: le ch\u00e2teau est par l\u2019engagement personnel de centaines de milliers de citoyens un monument de la d\u00e9mocratie !<\/p>\n<p>Votre don est d\u00e9ductible des imp\u00f4ts sur le revenu, en Allemagne du moins jusqu\u2019\u00e0 20% du montant, puisque nous sommes reconnus d\u2019utilit\u00e9 publique ![\/vc_column_text][\/vc_column_inner][vc_column_inner width=&#8221;1\/3&#8243;][vc_single_image image=&#8221;549415&#8243; alignment=&#8221;center&#8221; border_color=&#8221;grey&#8221; img_link_large=&#8221;yes&#8221; img_link_target=&#8221;_self&#8221; img_size=&#8221;full&#8221;][\/vc_column_inner][\/vc_row_inner][vc_column_text]En tant que donneur sous la loi fiscale allemande d\u2019une somme \u00e0 partir de 200 \u20ac, vous recevez automatiquement pour votre don un re\u00e7u fiscal dans un d\u00e9lai de deux mois. En de\u00e7\u00e0, le relev\u00e9 bancaire suffit comme preuve pour la d\u00e9claration d\u2019imp\u00f4t. De nombreuses combinations fiscales peuvent \u00eatre accord\u00e9es. n\u2019h\u00e9sitez \u00e0 nous contacter.[\/vc_column_text][\/vc_column][\/vc_row][vc_row][vc_column width=&#8221;1\/1&#8243;][vc_column_text]<\/p>\n<h2>Comment faire un don?<\/h2>\n<p>[\/vc_column_text][vc_row_inner][vc_column_inner width=&#8221;1\/2&#8243;][vc_single_image image=&#8221;550371&#8243; alignment=&#8221;center&#8221; border_color=&#8221;grey&#8221; img_link_large=&#8221;yes&#8221; img_link_target=&#8221;_self&#8221; img_size=&#8221;full&#8221;][\/vc_column_inner][vc_column_inner width=&#8221;1\/2&#8243;][vc_column_text]1. Vous pouvez faire un simple don.<\/p>\n<p>&nbsp;<\/p>\n<p>2. Vous pouvez donner r\u00e9guli\u00e8rement, en faisant un \u00ab abonnement de dons \u00bb.<\/p>\n<p>&nbsp;<\/p>\n<p>3. Achetez symboliquement une pierre ou un ornement des fa\u00e7ades du ch\u00e2teau! Avec celle-ci, vous parrainez une certaine partie du b\u00e2timent, qui sera pour toujours li\u00e9 avec votre nom! Cela se fait tout simplement, ici sur internet. Choisissez le menu correspondant !<\/p>\n<p>Un paiement en mensualit\u00e9 est bien s\u00fbr possible ![\/vc_column_text][\/vc_column_inner][\/vc_row_inner][vc_column_text]4. Vos amis ou vos connaissances peuvent collecter en votre nom de l\u2019argent et en faire cadeau au ch\u00e2teau. Nous vous en serons reconnaissants et nous leur enverrons un re\u00e7u fiscal \u00e0 tous.<\/p>\n<p>&nbsp;<\/p>\n<p>5. Dans votre testament, vous pouvez d\u00e9clarer une partie de votre bien donn\u00e9 pour le ch\u00e2teau.<\/p>\n<p>&nbsp;<\/p>\n<p>6.Vous pouvez d\u00e9j\u00e0 faire une donation de votre vivant !<\/p>\n<p>&nbsp;<\/p>\n<p><strong>Nous vous r\u00e9servons, en fonction de votre don, un \u00e9l\u00e9ment des fa\u00e7ades.<br \/>\nNous vous conseillons de mani\u00e8re strictement confidentielle.<\/strong>[\/vc_column_text][\/vc_column][\/vc_row][vc_row][vc_column width=&#8221;1\/1&#8243;][vc_column_text]<\/p>\n<h2><strong>Comment rendre hommage \u00e0 votre don ?<\/strong><\/h2>\n<p>[\/vc_column_text][vc_row_inner][vc_column_inner width=&#8221;1\/2&#8243;][vc_column_text]Tous les donneurs connus de nous seront inscrits dans les annales de la reconstruction du ch\u00e2teau, et par la suite dans une banque de donn\u00e9es interne et s\u00e9curis\u00e9e. A la fin de notre collecte de dons, si vous y tenez, chaque nom sera publi\u00e9 dans un \u00ab livre d\u2019hommage \u00bb, pr\u00e9sent\u00e9 dans le ch\u00e2teau ! Tout un chacun pourra vous reconna\u00eetre comme donateur pour le ch\u00e2teau.<\/p>\n<p>A l\u2019avenant, nous souhaitons r\u00e9aliser une pr\u00e9sentation murale du Humboldt Forum avec des milliers de Pixels, qui tous ensemble forment une photo, comme une photo de presse. Chaque pixel est le nom d\u2019un donateur \u00e9crit en cercle. Ainsi vos dons seront immortalis\u00e9s.<\/p>\n<p>Cette possibilit\u00e9 d\u2019immortalisation de l\u2019engagement citoyen de milliers de personnes est en discussion avec les instances responsables, qui devraient aboutir d\u2019ici la fin 2009. [\/vc_column_text][\/vc_column_inner][vc_column_inner width=&#8221;1\/2&#8243;][vc_single_image image=&#8221;549418&#8243; alignment=&#8221;center&#8221; border_color=&#8221;grey&#8221; img_link_large=&#8221;yes&#8221; img_link_target=&#8221;_self&#8221; img_size=&#8221;full&#8221;][\/vc_column_inner][\/vc_row_inner][vc_column_text]<strong>Chaque don aide la reconstruction du ch\u00e2teau de Berlin \u2013 et immortalise votre don !<\/strong><\/p>\n<p>N\u2019h\u00e9sitez pas \u00e0 nous contacter pour de plus amples informations :<br \/>\n\u00b7 Ecrivez-nous un email! info@berliner-schloss.info<br \/>\n\u00b7 Appelez-nous au : Tel: 0049 (0) 40 \/ 898 075-0 ou Fax: 0049 (0) 40 \/ 898 075-10<br \/>\n\u00b7 Nous vous conseillons de mani\u00e8re strictement confidentielle.<\/p>\n<p>Notre compte en banque pour les dons:<br \/>\nNum\u00e9ro de compte: 0772277<br \/>\nNum\u00e9ro de banque: 100 700 00<br \/>\nDeutsche Bank AG, Berlin<br \/>\nBIC: DEUTDEBB<br \/>\nIBAN: DE41 1007 0000 0077[\/vc_column_text][vc_row_inner][vc_column_inner width=&#8221;1\/2&#8243;][vc_column_text]Vos dons en Belgique:<br \/>\nKing Baudouin Foundation, Rue Brederode 21, 1000 Br\u00fcssel<br \/>\nKontonr.: 000-0000004-04<br \/>\nBank: Banque de la Poste<br \/>\nBIC: BPOTBE B1<br \/>\npour: \u00ab TGE-Berliner Schloss \u2013 Germany \u00bb<br \/>\nTel. : +32-2-549 02 31<br \/>\nFax : +32 2 549 02 89<br \/>\nE-mail : tge@kbs-frb.be[\/vc_column_text][\/vc_column_inner][vc_column_inner width=&#8221;1\/2&#8243;][vc_column_text]Vos dons en France:<br \/>\nTitulaire du compte: Fondation de France<br \/>\nDomiciliation: Caisse des D\u00e9p\u00f4ts et Consignations<br \/>\nCode banque: 40031, Code guichet: 00001<br \/>\nN\u00b0 de compte: 0000100222L; Cl\u00e9 RIB: 76<br \/>\nA l\u2019ordre de : 500477 \/ Foerderverein Berliner Schloss<br \/>\nCh\u00e8ques:<br \/>\n\u00ab Fondation de France\/500477\/Foerderverein Berliner Schloss \u00bb<br \/>\nGhislaine Rumin, Assistante D\u00e9partement des Fondations<br \/>\nFondation de France<br \/>\n40 avenue Hoche<br \/>\nF-75008 Paris<br \/>\nTel. : +33-1-44 21 87 60<br \/>\nFax : +33-1-44 21 31 54<br \/>\nE-mail : tge@fdf.org[\/vc_column_text][\/vc_column_inner][\/vc_row_inner][vc_row_inner][vc_column_inner width=&#8221;1\/1&#8243;][vc_column_text]* Remarque importante<br \/>\nL\u2019office pour l\u2019am\u00e9nagement urbain et des travaux publics (BBR), affili\u00e9 au minist\u00e8re allemand des travaux publics, en charge de la planification du ch\u00e2teau a jusqu\u2019\u00e0 pr\u00e9sent estim\u00e9 la reconstruction des fa\u00e7ades historiques \u00e0 une hauteur de 81 millions \u20ac. Ce co\u00fbt a \u00e9t\u00e9 rendu public lors du concours d\u2019architectes comme base de travail en fonction de son exp\u00e9rience de restauration de monuments historiques comme par exemple l\u2019Arsenal (le mus\u00e9e d\u2019histoire allemande). Jusqu\u2019\u00e0 pr\u00e9sent il a \u00e9t\u00e9 difficile d\u2019estimer r\u00e9ellement et exactement les co\u00fbts des fa\u00e7ades du ch\u00e2teau, \u00e9tant sans pr\u00e9c\u00e9dent par leur art et leur diversit\u00e9.[\/vc_column_text][\/vc_column_inner][\/vc_row_inner][\/vc_column][\/vc_row]<\/p>\n<\/div>","protected":false},"excerpt":{"rendered":"<p>Pas d&#8217;Argent, Pas de ch&#226;teau!<\/p>\n<p>Le ch&amp;<\/p>\n","protected":false},"author":1,"featured_media":0,"parent":546843,"menu_order":27,"comment_status":"closed","ping_status":"closed","template":"","meta":{"_acf_changed":false,"footnotes":""},"class_list":["post-546862","page","type-page","status-publish","hentry"],"acf":[],"_links":{"self":[{"href":"https:\/\/berliner-schloss.de\/fr\/wp-json\/wp\/v2\/pages\/546862","targetHints":{"allow":["GET"]}}],"collection":[{"href":"https:\/\/berliner-schloss.de\/fr\/wp-json\/wp\/v2\/pages"}],"about":[{"href":"https:\/\/berliner-schloss.de\/fr\/wp-json\/wp\/v2\/types\/page"}],"author":[{"embeddable":true,"href":"https:\/\/berliner-schloss.de\/fr\/wp-json\/wp\/v2\/users\/1"}],"replies":[{"embeddable":true,"href":"https:\/\/berliner-schloss.de\/fr\/wp-json\/wp\/v2\/comments?post=546862"}],"version-history":[{"count":4,"href":"https:\/\/berliner-schloss.de\/fr\/wp-json\/wp\/v2\/pages\/546862\/revisions"}],"predecessor-version":[{"id":550374,"href":"https:\/\/berliner-schloss.de\/fr\/wp-json\/wp\/v2\/pages\/546862\/revisions\/550374"}],"up":[{"embeddable":true,"href":"https:\/\/berliner-schloss.de\/fr\/wp-json\/wp\/v2\/pages\/546843"}],"wp:attachment":[{"href":"https:\/\/berliner-schloss.de\/fr\/wp-json\/wp\/v2\/media?parent=546862"}],"curies":[{"name":"wp","href":"https:\/\/api.w.org\/{rel}","templated":true}]}}