{"id":546860,"date":"2014-10-06T16:08:08","date_gmt":"2014-10-06T14:08:08","guid":{"rendered":"http:\/\/berliner-schloss.de\/?page_id=546860"},"modified":"2015-02-16T15:37:32","modified_gmt":"2015-02-16T15:37:32","slug":"parcours-de-votre-don","status":"publish","type":"page","link":"https:\/\/berliner-schloss.de\/fr\/faites-votre-don-ici\/parcours-de-votre-don\/","title":{"rendered":"Parcours de votre don"},"content":{"rendered":"<div class=\"wpb-content-wrapper\"><p>[vc_row][vc_column][vc_column_text]<\/p>\n<h1>Parcours de votre don \u2013 Reconstruction du ch\u00e2teau de Berlin<\/h1>\n<p><strong>Bericht \u00fcber\u00a0unsere Arbeit von 1992 bis 2013, \u00dcbergang unserer Leistungen und der Spenden an den Bauherrn<\/strong>[\/vc_column_text][vc_row_inner][vc_column_inner width=&#8221;1\/2&#8243;][vc_single_image image=&#8221;549562&#8243; alignment=&#8221;center&#8221; border_color=&#8221;grey&#8221; img_link_large=&#8221;yes&#8221; img_link_target=&#8221;_self&#8221; img_size=&#8221;409&#215;240&#8243;][\/vc_column_inner][vc_column_inner width=&#8221;1\/2&#8243;][vc_column_text]L\u2019objectif premier de la\u00a0F\u00f6rderverein Berliner Schloss est la reconstruction des fa\u00e7ades du ch\u00e2teau de Berlin. Nous avons pris en compte la d\u00e9cision du Bundestag du 04. juillet 2002 et l\u2019avons accept\u00e9.<br \/>\n<span lang=\"FR\">Il en d\u00e9coule pour nous deux pr\u00e9misses absolues :\u00a0\u00a0\u00a0\u00a0<\/span>[\/vc_column_text][\/vc_column_inner][\/vc_row_inner][vc_column_text]<strong>1. La planification des fa\u00e7ades du ch\u00e2teau ainsi que la r\u00e9alisation des mod\u00e8les et des prototypes des diff\u00e9rents \u00e9l\u00e9ments des fa\u00e7ades doivent \u00eatre identiques \u00e0 l\u2019original et de qualit\u00e9 <\/strong><\/p>\n<p>Les attentes de nos donateurs d\u2019une reconstruction la plus fid\u00e8le \u00e0 l\u2019original des fa\u00e7ades ext\u00e9rieures et de la cour de Schl\u00fcter nous obligent \u00e0 tenir une planification m\u00e9ticuleusement d\u00e9taill\u00e9e, m\u00eame dans la r\u00e9alisation des mod\u00e8les et prototypes \u00e0 \u00e9chelle 1:1. Elle est la base d\u2019une mise en oeuvre de grande qualit\u00e9 et de sa supervision. Cette condition a une priorit\u00e9 absolue. Finalement le succ\u00e8s de notre action d\u00e9pend de la collecte de dons. Nous tenons \u00e0 tenir notre parole aupr\u00e8s de nos donateurs.<\/p>\n<p>Nous pouvons garantir cette qualit\u00e9 puisque d\u00e8s le d\u00e9but, nous proc\u00e9dons \u00e0 la planification avec des professionnels hautement qualifi\u00e9s et \u00e0 la transposition des savoirs acquis par les travailleurs et les sculpteurs de pierres. Nous l\u2019appliquons pour chaque \u00e9l\u00e9ment et pour chaque sculpture des fa\u00e7ades en r\u00e9alisant des prototypes et des mod\u00e8les 1:1 avant la sculpture finale dans la piere.<\/p>\n<p>Nos travaux de recherche et de planification des fa\u00e7ades historiques du ch\u00e2teau se sont principalement bas\u00e9es sur l\u2019\u00e9tude, la digitalisation et les mesures photogrammetriques prises gr\u00e2ce \u00e0 un programme CAD de pr\u00e8s de 3000 photos. Plus de 4000 actes du b\u00e2timent ont \u00e9t\u00e9 \u00e9tudi\u00e9s et analys\u00e9s. Ce travail d\u2019investigation m\u00e9ticuleux sur plusieurs ann\u00e9es a permis de fournir un savoir important de premi\u00e8re main aux architectes et artistes, que nous avons engag\u00e9s.<\/p>\n<p>Les plans de mesure des trois fa\u00e7ades baroques et de la cour de Schl\u00fcter ainsi r\u00e9alis\u00e9s avec 1% d\u2019erreur par rapport \u00e0 l\u2019original ont \u00e9t\u00e9 une des bases du concours d\u2019architectes \u201eWiedererrichtung des Berliner Schlosses \u2013 Bau des Humboldt-Forums\u201c r\u00e9alis\u00e9 fin 2008. Il n\u2019existe aucun autre plan historique de l\u2019ensemble du ch\u00e2teau autre que les plans des fa\u00e7ades r\u00e9alis\u00e9s \u00e0 notre demande.[\/vc_column_text][vc_row_inner][vc_column_inner width=&#8221;1\/2&#8243;][vc_column_text]<strong>2. Cr\u00e9ation d\u2019une fondation pour le ch\u00e2teau de Berlin \u2013 Humboldt Forum<\/strong><\/p>\n<p>Le ma\u00eetre d\u2019\u0153uvre du ch\u00e2teau et du Humboldt Forum n\u2019a pas encore \u00e9t\u00e9 d\u00e9finitivement choisi. Une proposition est la cr\u00e9ation d\u2019une fondation de droit public, \u00e0 but non lucratif et ent\u00e9rin\u00e9e par le gouvernement allemand ayant pour l\u2018instant le nom de travail \u00ab Berliner Schloss \u2013 Humboldt Forum \u00bb. Dans chaque mod\u00e8le envisag\u00e9, la garantie et la responsabilit\u00e9 juridique de l\u2019ensemble du b\u00e2timent jouent un r\u00f4le d\u00e9cisif. Seuls l\u2019architecte charg\u00e9 de la construction et l\u2019entrepreneur g\u00e9n\u00e9ral d\u00e9sign\u00e9 suite aux appels d\u2019offres peuvent en \u00eatre mandat\u00e9s.<\/p>\n<p>De ce fait, ils sont investis de la responsabilit\u00e9 de l\u2019ach\u00e8vement technique des \u00e9l\u00e9ments des fa\u00e7ades alors que l\u2019association, elle, a la responsabilit\u00e9 de la qualit\u00e9 esth\u00e9tique.[\/vc_column_text][\/vc_column_inner][vc_column_inner width=&#8221;1\/2&#8243;][vc_single_image image=&#8221;549419&#8243; alignment=&#8221;center&#8221; border_color=&#8221;grey&#8221; img_link_large=&#8221;yes&#8221; img_link_target=&#8221;_self&#8221; img_size=&#8221;full&#8221;][vc_column_text][\/vc_column_inner][\/vc_row_inner][vc_column_text]Une livraison des \u00e9l\u00e9ments en gr\u00e8s par un tiers mandat\u00e9 par nous serait une grande prise de risques : cela, qui d\u00e9couleraient des garanties port\u00e9es par les deux institutions sus cit\u00e9es engendreraient des confusions pour les petites entreprises d\u2019artisans. Les parties s\u2019accuseraient r\u00e9ciproquement de fautes ; ce que l\u2019Etat en tant que principal investisseur ne peut se permettre en aucun cas. Il doit \u00eatre exempte de ce genre de prise de risques.<\/p>\n<p>Tous ces points ne peuvent \u00eatre \u00e9claircis tant que les clauses du financement \u00e0 octroyer pour la construction du ch\u00e2teau de Berlin \u2013 Humboldt Forum ne sont pas d\u00e9termin\u00e9es avec l\u2019entrepreneur. Ces crit\u00e8res \u00e9nonc\u00e9s ci-dessus par l\u2019association sont une partie de la r\u00e9flexion men\u00e9e \u00e0 titre indicatif, faute de mod\u00e8le. Dor\u00e9navant le processus de concr\u00e9tisation peut \u00eatre engag\u00e9.<\/p>\n<p>La reconstruction du ch\u00e2teau de Berlin est un \u00e9v\u00e9nement sans pr\u00e9c\u00e9dent. La difficult\u00e9 est de d\u00e9finir au niveau juridique le cadre de la construction entreprise par le ma\u00eetre d\u2019oeuvre et le cadre de l\u2019utilisation du b\u00e2timent, aussi avec la cr\u00e9ation d\u2019une fondation comme pr\u00e9vu. Sa mission serait au-del\u00e0 de la construction et de son exploitation, l\u2019entretien du ch\u00e2teau de Berlin \u2013 Humboldt Forum.[\/vc_column_text][vc_row_inner][vc_column_inner width=&#8221;1\/2&#8243;][vc_single_image image=&#8221;549421&#8243; alignment=&#8221;center&#8221; border_color=&#8221;grey&#8221; img_link_large=&#8221;yes&#8221; img_link_target=&#8221;_self&#8221; img_size=&#8221;full&#8221;][\/vc_column_inner][vc_column_inner width=&#8221;1\/2&#8243;][vc_column_text]Cette fondation r\u00e9unirait donc les int\u00e9r\u00eats communs et deviendrait le ma\u00eetre d\u2019oeuvre. L\u2019Etat allemand et le Land de Berlin financeraient cette fondation avec des fonds d\u2019investissement en ce qui concerne le b\u00e2timent. Par la suite, les institutions utilisant le ch\u00e2teau de Berlin mettraient \u00e0 disposition des moyens financiers n\u00e9cessaires \u00e0 son activit\u00e9.<\/p>\n<p>Cette fondation serait \u00e9galement un partenaire des associations charg\u00e9es des collectes de dons et ouvrirait un compte sp\u00e9cial sur lequel serait virer la totalit\u00e9 des dons. L\u2019association F\u00f6rdeverein Berliner Schloss lui transmettrait \u00e0 son tour les moyens n\u00e9cessaires pour remplir sa mission.<\/p>\n<p>A ce propos, les diff\u00e9rents acteurs doivent signer un accord qui r\u00e9gularise de mani\u00e8re fiscale tous ces services.[\/vc_column_text][vc_column_text][\/vc_column_inner][\/vc_row_inner][vc_column_text]Au-del\u00e0 de cette proposition, l\u2019association F\u00f6rderverein Berliner Schloss est d\u2019autant plus flexible sur cet accord qui sache garantir ses deux pr\u00e9misses, \u00e0 savoir la garantie de la qualit\u00e9 des fa\u00e7ades historiques et sa qualit\u00e9 d\u2019utilit\u00e9 publique.<br \/>\nEn 2009, des d\u00e9cisions donnant des r\u00e9ponses \u00e0 nos interrogations seront enfin prises.[\/vc_column_text][\/vc_column][\/vc_row]<\/p>\n<\/div>","protected":false},"excerpt":{"rendered":"<p>Parcours de votre don &#8211; Reconstruction du ch&#226;<\/p>\n","protected":false},"author":1,"featured_media":0,"parent":546843,"menu_order":25,"comment_status":"closed","ping_status":"closed","template":"","meta":{"_acf_changed":false,"footnotes":""},"class_list":["post-546860","page","type-page","status-publish","hentry"],"acf":[],"_links":{"self":[{"href":"https:\/\/berliner-schloss.de\/fr\/wp-json\/wp\/v2\/pages\/546860","targetHints":{"allow":["GET"]}}],"collection":[{"href":"https:\/\/berliner-schloss.de\/fr\/wp-json\/wp\/v2\/pages"}],"about":[{"href":"https:\/\/berliner-schloss.de\/fr\/wp-json\/wp\/v2\/types\/page"}],"author":[{"embeddable":true,"href":"https:\/\/berliner-schloss.de\/fr\/wp-json\/wp\/v2\/users\/1"}],"replies":[{"embeddable":true,"href":"https:\/\/berliner-schloss.de\/fr\/wp-json\/wp\/v2\/comments?post=546860"}],"version-history":[{"count":5,"href":"https:\/\/berliner-schloss.de\/fr\/wp-json\/wp\/v2\/pages\/546860\/revisions"}],"predecessor-version":[{"id":550423,"href":"https:\/\/berliner-schloss.de\/fr\/wp-json\/wp\/v2\/pages\/546860\/revisions\/550423"}],"up":[{"embeddable":true,"href":"https:\/\/berliner-schloss.de\/fr\/wp-json\/wp\/v2\/pages\/546843"}],"wp:attachment":[{"href":"https:\/\/berliner-schloss.de\/fr\/wp-json\/wp\/v2\/media?parent=546860"}],"curies":[{"name":"wp","href":"https:\/\/api.w.org\/{rel}","templated":true}]}}