{"id":546857,"date":"2014-10-06T16:05:51","date_gmt":"2014-10-06T14:05:51","guid":{"rendered":"http:\/\/berliner-schloss.de\/?page_id=546857"},"modified":"2014-10-06T16:05:51","modified_gmt":"2014-10-06T14:05:51","slug":"label-de-bonne-gestion-des-dons","status":"publish","type":"page","link":"https:\/\/berliner-schloss.de\/fr\/faites-votre-don-ici\/label-de-bonne-gestion-des-dons\/","title":{"rendered":"Label de bonne gestion des dons"},"content":{"rendered":"<h1>Label de bonne gestion des dons<\/h1>\n<p>Labellis\u00e9 pour sa bonne gestion des dons : un signe de confiance<br \/>\n<img loading=\"lazy\" decoding=\"async\" class=\"attachment-266x266 alignright\" src=\"http:\/\/berliner-schloss.de\/wp-content\/uploads\/dzi_spendensiegel_neu-300x206.jpg\" alt=\"dzi_spendensiegel_neu\" width=\"266\" height=\"182\" \/><br \/>\nLe 7 d\u00e9cembre 2007, l\u2019association F\u00f6rderverein Berliner Schloss e.V. a re\u00e7u le \u00ab\u00a0DZI Spenden-Siegel\u00a0\u00bb du Deutschen Zentralinstitut f\u00fcr soziale Fragen (DZI), le label de bonne gestion des\u00a0dons de l\u2019Institut allemand\u00a0aux questions sociales, une premi\u00e8re pour une association culturelle.<\/p>\n<p><b>DZI-Spenden-Siegel: un signe de confiance<\/b><\/p>\n<p><span style=\"text-decoration: underline\">Il est \u00e9crit dans le document officiel d\u2019attribution :<\/span><\/p>\n<p>&#8221; L\u2019association F\u00f6rderverein Berliner Schloss e.V. a reconnu les normes d\u2019engagement des organisations rassemblant des dons comme principes de son travail. Elle a ainsi respect\u00e9 et rempli toutes les conditions n\u00e9cessaires suite \u00e0 ces propres d\u00e9clarations. Apr\u00e8s un examen intensif et d\u00e9taill\u00e9, l&#8217;association est admise sur la liste.L\u2019organisa tion est autoris\u00e9e \u00e0 porter le label de bonne conduite DZI Spenden-Siegel\u00a0\u00bb.<\/p>\n<p>Le label sur les dons est attribu\u00e9 pour un an et renouvel\u00e9 par un nouveau test sur l\u2019exercice de l\u2019ann\u00e9e \u00e9coul\u00e9e. L\u2019association continue donc de travailler selon les directives de l\u2019institut et se soumet \u00e0 un contr\u00f4le r\u00e9gulier du DZI. Le droit d\u2019utilisation est reconduit pour un an.<\/p>\n<p>L\u2019association F\u00f6rderverein Berliner Schloss e.V. a pass\u00e9 avec succ\u00e8s le \u00ab\u00a0contr\u00f4le technique\u00a0\u00bb de sa conduite des dons.<\/p>\n<p><span style=\"text-decoration: underline\">Il est \u00e9galement pr\u00e9cis\u00e9 dans la lettre d\u2019accompagnement du document officiel :<\/span><\/p>\n<p>&#8221; D\u2019apr\u00e8s l\u2019\u00e9valuation du DZI, l\u2019association accomplit un travail conform\u00e9ment \u00e0 ses statuts. Le travail de relations publiques et d\u2019information est r\u00e9aliste, net et neutre. Les donations et leur somme sont tr\u00e8s bien document\u00e9es. La proportion des d\u00e9penses administratives et publicitaires dans toutes les d\u00e9penses ( 20-35%) est d\u2019apr\u00e8s les crit\u00e8res du DZI acceptable. Un contr\u00f4le de l\u2019association et de ses organes a aussi eu lieu. De nouvelles informations doivent \u00eatre transmises au DZI.<\/p>\n<p>Le label \u201eDZI Spenden-Siegel\u201c est donc attribu\u00e9 \u00e0 l\u2019association F\u00f6rderverein Berliner Schloss e.V. L\u2019association m\u00e9rite cette distinction.&#8221;<\/p>\n","protected":false},"excerpt":{"rendered":"<p>Label de bonne gestion des dons Labellis\u00e9 pour sa bonne gestion des dons : un signe de confiance Le 7 d\u00e9cembre 2007, l\u2019association F\u00f6rderverein Berliner Schloss e.V. a re\u00e7u le [&hellip;]<\/p>\n","protected":false},"author":1,"featured_media":0,"parent":546843,"menu_order":24,"comment_status":"closed","ping_status":"closed","template":"","meta":{"_acf_changed":false,"footnotes":""},"class_list":["post-546857","page","type-page","status-publish","hentry"],"acf":[],"_links":{"self":[{"href":"https:\/\/berliner-schloss.de\/fr\/wp-json\/wp\/v2\/pages\/546857","targetHints":{"allow":["GET"]}}],"collection":[{"href":"https:\/\/berliner-schloss.de\/fr\/wp-json\/wp\/v2\/pages"}],"about":[{"href":"https:\/\/berliner-schloss.de\/fr\/wp-json\/wp\/v2\/types\/page"}],"author":[{"embeddable":true,"href":"https:\/\/berliner-schloss.de\/fr\/wp-json\/wp\/v2\/users\/1"}],"replies":[{"embeddable":true,"href":"https:\/\/berliner-schloss.de\/fr\/wp-json\/wp\/v2\/comments?post=546857"}],"version-history":[{"count":0,"href":"https:\/\/berliner-schloss.de\/fr\/wp-json\/wp\/v2\/pages\/546857\/revisions"}],"up":[{"embeddable":true,"href":"https:\/\/berliner-schloss.de\/fr\/wp-json\/wp\/v2\/pages\/546843"}],"wp:attachment":[{"href":"https:\/\/berliner-schloss.de\/fr\/wp-json\/wp\/v2\/media?parent=546857"}],"curies":[{"name":"wp","href":"https:\/\/api.w.org\/{rel}","templated":true}]}}