{"id":546855,"date":"2014-11-15T16:04:51","date_gmt":"2014-11-15T16:04:51","guid":{"rendered":"http:\/\/berliner-schloss.de\/?page_id=546855"},"modified":"2015-11-16T08:57:25","modified_gmt":"2015-11-16T08:57:25","slug":"niveau-des-dons","status":"publish","type":"page","link":"https:\/\/berliner-schloss.de\/fr\/faites-votre-don-ici\/niveau-des-dons\/","title":{"rendered":"Niveau des dons"},"content":{"rendered":"<h1>Niveau des dons et leur utilisation<\/h1>\n<div id=\"spendenstand_wrapper\">\n\n     <div class=\"visible-sm visible-xs text-mobile\">        \n\n            Geldbedarf fuer die weitere Rekonstruktion der Schloss-fassaden noch <strong>0 Mio. \u20ac<\/strong> <br\/><span class=\"small\"> (Stand 11\/2020)<\/span>\n\n            <br\/><br\/>\n\n            Als Spende ist diese Zuwendung steuerlich absetzbar!\n\n        \n\n    <\/div><div class=\"chart_container_wrapper  advlayer \" id=\"chart_container_wrapper\">\n\n                    <div class=\"arrowed-left hidden-sm hidden-xs\">\n\n                    <div class=\"arrow_box\">\n\n                    <strong>0 millions \u20ac<\/strong> est la somme restante \u00e0 rassembler pour l 'enti\u00e8re reconstruction des fa\u00e7ades du ch\u00e2teau <br\/><span class=\"small\"> (Niveau en 11\/2020)<\/span>\n\n                    <br\/><br\/>\n\n                    Cela correspond \u00e0 <strong>0 donateurs<\/strong> qui nous mettent \u00e0 disposition 400\u20ac ou 4 x 100\u20ac jusqu'en 2020.\n\n                    <br\/><br\/>\n\n                    Bien s\u00fbr les dons sont d\u00e9duisibles des imp\u00f4ts ind\u00e9pendamment du pays d'origine du donateur. \n\n\n\n                    <\/div>\n\n                    <\/div><div class=\"chart_container_detail\" id=\"chart_container_detail\" ><\/div>\n\n                    <div class=\"arrowed-right hidden-sm hidden-xs\">\n\n                    <div class=\"arrow_box_2\">\n\n                    <span class=\"text\"><strong>105.00 millions \u20ac<\/strong> se trouve d\u00e9j\u00e0 notre disposition !<\/span>\n\n                    <\/div>\n\n                    <\/div> <div class=\"target_overlay\" style=\"top: 37%;\">L'objectif <br\/> est de<br\/><span class=\"txt_large\" style=\"margin-top: 20px; margin-bottom: 5px; display: block; position: relative;\">105<\/span><br\/><span class=\"txt_small\">millions \u20ac<\/span><\/div><\/div>\n\n                    <div class=\"visible-xs visible-sm text-mobile\">        \n\n                    <span class=\"text\"><strong>105.00 millions \u20ac<\/strong> se trouve d\u00e9j\u00e0 notre disposition !<\/span>        \n\n                    <\/div><\/div>\n<p>L\u2019association F\u00f6rderverein Berliner Schloss e.V. s\u2019est engag\u00e9e face au Parlement allemand de financer le surco\u00fbt de la reconstruction des trois fa\u00e7ades baroques ainsi que les trois fa\u00e7ades baroques de la cour de Schl\u00fcter pour un appel aux dons. Cela repr\u00e9sente la somme totale de 80 millions d\u2019euros, somme qui a m\u00eame \u00e9t\u00e9 valid\u00e9e dans la budg\u00e9tisation du ma\u00eetre d\u2019\u0153uvre. Ainsi ont \u00e9t\u00e9 assur\u00e9es la planification et la r\u00e9alisation artistique des \u00e9l\u00e9ments de fa\u00e7ades et des ornements dans la tradition artisanale d\u2019il y a 300 ans, soit ce qui donne au ch\u00e2teau de Berlin une plus-value autre que celle de fa\u00e7ades modernes.<\/p>\n<p>Jusqu\u2019\u00e0 pr\u00e9sent nous avons transmis 33 millions d\u2019euros en argent et prestations au ma\u00eetre d\u2019\u0153uvre, la fondation <em>Stiftung Berliner Schloss-Humboldtforum<\/em> (niveau de juin 2014). En fonction des arriv\u00e9es, les dons, retranch\u00e9s des co\u00fbts de fonctionnement de l\u2019association, sont r\u00e9guli\u00e8rement transmis au ma\u00eetre d\u2019\u0153uvre.<\/p>\n<p>Il n\u2019est pas encore temps d\u2018\u00eatre satisfait de cet exploit, il manque encore de l\u2019argent pour atteindre notre objectif. Certes, la reconstruction des fa\u00e7ades pour 2014 est d\u00e9j\u00e0 garantie, il manque pour 2015 environ 15 millions d\u2019euros (niveau nov. 2014).<\/p>\n<p>&nbsp;<\/p>\n<p>Dans cette somme de dons d\u00e9j\u00e0 attribu\u00e9e sont comprises les prestations de l\u2019association Berliner Schloss e.V. d\u2019un montant de<br \/>\n10 millions d\u2019euros qui ont \u00e9t\u00e9 r\u00e9alis\u00e9es avant la cr\u00e9ation de la fondation Berliner Schloss-Humboldtforum. Cela correspond \u00e0 une compl\u00e8te reconstruction par ordinateur des plans de tout le ch\u00e2teau perdus depuis 1713 ainsi que les consid\u00e9rables recherches indispensables\u00a0; cela correspond \u00e9galement \u00e0 la reconstruction de nombreux mod\u00e8les 1\u00a0:1 d\u2019\u00e9l\u00e9ments des fa\u00e7ades, soit 35% de la masse n\u00e9cessaire, confi\u00e9e \u00e0 des sculpteurs et tailleurs de pierre. Ils fournissent la preuve que l\u2019art baroque peut \u00eatre reconstruit avec les plus grandes exigences architecturales du patrimoine historique.<\/p>\n<p>Ces pr\u00e9dispositions ont \u00e9t\u00e9 reprises par le concours d\u2019architectes international lanc\u00e9 par le gouvernement et conclu en novembre 2008. Nos plans en ont \u00e9t\u00e9 la base. Apr\u00e8s le concours et une nouvelle d\u00e9cision du Bundestag sur la construction du ch\u00e2teau de Berlin en tant que Humboldt Forum, toutes ces prestations ont \u00e9t\u00e9 reprises avec grande reconnaissance par la fondation de droit public Berliner Schloss \u2013 Humboldt Forum qui est devenue ma\u00eetre d\u2019\u0153uvre. Depuis, l\u2019association est exclusivement active pour l\u2019information et les relations publiques sur la reconstruction ainsi que la collecte de dons.<\/p>\n<p>&nbsp;<\/p>\n<p><strong>Nous avons re\u00e7u le label de bonne gestion de dons du DZI.<\/strong><\/p>\n<p>L\u2019association F\u00f6rderverein Berliner Schloss e.V\u00a0. est fier de remplir les crit\u00e8res d\u00e9finis par l\u2019Institut allemand\u00a0aux questions sociales (DZI) pour attribuer son label et m\u00eame de rester en-dessous. Elle est la seule association culturelle d\u2019Allemagne \u00e0 se voir r\u00e9attribuer r\u00e9guli\u00e8rement ce label de bonne conduite.<\/p>\n<p>&nbsp;<\/p>\n<p><strong>Notre engagement de financement des fa\u00e7ades du ch\u00e2teau reste inchang\u00e9.<\/strong><\/p>\n<p>L\u2019association F\u00f6rderverein Berliner Schloss e.V. s\u2019est engag\u00e9e face au Parlement allemand de rassembler le surco\u00fbt de la reconstruction des fa\u00e7ades baroques pour un appel aux dons, soit une somme de 80 millions d\u2019euros.<\/p>\n<p>Logiquement n\u2019est pas compris dans cette somme le co\u00fbt des murs ext\u00e9rieurs, de l\u2019installation d\u2019\u00e9chafaudages ni du co\u00fbt de consolidation des \u00e9l\u00e9ments des fa\u00e7ades etc qui apparaissent normalement dans la r\u00e9alisation d\u2019une fa\u00e7ade moderne. La somme que nous avons indiqu\u00e9e comme objectif reste en-dessous de la hausse annuelle des prix et peut donc \u00eatre r\u00e9adapt\u00e9e de temps en temps.<\/p>\n<p>Cette somme comprend aussi les co\u00fbts de fonctionnement de l\u2019association, principalement pour la publicit\u00e9, les expositions et mesures de pr\u00e9sentation publique. L\u2019administration, la comptabilit\u00e9, la correspondance et la gestion des dons sont effectu\u00e9es avec \u00e9conomie. Nos bilans annuels sont minutieusement \u00e9pluch\u00e9s par un cabinet d\u2019expert-comptable de Berlin CTG Grieger-Mallison ayant un acc\u00e8s \u00e0 tous nos documents.<\/p>\n<p>Avec le r\u00e9sultat du concours d\u2019architectes de novembre 2008, la reconstruction de la coupole historique et des trois portails int\u00e9rieurs de l\u2019ancienne grande cour du ch\u00e2teau sont possibles. Ainsi la somme n\u00e9cessaire \u00e0 rassembler s\u2019\u00e9largit \u00e0 25 millions suppl\u00e9mentaires qui, suite \u00e0 une d\u00e9cision du Bundestag, doit aussi \u00eatre financ\u00e9es uniquement par des dons. D\u00e9j\u00e0 gr\u00e2ce \u00e0 des dons de grande envergure, nous avons pu rassembler une partie de cette somme. Cela renforce notre assurance\u00a0!<\/p>\n<p>&nbsp;<\/p>\n<p>Nous en sommes convaincus\u00a0: <strong>nous y arriverons gr\u00e2ce \u00e0 votre aide g\u00e9n\u00e9reuse\u00a0!<\/strong><\/p>\n<p>Wilhelm von Boddien, Secr\u00e9taire g\u00e9n\u00e9ral de l\u2018association F\u00f6rderverein Berliner Schloss e.V.<\/p>\n","protected":false},"excerpt":{"rendered":"<p>Niveau des dons<\/p>\n<p>Remarques importantes sur les s<\/p>\n","protected":false},"author":1,"featured_media":0,"parent":546843,"menu_order":23,"comment_status":"closed","ping_status":"closed","template":"","meta":{"_acf_changed":false,"footnotes":""},"class_list":["post-546855","page","type-page","status-publish","hentry"],"acf":[],"_links":{"self":[{"href":"https:\/\/berliner-schloss.de\/fr\/wp-json\/wp\/v2\/pages\/546855","targetHints":{"allow":["GET"]}}],"collection":[{"href":"https:\/\/berliner-schloss.de\/fr\/wp-json\/wp\/v2\/pages"}],"about":[{"href":"https:\/\/berliner-schloss.de\/fr\/wp-json\/wp\/v2\/types\/page"}],"author":[{"embeddable":true,"href":"https:\/\/berliner-schloss.de\/fr\/wp-json\/wp\/v2\/users\/1"}],"replies":[{"embeddable":true,"href":"https:\/\/berliner-schloss.de\/fr\/wp-json\/wp\/v2\/comments?post=546855"}],"version-history":[{"count":6,"href":"https:\/\/berliner-schloss.de\/fr\/wp-json\/wp\/v2\/pages\/546855\/revisions"}],"predecessor-version":[{"id":550703,"href":"https:\/\/berliner-schloss.de\/fr\/wp-json\/wp\/v2\/pages\/546855\/revisions\/550703"}],"up":[{"embeddable":true,"href":"https:\/\/berliner-schloss.de\/fr\/wp-json\/wp\/v2\/pages\/546843"}],"wp:attachment":[{"href":"https:\/\/berliner-schloss.de\/fr\/wp-json\/wp\/v2\/media?parent=546855"}],"curies":[{"name":"wp","href":"https:\/\/api.w.org\/{rel}","templated":true}]}}