{"id":546843,"date":"2011-11-08T13:58:05","date_gmt":"2011-11-08T13:58:05","guid":{"rendered":"http:\/\/berliner-schloss.de\/?page_id=546843"},"modified":"2016-05-25T09:35:13","modified_gmt":"2016-05-25T09:35:13","slug":"faites-votre-don-ici","status":"publish","type":"page","link":"https:\/\/berliner-schloss.de\/fr\/faites-votre-don-ici\/","title":{"rendered":"Faites votre don ici"},"content":{"rendered":"<div class=\"wpb-content-wrapper\"><p>[vc_row][vc_column el_position=&#8221;first last&#8221;][vc_column_text width=&#8221;1\/1&#8243; el_position=&#8221;first last&#8221;]<\/p>\n<h3 style=\"text-align: center;\">Alors maintenant, vous pouvez faire un don!<\/h3>\n<p>[\/vc_column_text][\/vc_column][\/vc_row][vc_row][vc_column width=&#8221;1\/3&#8243;][vc_column_text]<\/p>\n<h3 style=\"text-align: center;\">Faire un don directement<\/h3>\n<p>&nbsp;<\/p>\n<p><img decoding=\"async\" class=\"img-responsive aligncenter\" title=\"start_img_transaction\" src=\"http:\/\/berliner-schloss.de\/wp-content\/uploads\/start_img_transaction.jpg\" alt=\"\" width=\"100%\" \/><br \/>\nVous faites simplement un don du montant de votre choix par virement sur notre compte. Pour cela, vous pouvez utiliser notre partenaire <strong>Paypal<\/strong>.<\/p>\n<form style=\"text-align: center;\" action=\"https:\/\/www.paypal.com\/cgi-bin\/webscr\" method=\"post\"><input name=\"cmd\" type=\"hidden\" value=\"_s-xclick\" \/><input name=\"return\" type=\"hidden\" value=\"http:\/\/berliner-schloss.de\/spenden-erfolg\/?type=paypaldonation\" \/><input name=\"hosted_button_id\" type=\"hidden\" value=\"UBBRQESEDWC5N\" \/><input class=\"btn btn-primary btn-lg\" title=\"Faire un don via Paypal\" name=\"submit\" type=\"submit\" value=\"via Paypal\" \/><\/form>\n<p style=\"text-align: center;\">Ou vous faites votre don <strong>directement<\/strong>.<\/p>\n<p style=\"text-align: center;\"><a class=\"btn btn-primary btn-lg nolink\" title=\"Jetzt per \u00dcberweisung spenden\" href=\"faire-un-don-par-virement\/\">Faire un don par virement<\/a><\/p>\n<p>[\/vc_column_text][\/vc_column][vc_column width=&#8221;1\/3&#8243;][vc_column_text]<\/p>\n<h3 style=\"text-align: center;\">Faire le don d\u2019un \u00e9l\u00e9ment d\u00e9coratif<\/h3>\n<p><img decoding=\"async\" class=\"img-responsive aligncenter\" title=\"start_img_se_po\" src=\"http:\/\/berliner-schloss.de\/wp-content\/uploads\/start_img_se_po.jpg\" alt=\"\" width=\"100%\" \/><\/p>\n<p>&nbsp;<\/p>\n<p style=\"text-align: center;\"><a class=\"btn btn-primary btn-lg\" title=\"Donner\" href=\"https:\/\/secure.berliner-schloss.de\/fr\">Donner<\/a><\/p>\n<p>[\/vc_column_text][\/vc_column][vc_column width=&#8221;1\/3&#8243;][vc_column_text width=&#8221;1\/1&#8243; el_position=&#8221;first last&#8221;]<\/p>\n<h3 style=\"text-align: center;\">Liste des donateurs<\/h3>\n<p style=\"text-align: center;\">Ici vous pouvez voir une liste non exhaustive de nos donateurs.<\/p>\n<p style=\"text-align: center;\"><a class=\"btn btn-primary btn-lg nolink\" title=\"Spender anzeigen\" href=\"https:\/\/secure.berliner-schloss.de\/fr\/listedonateurs\">Liste des donateurs<\/a><\/p>\n<p>[\/vc_column_text][\/vc_column][\/vc_row]<\/p>\n<\/div>","protected":false},"excerpt":{"rendered":"<p>Erfahren Sie alles rund um Ihre faszinierenden Spendenm\u00f6glichkeiten<\/p>\n","protected":false},"author":1,"featured_media":545933,"parent":0,"menu_order":25,"comment_status":"closed","ping_status":"closed","template":"page-nowidget.php","meta":{"_acf_changed":false,"footnotes":""},"class_list":["post-546843","page","type-page","status-publish","has-post-thumbnail","hentry"],"acf":[],"_links":{"self":[{"href":"https:\/\/berliner-schloss.de\/fr\/wp-json\/wp\/v2\/pages\/546843","targetHints":{"allow":["GET"]}}],"collection":[{"href":"https:\/\/berliner-schloss.de\/fr\/wp-json\/wp\/v2\/pages"}],"about":[{"href":"https:\/\/berliner-schloss.de\/fr\/wp-json\/wp\/v2\/types\/page"}],"author":[{"embeddable":true,"href":"https:\/\/berliner-schloss.de\/fr\/wp-json\/wp\/v2\/users\/1"}],"replies":[{"embeddable":true,"href":"https:\/\/berliner-schloss.de\/fr\/wp-json\/wp\/v2\/comments?post=546843"}],"version-history":[{"count":20,"href":"https:\/\/berliner-schloss.de\/fr\/wp-json\/wp\/v2\/pages\/546843\/revisions"}],"predecessor-version":[{"id":550853,"href":"https:\/\/berliner-schloss.de\/fr\/wp-json\/wp\/v2\/pages\/546843\/revisions\/550853"}],"wp:featuredmedia":[{"embeddable":true,"href":"https:\/\/berliner-schloss.de\/fr\/wp-json\/"}],"wp:attachment":[{"href":"https:\/\/berliner-schloss.de\/fr\/wp-json\/wp\/v2\/media?parent=546843"}],"curies":[{"name":"wp","href":"https:\/\/api.w.org\/{rel}","templated":true}]}}