{"id":546841,"date":"2014-10-06T15:35:14","date_gmt":"2014-10-06T13:35:14","guid":{"rendered":"http:\/\/berliner-schloss.de\/?page_id=546841"},"modified":"2015-06-05T09:39:11","modified_gmt":"2015-06-05T09:39:11","slug":"la-humboldt-box","status":"publish","type":"page","link":"https:\/\/berliner-schloss.de\/fr\/actualits\/la-humboldt-box\/","title":{"rendered":"La Humboldt Box"},"content":{"rendered":"<div class=\"wpb-content-wrapper\"><p>[vc_row][vc_column][vc_column_text]<\/p>\n<h2>Dans la Humboldt-Box sur la Schlossplatz, l\u2019exposition sur la reconstruction du ch\u00e2teau de Berlin<\/h2>\n<p>[\/vc_column_text][vc_single_image image=&#8221;548486&#8243; alignment=&#8221;center&#8221; border_color=&#8221;grey&#8221; img_link_large=&#8221;yes&#8221; img_link_target=&#8221;_self&#8221; img_size=&#8221;full&#8221;][vc_row_inner][vc_column_inner width=&#8221;2\/3&#8243;][vc_column_text]Depuis 2011, directement sur la zone de chantiers, l\u2019association F\u00f6rderverein Berliner Schloss e.V. organise un centre d\u2019information repr\u00e9sentatif sur la reconstruction du ch\u00e2teau de Berlin dans la Humboldt Box ; de ses terrasses, l l\u2019avanc\u00e9e des travaux peut \u00eatre observ\u00e9e.<\/p>\n<p>Au premier \u00e9tage de la Humboldt Box sont pr\u00e9sent\u00e9s les temps forts de la reconstruction du ch\u00e2teau. De 10h00 \u00e0 20h00, des b\u00e9n\u00e9voles vous y accueillent et r\u00e9pondent \u00e0 toutes vos questions de mani\u00e8re tr\u00e8s comp\u00e9tente.<\/p>\n<p>L\u2019exposition est illustr\u00e9e par un immense mod\u00e8le de Berlin au tournant du XXe si\u00e8cle et par des prototypes du savoir-faire des sculpteurs dans la reconstruction des facades du ch\u00e2teau. Dans un petit cin\u00e9ma des films importants sur le ch\u00e2teau sont pr\u00e9sent\u00e9s. Vous \u00eates aussi bienvenus en tant que donateur : pour cela, nous avons cr\u00e9\u00e9 une infrastructure particuli\u00e8re avec une \u00ab machine \u00e0 dons \u00bb qui imprime directement une confirmation de dons et bien s\u00fbr avec le conseil des employ\u00e9s b\u00e9n\u00e9voles.<br \/>\nTous les jours ont lieu des visites comment\u00e9es sur inscription aupr\u00e8s de M. Gunther K\u00e4mmerer, (portable +49 (0)171 \/ 70 12 567) ou directement \u00e0 la Box (t\u00e9l 030 \/ 2067 3093).[\/vc_column_text][\/vc_column_inner][vc_column_inner width=&#8221;1\/3&#8243;][vc_single_image image=&#8221;549824&#8243; alignment=&#8221;center&#8221; border_color=&#8221;grey&#8221; img_link_large=&#8221;yes&#8221; img_link_target=&#8221;_self&#8221; img_size=&#8221;full&#8221;][\/vc_column_inner][\/vc_row_inner][vc_row_inner][vc_column_inner width=&#8221;1\/2&#8243;][vc_single_image image=&#8221;549767&#8243; alignment=&#8221;center&#8221; border_color=&#8221;grey&#8221; img_link_large=&#8221;yes&#8221; img_link_target=&#8221;_self&#8221; img_size=&#8221;full&#8221;][\/vc_column_inner][vc_column_inner width=&#8221;1\/2&#8243;][vc_column_text]Les temps forts de notre exposition :<\/p>\n<ul>\n<li>Le passionnant mod\u00e8le du Berlin historique au d\u00e9but du XXe si\u00e8cle allant de la porte de Brandebourg au ch\u00e2teau, ainsi que de l\u2019\u00eele aux Mus\u00e9es jusqu\u2019au Gendarmenmarkt. Sur pr\u00e8s de 30m\u00b2 Horst D\u00fchring et son \u00e9quipe pr\u00e9sentent un parfait vieux Berlin et tr\u00e8s d\u00e9taill\u00e9. Une vue d\u2019ensemble qui prouve que sans le ch\u00e2teau, Berlin ne ressemble \u00e0 rien. L\u2019\u00e9quipe de mod\u00e9listes compl\u00e8te toujours peu \u00e0 peu cette \u0153uvre.<\/li>\n<li>Les mod\u00e8les en pl\u00e2tre des \u00e9l\u00e9ments des axes de fen\u00eatres de Schl\u00fcter \u00e0 l\u2019\u00e9chelle grandeur r\u00e9elle sont pr\u00e9vus comme mod\u00e8les pour le transposition en gr\u00e8s.<br \/>\nUn acc\u00e8s internet permet aussi de donner votre \u00e9l\u00e9ment de construction ou un \u00e9l\u00e9ment d\u00e9coratif des fa\u00e7ades du ch\u00e2teau.<\/li>\n<\/ul>\n<p>[\/vc_column_text][\/vc_column_inner][\/vc_row_inner][vc_column_text]<\/p>\n<ul>\n<li>En plus il y a un immense espace r\u00e9serv\u00e9 \u00e0 l\u2019histoire du ch\u00e2teau avec de nombreuses photos et bien s\u00fbr \u00e9galement la pr\u00e9sentation du nouveau ch\u00e2teau en Humboldt Forum selon les projets de Franco Stella avec des illustrations, des plans, un mod\u00e8le d\u00e9taill\u00e9 et un \u00ab mod\u00e8le \u00e0 tiroirs \u00bb pr\u00e9sentant chaque \u00e9tage du ch\u00e2teau pour mettre en valeur chaque concept d\u2019utiliation. Un \u00e9cran tactile r\u00e9pond \u00e0 vos questions..<\/li>\n<\/ul>\n<p>[\/vc_column_text][vc_row_inner][vc_column_inner width=&#8221;1\/2&#8243;][vc_column_text]Aux \u00e9tages sup\u00e9rieurs de la Humboldt Box est pr\u00e9sent\u00e9 le Humboldt Forum et tout en haut se trouve un restaurant avec des terrasses offrant par ses terrasses un panorama de Berlin et une vue sur les travaux du ch\u00e2teau.<\/p>\n<p>Venez nous rendre visite, nous vous accueillerons\u00a0! (Entr\u00e9e 4 Euro, r\u00e9duite pour les familles et les groupes)[\/vc_column_text][\/vc_column_inner][vc_column_inner width=&#8221;1\/2&#8243;][vc_single_image image=&#8221;549077&#8243; alignment=&#8221;center&#8221; border_color=&#8221;grey&#8221; img_link_large=&#8221;yes&#8221; img_link_target=&#8221;_self&#8221; img_size=&#8221;full&#8221;][\/vc_column_inner][\/vc_row_inner][\/vc_column][\/vc_row]<\/p>\n<\/div>","protected":false},"excerpt":{"rendered":"<p>Rendez-vous &#224; notre centre d&#8217;informati<\/p>\n","protected":false},"author":1,"featured_media":0,"parent":550751,"menu_order":146,"comment_status":"closed","ping_status":"closed","template":"","meta":{"_acf_changed":false,"footnotes":""},"class_list":["post-546841","page","type-page","status-publish","hentry"],"acf":[],"_links":{"self":[{"href":"https:\/\/berliner-schloss.de\/fr\/wp-json\/wp\/v2\/pages\/546841","targetHints":{"allow":["GET"]}}],"collection":[{"href":"https:\/\/berliner-schloss.de\/fr\/wp-json\/wp\/v2\/pages"}],"about":[{"href":"https:\/\/berliner-schloss.de\/fr\/wp-json\/wp\/v2\/types\/page"}],"author":[{"embeddable":true,"href":"https:\/\/berliner-schloss.de\/fr\/wp-json\/wp\/v2\/users\/1"}],"replies":[{"embeddable":true,"href":"https:\/\/berliner-schloss.de\/fr\/wp-json\/wp\/v2\/comments?post=546841"}],"version-history":[{"count":6,"href":"https:\/\/berliner-schloss.de\/fr\/wp-json\/wp\/v2\/pages\/546841\/revisions"}],"predecessor-version":[{"id":550439,"href":"https:\/\/berliner-schloss.de\/fr\/wp-json\/wp\/v2\/pages\/546841\/revisions\/550439"}],"up":[{"embeddable":true,"href":"https:\/\/berliner-schloss.de\/fr\/wp-json\/wp\/v2\/pages\/550751"}],"wp:attachment":[{"href":"https:\/\/berliner-schloss.de\/fr\/wp-json\/wp\/v2\/media?parent=546841"}],"curies":[{"name":"wp","href":"https:\/\/api.w.org\/{rel}","templated":true}]}}