{"id":546837,"date":"2014-10-06T15:32:33","date_gmt":"2014-10-06T13:32:33","guid":{"rendered":"http:\/\/berliner-schloss.de\/?page_id=546837"},"modified":"2025-05-09T12:51:53","modified_gmt":"2025-05-09T12:51:53","slug":"notre-journal-berliner-extrablatt","status":"publish","type":"page","link":"https:\/\/berliner-schloss.de\/fr\/actualits\/notre-journal-berliner-extrablatt\/","title":{"rendered":"Notre journal: Berliner Extrablatt"},"content":{"rendered":"<div class=\"wpb-content-wrapper\"><p>[vc_row][vc_column][vc_column_text css=&#8221;&#8221;]<\/p>\n<h1><b><b>\u201eBerliner Extrablatt\u201c, le <\/b>journal sur la reconstruction en <\/b><\/h1>\n<h1><b>allemand et en anglais<\/b><\/h1>\n<p>&nbsp;<\/p>\n<h2 style=\"text-align: center;\">Germanophone<\/h2>\n<div id=\"bcrn2aixBK\" data-borlabs-cookie-blocked-content><div class=\"borlabs-cookie-bct-default\"> <p>Click on the button below to load the content of online.fliphtml5.com.<br> <a role=\"button\" data-borlabs-cookie-unblock>Load content<\/a><\/p> <\/div><\/div>\n<h2 style=\"text-align: center;\">Anglophone<\/h2>\n<div id=\"bcwWcuwIIP\" data-borlabs-cookie-blocked-content><div class=\"borlabs-cookie-bct-default\"> <p>Click on the button below to load the content of online.fliphtml5.com.<br> <a role=\"button\" data-borlabs-cookie-unblock>Load content<\/a><\/p> <\/div><\/div>\n<p>&nbsp;<\/p>\n<p>&nbsp;<\/p>\n<p><strong>Ce journal est notre principale source d&#8217;informations imprim\u00e9e. <\/strong>Distribu\u00e9 \u00e0 plus de 3 millions d&#8217;exemplaires, il reprend avec de maintes illustrations (presque) toutes les informations sur la reconstruction du ch\u00e2teau de Berlin. En principe, il est actualis\u00e9 en d\u00e9but d\u2019ann\u00e9e et \u00e0 l\u2019automne et relaie aussi de fa\u00e7on continue les \u00e9v\u00e9nements majeurs.<\/p>\n<p>Afin d\u2019\u00e9viter des r\u00e9p\u00e9titions permanentes dans la nouvelle \u00e9dition et de laisser la place \u00e0 l\u2019\u00e9volution du Humboldt Forum, nous avons compil\u00e9 les articles et les essais des ann\u00e9es 1998 \u00e0 2011 en un &#8220;best of&#8221; <span style=\"text-decoration: underline;\"><em>das Beste vom Extrablatt<\/em><\/span>. Celui-ci peut \u00eatre command\u00e9 gratuitement.<\/p>\n<p>Il existe aussi une \u00e9dition anglaise \u00ab\u00a0 the Berliner Schloss Post\u00a0\u00bb.<\/p>\n<p>La version actuelle ainsi que les autres versions du \u00ab\u00a0Berliner Extrablatt\u00a0\u00bb peuvent \u00eatre lues en ligne ou sur papier. Les anciennes versions en lignes sont repertori\u00e9es dans notre archive.<\/p>\n<p>Nous vous serons reconnaissants si vous participez \u00e0 sa diffusion et le mettez gratuitement \u00e0 disposition de votre famille, amis et connaissances, aussi aupr\u00e8s de vos clients, patients, h\u00f4tes, \u2026 Pour cela vous recevrez par la poste un carton de 100 exemplaires imprim\u00e9 des fa\u00e7ades du ch\u00e2teau. Nous vous remercions d\u00e9j\u00e0 pour votre soutien.<\/p>\n<p>Pour commander la version imprim\u00e9e, par <a href=\"http:\/\/berliner-schloss.de\/aktuelle-infos\/berliner-extrablatt-archiv\">ici<\/a>[\/vc_column_text][\/vc_column][\/vc_row]<\/p>\n<\/div>","protected":false},"excerpt":{"rendered":"<p>Journal gratuit de 56p. sur le chateau en allemand.<\/p>\n","protected":false},"author":1,"featured_media":551013,"parent":550751,"menu_order":36,"comment_status":"closed","ping_status":"closed","template":"","meta":{"_acf_changed":false,"footnotes":""},"class_list":["post-546837","page","type-page","status-publish","has-post-thumbnail","hentry"],"acf":[],"_links":{"self":[{"href":"https:\/\/berliner-schloss.de\/fr\/wp-json\/wp\/v2\/pages\/546837","targetHints":{"allow":["GET"]}}],"collection":[{"href":"https:\/\/berliner-schloss.de\/fr\/wp-json\/wp\/v2\/pages"}],"about":[{"href":"https:\/\/berliner-schloss.de\/fr\/wp-json\/wp\/v2\/types\/page"}],"author":[{"embeddable":true,"href":"https:\/\/berliner-schloss.de\/fr\/wp-json\/wp\/v2\/users\/1"}],"replies":[{"embeddable":true,"href":"https:\/\/berliner-schloss.de\/fr\/wp-json\/wp\/v2\/comments?post=546837"}],"version-history":[{"count":12,"href":"https:\/\/berliner-schloss.de\/fr\/wp-json\/wp\/v2\/pages\/546837\/revisions"}],"predecessor-version":[{"id":551114,"href":"https:\/\/berliner-schloss.de\/fr\/wp-json\/wp\/v2\/pages\/546837\/revisions\/551114"}],"up":[{"embeddable":true,"href":"https:\/\/berliner-schloss.de\/fr\/wp-json\/wp\/v2\/pages\/550751"}],"wp:featuredmedia":[{"embeddable":true,"href":"https:\/\/berliner-schloss.de\/fr\/wp-json\/wp\/v2\/media\/551013"}],"wp:attachment":[{"href":"https:\/\/berliner-schloss.de\/fr\/wp-json\/wp\/v2\/media?parent=546837"}],"curies":[{"name":"wp","href":"https:\/\/api.w.org\/{rel}","templated":true}]}}