{"id":546833,"date":"2014-10-06T15:27:36","date_gmt":"2014-10-06T13:27:36","guid":{"rendered":"http:\/\/berliner-schloss.de\/?page_id=546833"},"modified":"2017-10-12T08:07:56","modified_gmt":"2017-10-12T08:07:56","slug":"archives-du-berliner-extrablatt","status":"publish","type":"page","link":"https:\/\/berliner-schloss.de\/fr\/actualits\/archives-du-berliner-extrablatt\/","title":{"rendered":"Archives du Berliner Extrablatt"},"content":{"rendered":"<div class=\"wpb-content-wrapper\"><p>[vc_row][vc_column][vc_column_text]<\/p>\n<h1>Archives du Berliner-Extrablatt<\/h1>\n<p>[\/vc_column_text][vc_row_inner][vc_column_inner width=&#8221;1\/2&#8243;][vc_column_text]Ici sont repertori\u00e9es les publications pr\u00e9c\u00e9dentes du Berliner Extrablatt, le journal de la reconstruction du ch\u00e2teau de Berlin.[\/vc_column_text][\/vc_column_inner][vc_column_inner width=&#8221;1\/2&#8243;][vc_column_text]<\/p>\n<h3>\u00a0Berliner Extrablatt 87<\/h3>\n<p>[\/vc_column_text][vc_column_text]<div id=\"bceSDcNPUf\" data-borlabs-cookie-blocked-content><div class=\"borlabs-cookie-bct-default\"> <p>Click on the button below to load the content of e.issuu.com.<br> <a role=\"button\" data-borlabs-cookie-unblock>Load content<\/a><\/p> <\/div><\/div>[\/vc_column_text][vc_column_text]Download:\u00a0<a href=\"http:\/\/berliner-schloss.de\/wp-content\/uploads\/Berliner-Schloss_Extrablatt-87_Gesamtausgabe_neu.pdf\" target=\"_blank\" rel=\"noopener noreferrer\">Berliner_Extrablatt_87<\/a>[\/vc_column_text][\/vc_column_inner][\/vc_row_inner][\/vc_column][\/vc_row][vc_row][vc_column width=&#8221;1\/2&#8243;][vc_column_text]<\/p>\n<h3>\u00a0Berliner Extrablatt 86<\/h3>\n<p>[\/vc_column_text][vc_column_text]<div id=\"bcEjkkjRa3\" data-borlabs-cookie-blocked-content><div class=\"borlabs-cookie-bct-default\"> <p>Click on the button below to load the content of e.issuu.com.<br> <a role=\"button\" data-borlabs-cookie-unblock>Load content<\/a><\/p> <\/div><\/div>[\/vc_column_text][vc_column_text]Download:\u00a0<a href=\"http:\/\/berliner-schloss.de\/wp-content\/uploads\/berliner_extrablatt_86.pdf\" target=\"_blank\" rel=\"noopener noreferrer\">Berliner_Extrablatt_86<\/a>[\/vc_column_text][\/vc_column][vc_column width=&#8221;1\/2&#8243;][vc_column_text]<\/p>\n<h3>\u00a0Berliner Extrablatt 85<\/h3>\n<p>[\/vc_column_text][vc_column_text]<div id=\"bcpIbjuMby\" data-borlabs-cookie-blocked-content><div class=\"borlabs-cookie-bct-default\"> <p>Click on the button below to load the content of e.issuu.com.<br> <a role=\"button\" data-borlabs-cookie-unblock>Load content<\/a><\/p> <\/div><\/div>[\/vc_column_text][vc_column_text]Download:\u00a0<a href=\"http:\/\/berliner-schloss.de\/wp-content\/uploads\/berliner_extrablatt_85.pdf\" target=\"_blank\" rel=\"noopener noreferrer\">Berliner_Extrablatt_85<\/a>[\/vc_column_text][\/vc_column][\/vc_row][vc_row][vc_column width=&#8221;1\/2&#8243;][vc_column_text]<\/p>\n<h3>\u00a0Berliner Extrablatt 84<\/h3>\n<p>[\/vc_column_text][vc_column_text]<div id=\"bc19tOjm0o\" data-borlabs-cookie-blocked-content><div class=\"borlabs-cookie-bct-default\"> <p>Click on the button below to load the content of e.issuu.com.<br> <a role=\"button\" data-borlabs-cookie-unblock>Load content<\/a><\/p> <\/div><\/div>[\/vc_column_text][vc_column_text]Download:\u00a0<a href=\"http:\/\/berliner-schloss.de\/wp-content\/uploads\/berliner_extrablatt_84.pdf\" target=\"_blank\" rel=\"noopener noreferrer\">Berliner_Extrablatt_84<\/a>[\/vc_column_text][\/vc_column][vc_column width=&#8221;1\/2&#8243;][vc_column_text]<\/p>\n<h3>Berliner Extrablatt 83<\/h3>\n<p>[\/vc_column_text][vc_column_text]<\/p>\n<div id=\"bczrCwJRAt\" data-borlabs-cookie-blocked-content><div class=\"borlabs-cookie-bct-default\"> <p>Click on the button below to load the content of e.issuu.com.<br> <a role=\"button\" data-borlabs-cookie-unblock>Load content<\/a><\/p> <\/div><\/div>\n<p>[\/vc_column_text][vc_column_text]<\/p>\n<p>Download:\u00a0<a href=\"http:\/\/berliner-schloss.de\/wp-content\/uploads\/berliner_extrablatt_83.pdf\" target=\"_blank\" rel=\"noopener noreferrer\">Berliner_Extrablatt_83<\/a><\/p>\n<p>[\/vc_column_text][\/vc_column][\/vc_row][vc_row][vc_column width=&#8221;1\/2&#8243;][vc_column_text]<\/p>\n<h3>Berliner Extrablatt 82<\/h3>\n<p>[\/vc_column_text][vc_column_text]<\/p>\n<div id=\"bc4Ptv6b0Z\" data-borlabs-cookie-blocked-content><div class=\"borlabs-cookie-bct-default\"> <p>Click on the button below to load the content of e.issuu.com.<br> <a role=\"button\" data-borlabs-cookie-unblock>Load content<\/a><\/p> <\/div><\/div>\n<p>[\/vc_column_text][vc_column_text]<\/p>\n<p>Download:\u00a0<a href=\"http:\/\/berliner-schloss.de\/wp-content\/uploads\/berliner_extrablatt_82.pdf\" target=\"_blank\" rel=\"noopener noreferrer\">Berliner_Extrablatt_82<\/a><\/p>\n<p>[\/vc_column_text][\/vc_column][vc_column width=&#8221;1\/2&#8243;][vc_column_text css=&#8221;.vc_custom_1414047201170{margin-bottom: -10px !important;}&#8221;]<\/p>\n<h3>Berliner Extrablatt\u00a081<\/h3>\n<p>[\/vc_column_text][vc_column_text]<\/p>\n<div id=\"bcrOgLq9NV\" data-borlabs-cookie-blocked-content><div class=\"borlabs-cookie-bct-default\"> <p>Click on the button below to load the content of e.issuu.com.<br> <a role=\"button\" data-borlabs-cookie-unblock>Load content<\/a><\/p> <\/div><\/div>\n<p>[\/vc_column_text][vc_column_text]<\/p>\n<p>Download:\u00a0<a href=\"http:\/\/berliner-schloss.de\/wp-content\/uploads\/berliner_extrablatt_81.pdf\" target=\"_blank\" rel=\"noopener noreferrer\">Berliner_Extrablatt_81<\/a><\/p>\n<p>[\/vc_column_text][\/vc_column][\/vc_row][vc_row][vc_column width=&#8221;1\/2&#8243;][vc_column_text css=&#8221;.vc_custom_1414046898854{margin-bottom: -10px !important;}&#8221;]<\/p>\n<h3>Berliner Extrablatt 80<\/h3>\n<p>[\/vc_column_text][vc_column_text]<\/p>\n<div id=\"bc8540AYXV\" data-borlabs-cookie-blocked-content><div class=\"borlabs-cookie-bct-default\"> <p>Click on the button below to load the content of e.issuu.com.<br> <a role=\"button\" data-borlabs-cookie-unblock>Load content<\/a><\/p> <\/div><\/div>\n<p>[\/vc_column_text][vc_column_text]<\/p>\n<p>Download:\u00a0<a href=\"http:\/\/berliner-schloss.de\/wp-content\/uploads\/berliner_extrablatt_80.pdf\" target=\"_blank\" rel=\"noopener noreferrer\">Berliner_Extrablatt_80<\/a><\/p>\n<p>[\/vc_column_text][\/vc_column][vc_column width=&#8221;1\/2&#8243;][vc_column_text css=&#8221;.vc_custom_1414046921189{margin-bottom: -10px !important;}&#8221;]<\/p>\n<h3>Berliner Extrablatt\u00a079<\/h3>\n<p>[\/vc_column_text][vc_column_text]<\/p>\n<div id=\"bcox1xjhen\" data-borlabs-cookie-blocked-content><div class=\"borlabs-cookie-bct-default\"> <p>Click on the button below to load the content of e.issuu.com.<br> <a role=\"button\" data-borlabs-cookie-unblock>Load content<\/a><\/p> <\/div><\/div>\n<p>[\/vc_column_text][vc_column_text]<\/p>\n<p>Download:\u00a0<a href=\"http:\/\/berliner-schloss.de\/wp-content\/uploads\/berliner_extrablatt_79.pdf\" target=\"_blank\" rel=\"noopener noreferrer\">Berliner_Extrablatt_79<\/a><\/p>\n<p>[\/vc_column_text][\/vc_column][\/vc_row][vc_row][vc_column width=&#8221;1\/2&#8243;][vc_column_text css=&#8221;.vc_custom_1414046935942{margin-bottom: -10px !important;}&#8221;]<\/p>\n<h3>Berliner Extrablatt\u00a077<\/h3>\n<p>[\/vc_column_text][vc_column_text]<\/p>\n<div id=\"bcwoxhwjMh\" data-borlabs-cookie-blocked-content><div class=\"borlabs-cookie-bct-default\"> <p>Click on the button below to load the content of e.issuu.com.<br> <a role=\"button\" data-borlabs-cookie-unblock>Load content<\/a><\/p> <\/div><\/div>\n<p>[\/vc_column_text][vc_column_text]<\/p>\n<p>Download:\u00a0<a href=\"http:\/\/berliner-schloss.de\/wp-content\/uploads\/berliner_extrablatt_77.pdf\" target=\"_blank\" rel=\"noopener noreferrer\">Berliner_Extrablatt_77<\/a><\/p>\n<p>[\/vc_column_text][\/vc_column][vc_column width=&#8221;1\/2&#8243;][vc_column_text css=&#8221;.vc_custom_1414046951005{margin-bottom: -10px !important;}&#8221;]<\/p>\n<h3>Berliner Extrablatt\u00a076<\/h3>\n<p>[\/vc_column_text][vc_column_text]<\/p>\n<div id=\"bc9lGFjnUY\" data-borlabs-cookie-blocked-content><div class=\"borlabs-cookie-bct-default\"> <p>Click on the button below to load the content of e.issuu.com.<br> <a role=\"button\" data-borlabs-cookie-unblock>Load content<\/a><\/p> <\/div><\/div>\n<p>[\/vc_column_text][vc_column_text]<\/p>\n<p>Download:\u00a0<a href=\"http:\/\/berliner-schloss.de\/wp-content\/uploads\/berliner_extrablatt_76.pdf\" target=\"_blank\" rel=\"noopener noreferrer\">Berliner_Extrablatt_76<\/a><\/p>\n<p>[\/vc_column_text][\/vc_column][\/vc_row][vc_row][vc_column width=&#8221;1\/2&#8243;][vc_column_text css=&#8221;.vc_custom_1414046966709{margin-bottom: -10px !important;}&#8221;]<\/p>\n<h3>Berliner Extrablatt\u00a074<\/h3>\n<p>[\/vc_column_text][vc_column_text]<\/p>\n<div id=\"bc5GpD8kIF\" data-borlabs-cookie-blocked-content><div class=\"borlabs-cookie-bct-default\"> <p>Click on the button below to load the content of e.issuu.com.<br> <a role=\"button\" data-borlabs-cookie-unblock>Load content<\/a><\/p> <\/div><\/div>\n<p>[\/vc_column_text][vc_column_text]<\/p>\n<p>Download:\u00a0<a href=\"http:\/\/berliner-schloss.de\/wp-content\/uploads\/berliner_extrablatt_74.pdf\" target=\"_blank\" rel=\"noopener noreferrer\">Berliner_Extrablatt_74<\/a><\/p>\n<p>[\/vc_column_text][\/vc_column][vc_column width=&#8221;1\/2&#8243;][vc_column_text css=&#8221;.vc_custom_1414046983845{margin-bottom: -10px !important;}&#8221;]<\/p>\n<h3>Berliner Extrablatt\u00a072<\/h3>\n<p>[\/vc_column_text][vc_column_text]<\/p>\n<div id=\"bcDExywzPt\" data-borlabs-cookie-blocked-content><div class=\"borlabs-cookie-bct-default\"> <p>Click on the button below to load the content of e.issuu.com.<br> <a role=\"button\" data-borlabs-cookie-unblock>Load content<\/a><\/p> <\/div><\/div>\n<p>[\/vc_column_text][vc_column_text]<\/p>\n<p>Download:\u00a0<a href=\"http:\/\/berliner-schloss.de\/wp-content\/uploads\/berliner_extrablatt_72.pdf\" target=\"_blank\" rel=\"noopener noreferrer\">Berliner_Extrablatt_72<\/a><\/p>\n<p>[\/vc_column_text][\/vc_column][\/vc_row][vc_row][vc_column width=&#8221;1\/2&#8243;][vc_column_text css=&#8221;.vc_custom_1414046996638{margin-bottom: -10px !important;}&#8221;]<\/p>\n<h3>Berliner Extrablatt\u00a070<\/h3>\n<p>[\/vc_column_text][vc_column_text]<\/p>\n<div id=\"bcITHnOl4P\" data-borlabs-cookie-blocked-content><div class=\"borlabs-cookie-bct-default\"> <p>Click on the button below to load the content of e.issuu.com.<br> <a role=\"button\" data-borlabs-cookie-unblock>Load content<\/a><\/p> <\/div><\/div>\n<p>[\/vc_column_text][vc_column_text]<\/p>\n<p>Download:\u00a0<a href=\"http:\/\/berliner-schloss.de\/wp-content\/uploads\/berliner_extrablatt_70.pdf\" target=\"_blank\" rel=\"noopener noreferrer\">Berliner_Extrablatt_70<\/a><\/p>\n<p>[\/vc_column_text][\/vc_column][vc_column width=&#8221;1\/2&#8243;][vc_column_text css=&#8221;.vc_custom_1414047009094{margin-bottom: -10px !important;}&#8221;]<\/p>\n<h3>Best of Berliner Extrablatt<\/h3>\n<p>[\/vc_column_text][vc_column_text]<\/p>\n<div id=\"bcSQVNA2lL\" data-borlabs-cookie-blocked-content><div class=\"borlabs-cookie-bct-default\"> <p>Click on the button below to load the content of e.issuu.com.<br> <a role=\"button\" data-borlabs-cookie-unblock>Load content<\/a><\/p> <\/div><\/div>\n<p>[\/vc_column_text][vc_column_text]<\/p>\n<p>Download:\u00a0<a href=\"http:\/\/berliner-schloss.de\/wp-content\/uploads\/best_of_berliner_extrablatt.pdf\" target=\"_blank\" rel=\"noopener noreferrer\">Best_Of_Berliner_Extrablatt<\/a><\/p>\n<p>[\/vc_column_text][\/vc_column][\/vc_row]<\/p>\n<\/div>","protected":false},"excerpt":{"rendered":"<p>[vc_row][vc_column][vc_column_text] Archives du Berliner-Extrablatt [\/vc_column_text][vc_row_inner][vc_column_inner width=&#8221;1\/2&#8243;][vc_column_text]Ici sont repertori\u00e9es les publications pr\u00e9c\u00e9dentes du Berliner Extrablatt, le journal de la reconstruction du ch\u00e2teau de Berlin.[\/vc_column_text][\/vc_column_inner][vc_column_inner width=&#8221;1\/2&#8243;][vc_column_text] \u00a0Berliner Extrablatt 87 [\/vc_column_text][vc_column_text] Click on [&hellip;]<\/p>\n","protected":false},"author":1,"featured_media":551014,"parent":550751,"menu_order":37,"comment_status":"closed","ping_status":"closed","template":"","meta":{"_acf_changed":false,"footnotes":""},"class_list":["post-546833","page","type-page","status-publish","has-post-thumbnail","hentry"],"acf":[],"_links":{"self":[{"href":"https:\/\/berliner-schloss.de\/fr\/wp-json\/wp\/v2\/pages\/546833","targetHints":{"allow":["GET"]}}],"collection":[{"href":"https:\/\/berliner-schloss.de\/fr\/wp-json\/wp\/v2\/pages"}],"about":[{"href":"https:\/\/berliner-schloss.de\/fr\/wp-json\/wp\/v2\/types\/page"}],"author":[{"embeddable":true,"href":"https:\/\/berliner-schloss.de\/fr\/wp-json\/wp\/v2\/users\/1"}],"replies":[{"embeddable":true,"href":"https:\/\/berliner-schloss.de\/fr\/wp-json\/wp\/v2\/comments?post=546833"}],"version-history":[{"count":5,"href":"https:\/\/berliner-schloss.de\/fr\/wp-json\/wp\/v2\/pages\/546833\/revisions"}],"predecessor-version":[{"id":551046,"href":"https:\/\/berliner-schloss.de\/fr\/wp-json\/wp\/v2\/pages\/546833\/revisions\/551046"}],"up":[{"embeddable":true,"href":"https:\/\/berliner-schloss.de\/fr\/wp-json\/wp\/v2\/pages\/550751"}],"wp:featuredmedia":[{"embeddable":true,"href":"https:\/\/berliner-schloss.de\/fr\/wp-json\/wp\/v2\/media\/551014"}],"wp:attachment":[{"href":"https:\/\/berliner-schloss.de\/fr\/wp-json\/wp\/v2\/media?parent=546833"}],"curies":[{"name":"wp","href":"https:\/\/api.w.org\/{rel}","templated":true}]}}