{"id":546823,"date":"2014-10-06T15:20:42","date_gmt":"2014-10-06T13:20:42","guid":{"rendered":"http:\/\/berliner-schloss.de\/?page_id=546823"},"modified":"2017-06-29T14:17:30","modified_gmt":"2017-06-29T14:17:30","slug":"derniers-postes","status":"publish","type":"page","link":"https:\/\/berliner-schloss.de\/fr\/actualits\/derniers-postes\/","title":{"rendered":"Communiqu\u00e9s d&#8217;actualit\u00e9"},"content":{"rendered":"<h1>Communiqu\u00e9s d&#8217;actualit\u00e9<\/h1>\n<div class=\"post_grid\"><div class=\"row grid_row customblog_row\"><div class=\"col-lg-4 col-md-4 col-sm-4 col-xs-12 customblog_col customblog_col_  firstcol nopadding-left-noxs mb15xs\"><div class=\"inner\"><a class=\"imagelink\" title=\"Deux nouveaux espaces d&#8217;exposition de l&#8217;association de soutien F\u00f6rderverein Berliner Schloss e.V.\"  href=\"https:\/\/berliner-schloss.de\/fr\/allgemein\/deux-nouveaux-espaces-dexposition-de-lassociation-de-soutien-forderverein-berliner-schloss-e-v\/\" rel=\"bookmark\"><div class=\"imgwrapper\"><div style=\"height:100%;background:url(https:\/\/berliner-schloss.de\/fr\/wp-content\/uploads\/sites\/3\/2018\/11\/humboldt-box-stadtmodell-01-600x397-300x199.jpg); \" class=\"img_holder\" title=\"Deux nouveaux espaces d&#8217;exposition de l&#8217;association de soutien F\u00f6rderverein Berliner Schloss e.V.\"><\/div><\/div><a class=\"headlinelink\" title=\"Deux nouveaux espaces d&#8217;exposition de l&#8217;association de soutien F\u00f6rderverein Berliner Schloss e.V.\"  href=\"https:\/\/berliner-schloss.de\/fr\/allgemein\/deux-nouveaux-espaces-dexposition-de-lassociation-de-soutien-forderverein-berliner-schloss-e-v\/\" rel=\"bookmark\"><h3 class=\"link_title\">Deux nouveaux espaces d&#8217;exposition de l&#8217;association de soutien F\u00f6rderverein Berliner Schloss e.V.<\/h3><\/a>... <br\/><a class=\"morelink\" title=\"Deux nouveaux espaces d&#8217;exposition de l&#8217;association de soutien F\u00f6rderverein Berliner Schloss e.V.\"  href=\"https:\/\/berliner-schloss.de\/fr\/allgemein\/deux-nouveaux-espaces-dexposition-de-lassociation-de-soutien-forderverein-berliner-schloss-e-v\/\" rel=\"bookmark\"><span class=\"morelink_info\">weiter<\/span><\/a><\/div><\/div><div class=\"col-lg-4 col-md-4 col-sm-4 col-xs-12 customblog_col customblog_col_  mb15xs\"><div class=\"inner\"><a class=\"imagelink\" title=\"Eloge fun\u00e8bre de Bertold Just.\"  href=\"https:\/\/berliner-schloss.de\/fr\/allgemein\/eloge-funebre-de-bertold-just\/\" rel=\"bookmark\"><div class=\"imgwrapper\"><div style=\"height:100%;background:url(https:\/\/berliner-schloss.de\/fr\/wp-content\/uploads\/sites\/3\/2019\/02\/bertold-just-300x183.jpg); \" class=\"img_holder\" title=\"Eloge fun\u00e8bre de Bertold Just.\"><\/div><\/div><a class=\"headlinelink\" title=\"Eloge fun\u00e8bre de Bertold Just.\"  href=\"https:\/\/berliner-schloss.de\/fr\/allgemein\/eloge-funebre-de-bertold-just\/\" rel=\"bookmark\"><h3 class=\"link_title\">Eloge fun\u00e8bre de Bertold Just.<\/h3><\/a>... <br\/><a class=\"morelink\" title=\"Eloge fun\u00e8bre de Bertold Just.\"  href=\"https:\/\/berliner-schloss.de\/fr\/allgemein\/eloge-funebre-de-bertold-just\/\" rel=\"bookmark\"><span class=\"morelink_info\">weiter<\/span><\/a><\/div><\/div><div class=\"col-lg-4 col-md-4 col-sm-4 col-xs-12 customblog_col customblog_col_  lastcol nopadding-right-noxs mb15xs\"><div class=\"inner\"><a class=\"imagelink\" title=\"Lectures en allemand dans le temps de l&#8217;avent et des f\u00eates de No\u00ebl\"  href=\"https:\/\/berliner-schloss.de\/fr\/allgemein\/lectures-en-allemand-dans-le-temps-de-lavent-et-des-fetes-de-noel\/\" rel=\"bookmark\"><div class=\"imgwrapper\"><div style=\"height:100%;background:url(https:\/\/berliner-schloss.de\/fr\/wp-content\/uploads\/sites\/3\/2018\/11\/advent-300x279.jpg); \" class=\"img_holder\" title=\"Lectures en allemand dans le temps de l&#8217;avent et des f\u00eates de No\u00ebl\"><\/div><\/div><a class=\"headlinelink\" title=\"Lectures en allemand dans le temps de l&#8217;avent et des f\u00eates de No\u00ebl\"  href=\"https:\/\/berliner-schloss.de\/fr\/allgemein\/lectures-en-allemand-dans-le-temps-de-lavent-et-des-fetes-de-noel\/\" rel=\"bookmark\"><h3 class=\"link_title\">Lectures en allemand dans le temps de l&#8217;avent et des f\u00eates de No\u00ebl<\/h3><\/a>... <br\/><a class=\"morelink\" title=\"Lectures en allemand dans le temps de l&#8217;avent et des f\u00eates de No\u00ebl\"  href=\"https:\/\/berliner-schloss.de\/fr\/allgemein\/lectures-en-allemand-dans-le-temps-de-lavent-et-des-fetes-de-noel\/\" rel=\"bookmark\"><span class=\"morelink_info\">weiter<\/span><\/a><\/div><\/div><\/div><div class=\"row grid_row customblog_row\"><div class=\"col-lg-4 col-md-4 col-sm-4 col-xs-12 customblog_col customblog_col_  firstcol nopadding-left-noxs mb15xs\"><div class=\"inner\"><a class=\"imagelink\" title=\"PLUS QUE 3 SEMAINES : le 16 d\u00e9cembre l&#8217;exposition du ch\u00e2teau se terminera dans la Humboldt-Box!\"  href=\"https:\/\/berliner-schloss.de\/fr\/allgemein\/plus-que-3-semaines-le-16-decembre-lexposition-du-chateau-se-terminera-dans-la-humboldt-box\/\" rel=\"bookmark\"><div class=\"imgwrapper\"><div style=\"height:100%;background:url(https:\/\/berliner-schloss.de\/fr\/wp-content\/uploads\/sites\/3\/2018\/11\/humboldt-box-stadtmodell-01-600x397-300x199.jpg); \" class=\"img_holder\" title=\"PLUS QUE 3 SEMAINES : le 16 d\u00e9cembre l&#8217;exposition du ch\u00e2teau se terminera dans la Humboldt-Box!\"><\/div><\/div><a class=\"headlinelink\" title=\"PLUS QUE 3 SEMAINES : le 16 d\u00e9cembre l&#8217;exposition du ch\u00e2teau se terminera dans la Humboldt-Box!\"  href=\"https:\/\/berliner-schloss.de\/fr\/allgemein\/plus-que-3-semaines-le-16-decembre-lexposition-du-chateau-se-terminera-dans-la-humboldt-box\/\" rel=\"bookmark\"><h3 class=\"link_title\">PLUS QUE 3 SEMAINES : le 16 d\u00e9cembre l&#8217;exposition du ch\u00e2teau se terminera dans la Humboldt-Box!<\/h3><\/a>... <br\/><a class=\"morelink\" title=\"PLUS QUE 3 SEMAINES : le 16 d\u00e9cembre l&#8217;exposition du ch\u00e2teau se terminera dans la Humboldt-Box!\"  href=\"https:\/\/berliner-schloss.de\/fr\/allgemein\/plus-que-3-semaines-le-16-decembre-lexposition-du-chateau-se-terminera-dans-la-humboldt-box\/\" rel=\"bookmark\"><span class=\"morelink_info\">weiter<\/span><\/a><\/div><\/div><div class=\"col-lg-4 col-md-4 col-sm-4 col-xs-12 customblog_col customblog_col_  mb15xs\"><div class=\"inner\"><a class=\"imagelink\" title=\"Les monuments historiques inscrits au patrimoine mondial ne doivent pas devenir une gare routi\u00e8re.\"  href=\"https:\/\/berliner-schloss.de\/fr\/allgemein\/les-monuments-historiques-mondiaux-ne-doivent-pas-devenir-une-gare-routieres\/\" rel=\"bookmark\"><div class=\"imgwrapper\"><div style=\"height:100%;background:url(https:\/\/berliner-schloss.de\/fr\/wp-content\/uploads\/sites\/3\/2018\/11\/2000-berliner_schloss_von_lustgarten_vision_2012-gross-kopie-300x191-300x191.jpg); \" class=\"img_holder\" title=\"Les monuments historiques inscrits au patrimoine mondial ne doivent pas devenir une gare routi\u00e8re.\"><\/div><\/div><a class=\"headlinelink\" title=\"Les monuments historiques inscrits au patrimoine mondial ne doivent pas devenir une gare routi\u00e8re.\"  href=\"https:\/\/berliner-schloss.de\/fr\/allgemein\/les-monuments-historiques-mondiaux-ne-doivent-pas-devenir-une-gare-routieres\/\" rel=\"bookmark\"><h3 class=\"link_title\">Les monuments historiques inscrits au patrimoine mondial ne doivent pas devenir une gare routi\u00e8re.<\/h3><\/a>... <br\/><a class=\"morelink\" title=\"Les monuments historiques inscrits au patrimoine mondial ne doivent pas devenir une gare routi\u00e8re.\"  href=\"https:\/\/berliner-schloss.de\/fr\/allgemein\/les-monuments-historiques-mondiaux-ne-doivent-pas-devenir-une-gare-routieres\/\" rel=\"bookmark\"><span class=\"morelink_info\">weiter<\/span><\/a><\/div><\/div><div class=\"col-lg-4 col-md-4 col-sm-4 col-xs-12 customblog_col customblog_col_  lastcol nopadding-right-noxs mb15xs\"><div class=\"inner\"><a class=\"imagelink\" title=\"Nouvelle \u00e9dition d&#8217;affiches de l&#8217;artiste Alina Maria Sch\u00fctte.\"  href=\"https:\/\/berliner-schloss.de\/fr\/allgemein\/nouvelle-edition-daffiches-de-lartiste-alina-maria-schutte\/\" rel=\"bookmark\"><div class=\"imgwrapper\"><div style=\"height:100%;background:url(https:\/\/berliner-schloss.de\/fr\/wp-content\/uploads\/sites\/3\/2018\/09\/konzert-plakat-schuette-213x300-213x300.jpeg); \" class=\"img_holder\" title=\"Nouvelle \u00e9dition d&#8217;affiches de l&#8217;artiste Alina Maria Sch\u00fctte.\"><\/div><\/div><a class=\"headlinelink\" title=\"Nouvelle \u00e9dition d&#8217;affiches de l&#8217;artiste Alina Maria Sch\u00fctte.\"  href=\"https:\/\/berliner-schloss.de\/fr\/allgemein\/nouvelle-edition-daffiches-de-lartiste-alina-maria-schutte\/\" rel=\"bookmark\"><h3 class=\"link_title\">Nouvelle \u00e9dition d&#8217;affiches de l&#8217;artiste Alina Maria Sch\u00fctte.<\/h3><\/a>... <br\/><a class=\"morelink\" title=\"Nouvelle \u00e9dition d&#8217;affiches de l&#8217;artiste Alina Maria Sch\u00fctte.\"  href=\"https:\/\/berliner-schloss.de\/fr\/allgemein\/nouvelle-edition-daffiches-de-lartiste-alina-maria-schutte\/\" rel=\"bookmark\"><span class=\"morelink_info\">weiter<\/span><\/a><\/div><\/div><\/div><div class=\"row grid_row customblog_row\"><div class=\"col-lg-4 col-md-4 col-sm-4 col-xs-12 customblog_col customblog_col_  firstcol nopadding-left-noxs mb15xs\"><div class=\"inner\"><a class=\"imagelink\" title=\"R\u00e9sultats des concours dits du \u00ab 1 % artistique \u00bb pour le Humboldt Forum.\"  href=\"https:\/\/berliner-schloss.de\/fr\/allgemein\/resultats-des-concours-dits-du-1-artistique-pour-le-humboldt-forum\/\" rel=\"bookmark\"><div class=\"imgwrapper\"><div style=\"height:100%;background:url(https:\/\/berliner-schloss.de\/fr\/wp-content\/uploads\/sites\/3\/2018\/08\/huf3_1164_1.preis_stefansous_zeitmaschine_perspektivischedarstellung_web-300x300.jpg); \" class=\"img_holder\" title=\"R\u00e9sultats des concours dits du \u00ab 1 % artistique \u00bb pour le Humboldt Forum.\"><\/div><\/div><a class=\"headlinelink\" title=\"R\u00e9sultats des concours dits du \u00ab 1 % artistique \u00bb pour le Humboldt Forum.\"  href=\"https:\/\/berliner-schloss.de\/fr\/allgemein\/resultats-des-concours-dits-du-1-artistique-pour-le-humboldt-forum\/\" rel=\"bookmark\"><h3 class=\"link_title\">R\u00e9sultats des concours dits du \u00ab 1 % artistique \u00bb pour le Humboldt Forum.<\/h3><\/a>... <br\/><a class=\"morelink\" title=\"R\u00e9sultats des concours dits du \u00ab 1 % artistique \u00bb pour le Humboldt Forum.\"  href=\"https:\/\/berliner-schloss.de\/fr\/allgemein\/resultats-des-concours-dits-du-1-artistique-pour-le-humboldt-forum\/\" rel=\"bookmark\"><span class=\"morelink_info\">weiter<\/span><\/a><\/div><\/div><div class=\"col-lg-4 col-md-4 col-sm-4 col-xs-12 customblog_col customblog_col_  mb15xs\"><div class=\"inner\"><a class=\"imagelink\" title=\"1000 fen\u00eatres pour le ch\u00e2teau\"  href=\"https:\/\/berliner-schloss.de\/fr\/allgemein\/1000-fenetres-pour-le-chateau\/\" rel=\"bookmark\"><div class=\"imgwrapper\"><div style=\"height:100%;background:url(https:\/\/berliner-schloss.de\/fr\/wp-content\/uploads\/sites\/3\/2017\/10\/fenster-ockert-4-300x200-300x200.jpg); \" class=\"img_holder\" title=\"1000 fen\u00eatres pour le ch\u00e2teau\"><\/div><\/div><a class=\"headlinelink\" title=\"1000 fen\u00eatres pour le ch\u00e2teau\"  href=\"https:\/\/berliner-schloss.de\/fr\/allgemein\/1000-fenetres-pour-le-chateau\/\" rel=\"bookmark\"><h3 class=\"link_title\">1000 fen\u00eatres pour le ch\u00e2teau<\/h3><\/a>... <br\/><a class=\"morelink\" title=\"1000 fen\u00eatres pour le ch\u00e2teau\"  href=\"https:\/\/berliner-schloss.de\/fr\/allgemein\/1000-fenetres-pour-le-chateau\/\" rel=\"bookmark\"><span class=\"morelink_info\">weiter<\/span><\/a><\/div><\/div><div class=\"col-lg-4 col-md-4 col-sm-4 col-xs-12 customblog_col customblog_col_  lastcol nopadding-right-noxs mb15xs\"><div class=\"inner\"><a class=\"imagelink\" title=\"Prise de position de la fondation Stiftung Humboldt Forum im Berliner Schloss\"  href=\"https:\/\/berliner-schloss.de\/fr\/allgemein\/tribune-de-la-fondation-stiftung-humboldt-forum-im-berliner-schloss\/\" rel=\"bookmark\"><div class=\"imgwrapper\"><div style=\"height:100%;background:url(https:\/\/berliner-schloss.de\/fr\/wp-content\/uploads\/sites\/3\/2015\/04\/lustgarten_05-300x198.jpg); \" class=\"img_holder\" title=\"Prise de position de la fondation Stiftung Humboldt Forum im Berliner Schloss\"><\/div><\/div><a class=\"headlinelink\" title=\"Prise de position de la fondation Stiftung Humboldt Forum im Berliner Schloss\"  href=\"https:\/\/berliner-schloss.de\/fr\/allgemein\/tribune-de-la-fondation-stiftung-humboldt-forum-im-berliner-schloss\/\" rel=\"bookmark\"><h3 class=\"link_title\">Prise de position de la fondation Stiftung Humboldt Forum im Berliner Schloss<\/h3><\/a>... <br\/><a class=\"morelink\" title=\"Prise de position de la fondation Stiftung Humboldt Forum im Berliner Schloss\"  href=\"https:\/\/berliner-schloss.de\/fr\/allgemein\/tribune-de-la-fondation-stiftung-humboldt-forum-im-berliner-schloss\/\" rel=\"bookmark\"><span class=\"morelink_info\">weiter<\/span><\/a><\/div><\/div><\/div><div class=\"row grid_row customblog_row\"><div class=\"col-lg-4 col-md-4 col-sm-4 col-xs-12 customblog_col customblog_col_  firstcol nopadding-left-noxs mb15xs\"><div class=\"inner\"><a class=\"imagelink\" title=\"Lange Nacht der Museen 2017 \u2013 Le Humboldt Forum est repr\u00e9sent\u00e9 avec deux expositions\"  href=\"https:\/\/berliner-schloss.de\/fr\/allgemein\/lange-nacht-der-museen-2017-le-humboldt-forum-est-represente-avec-deux-expositions\/\" rel=\"bookmark\"><div class=\"imgwrapper\"><div style=\"height:100%;background:url(https:\/\/berliner-schloss.de\/fr\/wp-content\/uploads\/sites\/3\/2017\/08\/LANGE-NACHT-DER-MUSEEN-300x111.jpg); \" class=\"img_holder\" title=\"Lange Nacht der Museen 2017 \u2013 Le Humboldt Forum est repr\u00e9sent\u00e9 avec deux expositions\"><\/div><\/div><a class=\"headlinelink\" title=\"Lange Nacht der Museen 2017 \u2013 Le Humboldt Forum est repr\u00e9sent\u00e9 avec deux expositions\"  href=\"https:\/\/berliner-schloss.de\/fr\/allgemein\/lange-nacht-der-museen-2017-le-humboldt-forum-est-represente-avec-deux-expositions\/\" rel=\"bookmark\"><h3 class=\"link_title\">Lange Nacht der Museen 2017 \u2013 Le Humboldt Forum est repr\u00e9sent\u00e9 avec deux expositions<\/h3><\/a>... <br\/><a class=\"morelink\" title=\"Lange Nacht der Museen 2017 \u2013 Le Humboldt Forum est repr\u00e9sent\u00e9 avec deux expositions\"  href=\"https:\/\/berliner-schloss.de\/fr\/allgemein\/lange-nacht-der-museen-2017-le-humboldt-forum-est-represente-avec-deux-expositions\/\" rel=\"bookmark\"><span class=\"morelink_info\">weiter<\/span><\/a><\/div><\/div><div class=\"col-lg-4 col-md-4 col-sm-4 col-xs-12 customblog_col customblog_col_  mb15xs\"><div class=\"inner\"><a class=\"imagelink\" title=\"R\u00e9trospective des journ\u00e9es Portes ouvertes 2017\"  href=\"https:\/\/berliner-schloss.de\/fr\/allgemein\/retrospective-des-journees-portes-ouvertes-2017\/\" rel=\"bookmark\"><div class=\"imgwrapper\"><div style=\"height:100%;background:url(https:\/\/berliner-schloss.de\/fr\/wp-content\/uploads\/sites\/3\/2017\/06\/img_0533-300x200.jpg); \" class=\"img_holder\" title=\"R\u00e9trospective des journ\u00e9es Portes ouvertes 2017\"><\/div><\/div><a class=\"headlinelink\" title=\"R\u00e9trospective des journ\u00e9es Portes ouvertes 2017\"  href=\"https:\/\/berliner-schloss.de\/fr\/allgemein\/retrospective-des-journees-portes-ouvertes-2017\/\" rel=\"bookmark\"><h3 class=\"link_title\">R\u00e9trospective des journ\u00e9es Portes ouvertes 2017<\/h3><\/a>... <br\/><a class=\"morelink\" title=\"R\u00e9trospective des journ\u00e9es Portes ouvertes 2017\"  href=\"https:\/\/berliner-schloss.de\/fr\/allgemein\/retrospective-des-journees-portes-ouvertes-2017\/\" rel=\"bookmark\"><span class=\"morelink_info\">weiter<\/span><\/a><\/div><\/div><div class=\"col-lg-4 col-md-4 col-sm-4 col-xs-12 customblog_col customblog_col_  lastcol nopadding-right-noxs mb15xs\"><div class=\"inner\"><a class=\"imagelink\" title=\"Heidi Hetzer, une c\u00e9l\u00e9brit\u00e9 berlinoise de l&#8217;automobile, offre au ch\u00e2teau de Berlin une t\u00eate de lion en gr\u00e8s!\"  href=\"https:\/\/berliner-schloss.de\/fr\/allgemein\/heidi-hetzer-une-celebrite-berlinoise-de-lautomobile-offre-au-chateau-de-berlin-une-tete-de-lion-en-gres\/\" rel=\"bookmark\"><div class=\"imgwrapper\"><div style=\"height:100%;background:url(https:\/\/berliner-schloss.de\/fr\/wp-content\/uploads\/sites\/3\/2017\/06\/berliner-schloss-loewenkopf-juni-2017-ockert-300x248-300x248.jpg); \" class=\"img_holder\" title=\"Heidi Hetzer, une c\u00e9l\u00e9brit\u00e9 berlinoise de l&#8217;automobile, offre au ch\u00e2teau de Berlin une t\u00eate de lion en gr\u00e8s!\"><\/div><\/div><a class=\"headlinelink\" title=\"Heidi Hetzer, une c\u00e9l\u00e9brit\u00e9 berlinoise de l&#8217;automobile, offre au ch\u00e2teau de Berlin une t\u00eate de lion en gr\u00e8s!\"  href=\"https:\/\/berliner-schloss.de\/fr\/allgemein\/heidi-hetzer-une-celebrite-berlinoise-de-lautomobile-offre-au-chateau-de-berlin-une-tete-de-lion-en-gres\/\" rel=\"bookmark\"><h3 class=\"link_title\">Heidi Hetzer, une c\u00e9l\u00e9brit\u00e9 berlinoise de l&#8217;automobile, offre au ch\u00e2teau de Berlin une t\u00eate de lion en gr\u00e8s!<\/h3><\/a>... <br\/><a class=\"morelink\" title=\"Heidi Hetzer, une c\u00e9l\u00e9brit\u00e9 berlinoise de l&#8217;automobile, offre au ch\u00e2teau de Berlin une t\u00eate de lion en gr\u00e8s!\"  href=\"https:\/\/berliner-schloss.de\/fr\/allgemein\/heidi-hetzer-une-celebrite-berlinoise-de-lautomobile-offre-au-chateau-de-berlin-une-tete-de-lion-en-gres\/\" rel=\"bookmark\"><span class=\"morelink_info\">weiter<\/span><\/a><\/div><\/div><\/div><\/div><div class=\"footer-page-navi\"><div class='wp-pagenavi' role='navigation'>\n<span class='pages'>Page 1 sur 4<\/span><span aria-current='page' class='current'>1<\/span><a class=\"page larger\" title=\"Page 2\" href=\"https:\/\/berliner-schloss.de\/fr\/wp-json\/wp\/v2\/pages\/546823\/page\/2\/\">2<\/a><a class=\"page larger\" title=\"Page 3\" href=\"https:\/\/berliner-schloss.de\/fr\/wp-json\/wp\/v2\/pages\/546823\/page\/3\/\">3<\/a><a class=\"page larger\" title=\"Page 4\" href=\"https:\/\/berliner-schloss.de\/fr\/wp-json\/wp\/v2\/pages\/546823\/page\/4\/\">4<\/a><a class=\"nextpostslink\" rel=\"next\" aria-label=\"Next Page\" href=\"https:\/\/berliner-schloss.de\/fr\/wp-json\/wp\/v2\/pages\/546823\/page\/2\/\">&raquo;<\/a>\n<\/div><\/div>\n","protected":false},"excerpt":{"rendered":"<p>Communiqu\u00e9s d&#8217;actualit\u00e9<\/p>\n","protected":false},"author":1,"featured_media":551012,"parent":550751,"menu_order":0,"comment_status":"closed","ping_status":"closed","template":"page-nowidget.php","meta":{"_acf_changed":false,"footnotes":""},"class_list":["post-546823","page","type-page","status-publish","has-post-thumbnail","hentry"],"acf":[],"_links":{"self":[{"href":"https:\/\/berliner-schloss.de\/fr\/wp-json\/wp\/v2\/pages\/546823","targetHints":{"allow":["GET"]}}],"collection":[{"href":"https:\/\/berliner-schloss.de\/fr\/wp-json\/wp\/v2\/pages"}],"about":[{"href":"https:\/\/berliner-schloss.de\/fr\/wp-json\/wp\/v2\/types\/page"}],"author":[{"embeddable":true,"href":"https:\/\/berliner-schloss.de\/fr\/wp-json\/wp\/v2\/users\/1"}],"replies":[{"embeddable":true,"href":"https:\/\/berliner-schloss.de\/fr\/wp-json\/wp\/v2\/comments?post=546823"}],"version-history":[{"count":9,"href":"https:\/\/berliner-schloss.de\/fr\/wp-json\/wp\/v2\/pages\/546823\/revisions"}],"predecessor-version":[{"id":551015,"href":"https:\/\/berliner-schloss.de\/fr\/wp-json\/wp\/v2\/pages\/546823\/revisions\/551015"}],"up":[{"embeddable":true,"href":"https:\/\/berliner-schloss.de\/fr\/wp-json\/wp\/v2\/pages\/550751"}],"wp:featuredmedia":[{"embeddable":true,"href":"https:\/\/berliner-schloss.de\/fr\/wp-json\/wp\/v2\/media\/551012"}],"wp:attachment":[{"href":"https:\/\/berliner-schloss.de\/fr\/wp-json\/wp\/v2\/media?parent=546823"}],"curies":[{"name":"wp","href":"https:\/\/api.w.org\/{rel}","templated":true}]}}