{"id":546562,"date":"2014-10-02T17:06:13","date_gmt":"2014-10-02T15:06:13","guid":{"rendered":"http:\/\/berliner-schloss.de\/?page_id=546562"},"modified":"2015-08-13T08:25:50","modified_gmt":"2015-08-13T08:25:50","slug":"mentions-lgales","status":"publish","type":"page","link":"https:\/\/berliner-schloss.de\/fr\/mentions-lgales\/","title":{"rendered":"Mentions l\u00e9gales"},"content":{"rendered":"<p>Responsable de ce site internet selon le droit des m\u00e9dia allemands\u00a0:<\/p>\n<p>Wilhelm v. Boddien<\/p>\n<p>Directeur<\/p>\n<p>F\u00f6rderverein Berliner Schloss e.V.<\/p>\n<p>Postfach 560220<\/p>\n<p>22551 Hamburg<\/p>\n<p>Tel: 0049.40.898075.0, Fax: 0049.40.898075.10<\/p>\n<p>&nbsp;<\/p>\n<p>L\u2018association F\u00f6rderverein Berliner Schloss e.V. a \u00e9t\u00e9 cr\u00e9\u00e9e en 1992 sous la d\u00e9nomination suivante :<\/p>\n<p>\u201cF\u00f6rderverein f\u00fcr die Ausstellung: Die Bedeutung des Berliner Stadtschlosses f\u00fcr die Mitte Berlins \u2013 eine Dokumentation\u201d e.V. et a \u00e9t\u00e9 inscrite au registre du tribunal administratif de Berlin-Charlottenburg le 12 f\u00e9vrier 1992 au Nr. 12716 du registre des associations.<\/p>\n<p>L\u2019assembl\u00e9e des membres a vot\u00e9 un changement de d\u00e9nomination en f\u00e9vrier 2003.<\/p>\n<p>&nbsp;<\/p>\n<p>Les droits des photographies et plans pr\u00e9sent\u00e9s sur le site appartiennent aux archives suivantes\u00a0:<\/p>\n<p>Bildarchiv Stiftung Preussicher Kulturbesitz, Berlin<br \/>\nBildarchiv Stiftung Preu\u00dfischer Schloesser und G\u00e4rten, Potsdam<br \/>\nBrandenburgisches Landesarchiv fuer Denkmalpflege, Wuenstorf<br \/>\nLandesbildstelle Berlin<br \/>\nFoerderverein\u00a0 Berliner Schloss e.V., Berlin<\/p>\n<p>Nous remercions toutes les archives de nous permettre d\u2019utiliser toute ces images.<\/p>\n<p>Les images sont pr\u00e9sent\u00e9es avec des l\u00e9gendes qui permettent de reconna\u00eetre une utilisation abusive ou une utilisation frauduleuse. Si vous \u00eates int\u00e9ress\u00e9s par nos illustrations, d\u2019\u00e9ventuels honoraires doivent \u00eatre au pr\u00e9alable r\u00e9gl\u00e9s avec l\u2019archive. Nous vous aidons volontiers dans cette d\u00e9marche.<\/p>\n<p>&nbsp;<\/p>\n<p>Le contenu de ce site ne peut \u00eatre repris qu\u2019avec notre autorisation explicite. Une infraction porte atteinte au droit d\u2019auteur du responsable du site, voire celui d\u2019une personne tiers.<\/p>\n<p>&nbsp;<\/p>\n<p>Suite \u00e0 un jugement du tribunal de Hambourg le 12 mai 1998, avec la mise en place d\u2019un lien, une co-responsabilit\u00e9 du contenu du site ou de la page internet est reconnue. A moins qu\u2019une mention de distanciation avec les contenus soit exprim\u00e9e.<\/p>\n<p>En ce sens, pour tous les liens vers des projets externes :<\/p>\n<p>Nous d\u00e9clarons formellement que nous n\u2019avons pas d\u2019influence ni sur la conception ni sur le contenu des sites dont nous pr\u00e9sentons les liens. Ainsi nous nous distancions avec tous les sites externes pr\u00e9sent\u00e9s sur notre site et ne reconnaissons pas leur contenu.<\/p>\n<p>Cette d\u00e9claration est valable pour tous les liens sur ce site internet.<\/p>\n<p>Ce site utilise des Google-Analytics et de Facebook Social Plugins.<\/p>\n<h2>Use of Google &#8211; Analytics<\/h2>\n<p>This website uses Google Analytics, a web analysis service of Google Inc. (&#8220;Google&#8221;). Google Analytics uses so-called &#8220;cookies&#8221; , text files which are stored in your computer and thereby enable an analysis of your use of the website. The information gathered by the cookies concerning your usage\u00a0 (including your IP address) is transferred to a Google server\u00a0 in the USA and stored. Google will use this information to evaluate your usage of the website in order to put together reports on the website activity\u00a0 for the site operator and\u00a0 in order to produce additional services associated with websites and internet usage. Google will also, should the situation arise, transfer this information to third parties to the extent this is legally\u00a0 stipulated or to the extent that these third parties work on this data for Google. In no event will Google combine you IP address with other data of Google&#8217;s. You can prevent the installation of cookies through the appropriate stopping of your Browser Software. We must however point out to you that in this case you may not be able to use all the functions of this website to their fullest extent.\u00a0 By using this website you declare that you are in agreement with the processing of the information received from you by Google in the above described manner and for the above-mentioned purposes.<\/p>\n<p>&nbsp;<\/p>\n<p><strong>Technique et R\u00e9alisation du site :<\/strong><\/p>\n<p><a style=\"float: left; display: block; width: 100%;\" title=\"Online Marketing &amp; Webdesign Rostock\" href=\"http:\/\/viminds.de\"><img loading=\"lazy\" decoding=\"async\" class=\"alignleft size-full wp-image-550972\" src=\"http:\/\/berliner-schloss.de\/wp-content\/uploads\/viminds-75pxhoehe.jpg\" alt=\"Online Marketing &amp; Webdesign Rostock\" width=\"234\" height=\"75\" \/><\/a><\/p>\n<p>viminds \u2013 Onlinemarketing GmbH<br \/>\nCarl-Hopp-Stra\u00dfe 4b<br \/>\n18069 Rostock<\/p>\n<p><a href=\"tel:+4938185796510\">Tel.: 0381 \u2013 85 79 65 10<\/a><br \/>\nFax: 0381 \u2013 85 76 38 89<br \/>\nMail: info@viminds.de<br \/>\nWeb: <a title=\"Online Marketing Rostock\" href=\"http:\/\/viminds.de\">www.viminds.de<\/a><\/p>\n","protected":false},"excerpt":{"rendered":"<p>Imprint<br \/>\nResponsibility for this website under the<\/p>\n","protected":false},"author":1,"featured_media":0,"parent":0,"menu_order":160,"comment_status":"closed","ping_status":"closed","template":"","meta":{"_acf_changed":false,"footnotes":""},"class_list":["post-546562","page","type-page","status-publish","hentry"],"acf":[],"_links":{"self":[{"href":"https:\/\/berliner-schloss.de\/fr\/wp-json\/wp\/v2\/pages\/546562","targetHints":{"allow":["GET"]}}],"collection":[{"href":"https:\/\/berliner-schloss.de\/fr\/wp-json\/wp\/v2\/pages"}],"about":[{"href":"https:\/\/berliner-schloss.de\/fr\/wp-json\/wp\/v2\/types\/page"}],"author":[{"embeddable":true,"href":"https:\/\/berliner-schloss.de\/fr\/wp-json\/wp\/v2\/users\/1"}],"replies":[{"embeddable":true,"href":"https:\/\/berliner-schloss.de\/fr\/wp-json\/wp\/v2\/comments?post=546562"}],"version-history":[{"count":5,"href":"https:\/\/berliner-schloss.de\/fr\/wp-json\/wp\/v2\/pages\/546562\/revisions"}],"predecessor-version":[{"id":550825,"href":"https:\/\/berliner-schloss.de\/fr\/wp-json\/wp\/v2\/pages\/546562\/revisions\/550825"}],"wp:attachment":[{"href":"https:\/\/berliner-schloss.de\/fr\/wp-json\/wp\/v2\/media?parent=546562"}],"curies":[{"name":"wp","href":"https:\/\/api.w.org\/{rel}","templated":true}]}}