{"id":546487,"date":"2011-06-20T20:38:27","date_gmt":"2011-06-20T20:38:27","guid":{"rendered":"http:\/\/berliner-schloss.de\/start-2\/"},"modified":"2018-05-23T09:04:29","modified_gmt":"2018-05-23T09:04:29","slug":"start-2","status":"publish","type":"page","link":"https:\/\/berliner-schloss.de\/fr\/","title":{"rendered":"Home"},"content":{"rendered":"<div class=\"wpb-content-wrapper\"><p>[vc_row el_class=&#8221;visible-xs&#8221;][vc_column width=&#8221;1\/3&#8243;][vc_single_image image=&#8221;548308&#8243; img_size=&#8221;medium&#8221; alignment=&#8221;center&#8221; el_class=&#8221;img-responsive&#8221;][vc_column_text]<\/p>\n<h1 class=\"frontpage\">La reconstruction du ch\u00e2teau de Berlin<\/h1>\n<p>[\/vc_column_text][vc_column_text]Le ch\u00e2teau rend \u00e0 Berlin une image traditionnelle qui compl\u00e8te son centre historique, ach\u00e8ve la physionomie de la ville. Sa reconstruction fait un contraste aux quartiers modernes du centre de la capitale.<br \/>\nBerlin sera une ville d\u2019autant plus captivante par son architecture. L\u2019architecture moderne doit se confronter \u00e0 l\u2019architecture historique, se d\u00e9fendre pour ne pas contrarier. L\u2019utilisation du ch\u00e2teau est orient\u00e9e vers le futur et red\u00e9finit l\u2019objectif du centre de Berlin.<\/p>\n<p style=\"text-align: center;\"><a class=\"btn btn-sm btn-primary\" title=\"aktueller Sachstand\" href=\"\/fr\/actualits\/ou-en-est-on-editorial\/\">par ici<\/a><\/p>\n<p>[\/vc_column_text][\/vc_column][vc_column width=&#8221;1\/3&#8243; el_class=&#8221;sd15xs&#8221;][vc_column_text]<\/p>\n<h3 class=\"bordered\" style=\"text-align: center;\">Objectif de dons 105 Mio.\u20ac<\/h3>\n<p style=\"text-align: center;\"><div class=\"chart_container_wrapper \" id=\"chart_container_wrapper_mobile\"><div class=\"chart_container_detail\" id=\"chart_container_detail_mobile\" ><\/div> <div class=\"target_overlay\" style=\"top: 37%;\">L'objectif <br\/> est de<br\/><span class=\"txt_large\" style=\"margin-top: 20px; margin-bottom: 5px; display: block; position: relative;\">105<\/span><br\/><span class=\"txt_small\">millions \u20ac<\/span><\/div><\/div>\n<p style=\"text-align: center;\"><a class=\"btn btn-sm btn-primary\" title=\"par ici\" href=\"\/fr\/faites-votre-don-ici\/niveau-des-dons\/\">par ici<\/a><\/p>\n<p>[\/vc_column_text][\/vc_column][vc_column width=&#8221;1\/3&#8243; el_class=&#8221;sd15xs&#8221;][vc_column_text]<\/p>\n<h3 class=\"bordered\">\u00c9v\u00e9nements<\/h3>\n<p>[\/vc_column_text][vc_column_text]<\/p>\n<ul class=\"ecs-event-list\"><li class=\"ecs-event\"><h4 class=\"entry-title summary\"><a href=\"https:\/\/berliner-schloss.de\/event\/schloss-vortrag-in-den-eva-lichtspielen-in-berlin-wilmersdorf\/\" rel=\"bookmark\">Schloss-Vortrag in den &#8220;Eva Lichtspielen&#8221; in Berlin-Wilmersdorf<\/a>\n\t\t\t\t\t\t\t\t<\/h4><span class=\"duration time\"><span class=\"tribe-event-date-start\">April 18 @ 11:00<\/span> - <span class=\"tribe-event-time\">12:30<\/span><\/span><span class=\"duration venue\"><em> in <\/em>Eva Lichtspiele<\/span><\/li><\/ul>\n<p>[\/vc_column_text][\/vc_column][\/vc_row][vc_row el_class=&#8221;bggrey&#8221;][vc_column width=&#8221;1\/2&#8243; el_class=&#8221;sd15xs&#8221;][vc_column_text]<\/p>\n<a href=\"\/webcam\" title=\"Webcam\"><div class=\"webcam_wrapper\"><div class=\"overlay\"><span class=\"titlelink\">Webcam <i class=\"fa fa-chevron-right\" style=\"\n    float: right;\n    \"><\/i><\/span><\/div><\/div><\/a>\n<p>[\/vc_column_text][\/vc_column][vc_column width=&#8221;1\/2&#8243;][vc_row_inner][vc_column_inner el_class=&#8221;sd15xs&#8221; width=&#8221;1\/2&#8243;][vc_column_text el_class=&#8221;whitebox whitebox_firstrow&#8221;]<\/p>\n<h3 class=\"bordered\">Nouvelles<\/h3>\n<div class=\"post_list\"><ul><li><a  class=\"headlinelink\" title=\"Deux nouveaux espaces d&#8217;exposition de l&#8217;association de soutien F\u00f6rderverein Berliner Schloss e.V.\"  href=\"https:\/\/berliner-schloss.de\/fr\/allgemein\/deux-nouveaux-espaces-dexposition-de-lassociation-de-soutien-forderverein-berliner-schloss-e-v\/\" rel=\"bookmark\">Deux nouveaux espaces d&#8217;exposition de l&#8217;association de soutien F\u00f6rderverein Berliner Schloss e.V.<\/a><\/li><li><a  class=\"headlinelink\" title=\"Eloge fun\u00e8bre de Bertold Just.\"  href=\"https:\/\/berliner-schloss.de\/fr\/allgemein\/eloge-funebre-de-bertold-just\/\" rel=\"bookmark\">Eloge fun\u00e8bre de Bertold Just.<\/a><\/li><li><a  class=\"headlinelink\" title=\"Lectures en allemand dans le temps de l&#8217;avent et des f\u00eates de No\u00ebl\"  href=\"https:\/\/berliner-schloss.de\/fr\/allgemein\/lectures-en-allemand-dans-le-temps-de-lavent-et-des-fetes-de-noel\/\" rel=\"bookmark\">Lectures en allemand dans le temps de l&#8217;avent et des f\u00eates de No\u00ebl<\/a><\/li><li><a  class=\"headlinelink\" title=\"PLUS QUE 3 SEMAINES : le 16 d\u00e9cembre l&#8217;exposition du ch\u00e2teau se terminera dans la Humboldt-Box!\"  href=\"https:\/\/berliner-schloss.de\/fr\/allgemein\/plus-que-3-semaines-le-16-decembre-lexposition-du-chateau-se-terminera-dans-la-humboldt-box\/\" rel=\"bookmark\">PLUS QUE 3 SEMAINES : le 16 d\u00e9cembre l&#8217;exposition du ch\u00e2teau se terminera dans la Humboldt-Box!<\/a><\/li><li><a  class=\"headlinelink\" title=\"Les monuments historiques inscrits au patrimoine mondial ne doivent pas devenir une gare routi\u00e8re.\"  href=\"https:\/\/berliner-schloss.de\/fr\/allgemein\/les-monuments-historiques-mondiaux-ne-doivent-pas-devenir-une-gare-routieres\/\" rel=\"bookmark\">Les monuments historiques inscrits au patrimoine mondial ne doivent pas devenir une gare routi\u00e8re.<\/a><\/li><\/ul><\/div><br \/>\n<a class=\"col_footerlink\" href=\"\/fr\/actualits\/derniers-postes\/\">Toutes les Nouvelles <i class=\"fa fa-chevron-right\" style=\"float: right;\"><\/i><\/a>[\/vc_column_text][\/vc_column_inner][vc_column_inner el_class=&#8221;sd15xs&#8221; width=&#8221;1\/2&#8243;][vc_column_text el_class=&#8221;whitebox whitebox_firstrow&#8221;]<\/p>\n<h3 class=\"bordered\">Revue de presse<\/h3>\n<div class=\"post_list\"><ul><li><a  class=\"headlinelink\" title=\"\u201eSchloss-Intendant setzt F\u00f6rderverein vor die T\u00fcr\u201c\"  href=\"https:\/\/berliner-schloss.de\/?p=568158\" rel=\"bookmark\">\u201eSchloss-Intendant setzt F\u00f6rderverein vor die T\u00fcr\u201c<\/a><\/li><li><a  class=\"headlinelink\" title=\"&#8220;R\u00fcckkehr mit historischer Fassade &#8211; Wiederaufbau der Schinkelschen Bauakademie erh\u00e4lt originale Ziegelfassade&#8221;\"  href=\"https:\/\/berliner-schloss.de\/?p=568067\" rel=\"bookmark\">&#8220;R\u00fcckkehr mit historischer Fassade &#8211; Wiederaufbau der Schinkelschen Bauakademie erh\u00e4lt originale Ziegelfassade&#8221;<\/a><\/li><li><a  class=\"headlinelink\" title=\"\u201eHistorische Gigantentreppe soll ins Berliner Schloss zur\u00fcckkehren\u201c\"  href=\"https:\/\/berliner-schloss.de\/?p=568054\" rel=\"bookmark\">\u201eHistorische Gigantentreppe soll ins Berliner Schloss zur\u00fcckkehren\u201c<\/a><\/li><li><a  class=\"headlinelink\" title=\"\u201eNeptunbrunnen geh\u00f6rt an seinen historischen Standort\u201c\"  href=\"https:\/\/berliner-schloss.de\/?p=567890\" rel=\"bookmark\">\u201eNeptunbrunnen geh\u00f6rt an seinen historischen Standort\u201c<\/a><\/li><\/ul><\/div><br \/>\n<a class=\"col_footerlink\" href=\"http:\/\/berliner-schloss.de\/aktuelle-infos\/pressespiegel\/\">Revue de Presse toutes les <i class=\"fa fa-chevron-right\" style=\"float: right;\"><\/i><\/a>[\/vc_column_text][\/vc_column_inner][\/vc_row_inner][\/vc_column][\/vc_row][vc_row el_class=&#8221;hidden-xs&#8221;][vc_column][vc_text_separator title=&#8221;DONS &amp; \u00c9V\u00c9NEMENTS&#8221;][\/vc_column][\/vc_row][vc_row el_class=&#8221;hidden-xs bggrey&#8221;][vc_column width=&#8221;1\/3&#8243; el_class=&#8221;sd15xs&#8221;][vc_column_text el_class=&#8221;whitebox whitebox_first whitebox_secondrow&#8221;]<\/p>\n<h1 class=\"frontpage\">La reconstruction du ch\u00e2teau de Berlin<\/h1>\n<p>Le ch\u00e2teau rend \u00e0 Berlin une image traditionnelle qui compl\u00e8te son centre historique, ach\u00e8ve la physionomie de la ville. Sa reconstruction fait un contraste aux quartiers modernes du centre de la capitale.<br \/>\nBerlin sera une ville d\u2019autant plus captivante par son architecture. L\u2019architecture moderne doit se confronter \u00e0 l\u2019architecture historique, se d\u00e9fendre pour ne pas contrarier. L\u2019utilisation du ch\u00e2teau est orient\u00e9e vers le futur et red\u00e9finit l\u2019objectif du centre de Berlin.<\/p>\n<p><a class=\"btn btn-sm btn-primary\" title=\"aktueller Sachstand\" href=\"\/fr\/actualits\/ou-en-est-on-editorial\/\">par ici<\/a>[\/vc_column_text][\/vc_column][vc_column width=&#8221;1\/3&#8243; el_class=&#8221;sd15xs&#8221;][vc_column_text el_class=&#8221;whitebox whitebox_secondrow&#8221;]<\/p>\n<h3 class=\"bordered\" style=\"text-align: center;\">Objectif de dons 105 Mio.\u20ac<\/h3>\n<p style=\"text-align: center;\"><div class=\"chart_container_wrapper \" id=\"chart_container_wrapper\"><div class=\"chart_container_detail\" id=\"chart_container_detail\" ><\/div> <div class=\"target_overlay\" style=\"top: 37%;\">L'objectif <br\/> est de<br\/><span class=\"txt_large\" style=\"margin-top: 20px; margin-bottom: 5px; display: block; position: relative;\">105<\/span><br\/><span class=\"txt_small\">millions \u20ac<\/span><\/div><\/div>\n<p style=\"text-align: center;\"><a class=\"btn btn-sm btn-primary\" title=\"par ici\" href=\"\/fr\/faites-votre-don-ici\/niveau-des-dons\/\">par ici<\/a><\/p>\n<p>[\/vc_column_text][\/vc_column][vc_column width=&#8221;1\/3&#8243; el_class=&#8221;sd15xs&#8221;][vc_column_text el_class=&#8221;whitebox whitebox_secondrow&#8221;]<\/p>\n<h3 class=\"bordered\">\u00c9v\u00e9nements<\/h3>\n<p><ul class=\"ecs-event-list\"><li class=\"ecs-event\"><h4 class=\"entry-title summary\"><a href=\"https:\/\/berliner-schloss.de\/event\/schloss-vortrag-in-den-eva-lichtspielen-in-berlin-wilmersdorf\/\" rel=\"bookmark\">Schloss-Vortrag in den &#8220;Eva Lichtspielen&#8221; in Berlin-Wilmersdorf<\/a>\n\t\t\t\t\t\t\t\t<\/h4><span class=\"duration time\"><span class=\"tribe-event-date-start\">April 18 @ 11:00<\/span> - <span class=\"tribe-event-time\">12:30<\/span><\/span><span class=\"duration venue\"><em> in <\/em>Eva Lichtspiele<\/span><\/li><\/ul>[\/vc_column_text][\/vc_column][\/vc_row][vc_row][vc_column][vc_text_separator title=&#8221;Extrablatt &amp; Newsletter&#8221;][\/vc_column][\/vc_row][vc_row][vc_column width=&#8221;1\/3&#8243;][vc_column_text]<\/p>\n<h3 class=\"bordered\">Newsletter<\/h3>\n<p>Restez inform\u00e9 avec notre <a href=\"https:\/\/berliner-schloss.de\/newsletter\/\">newsletter<\/a>[\/vc_column_text][\/vc_column][vc_column width=&#8221;1\/3&#8243;][vc_row_inner el_class=&#8221;centered-xs&#8221;][vc_column_inner width=&#8221;1\/2&#8243;][vc_column_text]<\/p>\n<h3 class=\"bordered\">Berliner Extrablatt<\/h3>\n<p>Berliner Extrablatt \u2013 Journal gratuit de 56p. sur le chateau en allemand <a href=\"\/fr\/actualits\/notre-journal-berliner-extrablatt\/\">par ici<\/a>[\/vc_column_text][\/vc_column_inner][vc_column_inner width=&#8221;1\/2&#8243;][vc_single_image image=&#8221;550860&#8243; img_size=&#8221;medium&#8221; alignment=&#8221;center&#8221; onclick=&#8221;custom_link&#8221; el_class=&#8221;img-responsive&#8221; link=&#8221;\/fr\/actualits\/notre-journal-berliner-extrablatt\/&#8221;][\/vc_column_inner][\/vc_row_inner][\/vc_column][vc_column width=&#8221;1\/3&#8243;][vc_column_text]<\/p>\n<h3 class=\"bordered\">Facebook<\/h3>\n<p><a href=\"https:\/\/www.facebook.com\/wiederaufbau.berliner.schloss\" target=\"_blank\" rel=\"noopener\">Facebook<\/a>[\/vc_column_text][\/vc_column][\/vc_row]<\/p>\n<\/div>","protected":false},"excerpt":{"rendered":"<p>[vc_row el_class=&#8221;visible-xs&#8221;][vc_column width=&#8221;1\/3&#8243;][vc_single_image image=&#8221;548308&#8243; img_size=&#8221;medium&#8221; alignment=&#8221;center&#8221; el_class=&#8221;img-responsive&#8221;][vc_column_text] La reconstruction du ch\u00e2teau de Berlin [\/vc_column_text][vc_column_text]Le ch\u00e2teau rend \u00e0 Berlin une image traditionnelle qui compl\u00e8te son centre historique, ach\u00e8ve la physionomie de [&hellip;]<\/p>\n","protected":false},"author":1,"featured_media":0,"parent":0,"menu_order":11,"comment_status":"closed","ping_status":"closed","template":"page-start.php","meta":{"_acf_changed":false,"footnotes":""},"class_list":["post-546487","page","type-page","status-publish","hentry"],"acf":[],"_links":{"self":[{"href":"https:\/\/berliner-schloss.de\/fr\/wp-json\/wp\/v2\/pages\/546487","targetHints":{"allow":["GET"]}}],"collection":[{"href":"https:\/\/berliner-schloss.de\/fr\/wp-json\/wp\/v2\/pages"}],"about":[{"href":"https:\/\/berliner-schloss.de\/fr\/wp-json\/wp\/v2\/types\/page"}],"author":[{"embeddable":true,"href":"https:\/\/berliner-schloss.de\/fr\/wp-json\/wp\/v2\/users\/1"}],"replies":[{"embeddable":true,"href":"https:\/\/berliner-schloss.de\/fr\/wp-json\/wp\/v2\/comments?post=546487"}],"version-history":[{"count":58,"href":"https:\/\/berliner-schloss.de\/fr\/wp-json\/wp\/v2\/pages\/546487\/revisions"}],"predecessor-version":[{"id":551066,"href":"https:\/\/berliner-schloss.de\/fr\/wp-json\/wp\/v2\/pages\/546487\/revisions\/551066"}],"wp:attachment":[{"href":"https:\/\/berliner-schloss.de\/fr\/wp-json\/wp\/v2\/media?parent=546487"}],"curies":[{"name":"wp","href":"https:\/\/api.w.org\/{rel}","templated":true}]}}