{"id":546869,"date":"2014-10-06T16:25:28","date_gmt":"2014-10-06T14:25:28","guid":{"rendered":"http:\/\/berliner-schloss.de\/?page_id=546869"},"modified":"2015-11-13T13:15:51","modified_gmt":"2015-11-13T13:15:51","slug":"donation-facts","status":"publish","type":"page","link":"https:\/\/berliner-schloss.de\/en\/donation-facts\/","title":{"rendered":"Donation Facts"},"content":{"rendered":"<div class=\"wpb-content-wrapper\"><p>[vc_row][vc_column][vc_column_text]<\/p>\n<h1>Donation Facts<\/h1>\n<div id=\"spendenstand_wrapper\">\n\n     <div class=\"visible-sm visible-xs text-mobile\">        \n\n            Geldbedarf fuer die weitere Rekonstruktion der Schloss-fassaden noch <strong>0 Mio. \u20ac<\/strong> <br\/><span class=\"small\"> (Stand 11\/2020)<\/span>\n\n            <br\/><br\/>\n\n            Als Spende ist diese Zuwendung steuerlich absetzbar!\n\n        \n\n    <\/div><div class=\"chart_container_wrapper  advlayer \" id=\"chart_container_wrapper\">\n\n                    <div class=\"arrowed-left hidden-sm hidden-xs\">\n\n                    <div class=\"arrow_box\">\n\n                   Money still needed for the further reconstruction of the palace fa\u00e7ades <strong> \u20ac0 million.<\/strong> <br\/><span class=\"small\"> (as at 11\/2020)<\/span>\n\n                    <br\/><br\/>\n\n                   That equates to a further <strong>0 donors<\/strong>. <br\/><br\/>Each providing us with a one-off \u20ac400 or 4 X \u20ac100 each year until 2020. As a donation, this is tax-deductible.\n\n                    <\/div>\n\n                    <\/div><div class=\"chart_container_detail\" id=\"chart_container_detail\" ><\/div>\n\n                    <div class=\"arrowed-right hidden-sm hidden-xs\">\n\n                    <div class=\"arrow_box_2\">\n\n                    <span class=\"text\">Already available are <strong> \u20ac105.00 million<\/strong><\/span>\n\n                    <\/div>\n\n                    <\/div> <div class=\"target_overlay\"><span class=\"txt_large\">\u20ac105<\/span><br\/><span class=\"txt_small\">million <\/span><br\/>is the amount<br\/> needed!<\/div><\/div>\n\n                    <div class=\"visible-xs visible-sm text-mobile\">        \n\n                    <span class=\"text\">Already available are <strong> \u20ac105.00 million<\/strong><\/span>    \n\n                    <\/div><\/div>\n<p>In 2015, the Friends of Berlin Palace (F\u00f6rderverein Berliner Schloss e.V.) agreed with the German parliament, the Bundestag, to finance to the sum of \u20ac105 million the additional cost of the historic palace fa\u00e7ades compared to a modern fa\u00e7ade.\u00a0This figure is very comparable with the highly successfully fundraising total of around \u20ac110 million for the reconstruction of the Frauenkirche in Dresden and is thus achievable.<\/p>\n<p>The donated funds are needed for the reconstruction of the palace&#8217;s three external Baroque fa\u00e7ades, the Schl\u00fcter Courtyard&#8217;s three Baroque fa\u00e7ades, the palace&#8217;s round south-eastern corner, the historic dome and portals II, III and IV around the former Great Palace Courtyard. We had previously agreed to raise \u20ac80 million. We are now confident that with your help we can raise this new figure of \u20ac105 million by the end of 2019, when the Berlin Palace &#8211; Humboldt Forum is due to open. We were emboldened in this respect by the wonderful generosity shown to date by friends of the palace, which resulted in the funds raised from 2012 to 2014 almost tripling and in 2014 alone reaching over \u20ac15 million.<\/p>\n<p>[\/vc_column_text][vc_column_text]The extra \u20ac25 million now allotted compared to the previous commitment is needed for funding the historic dome and the now added three inner portals:<\/p>\n<p>Portal III is beneath the dome in the main foyer, Portal II and Portal IV on the front of Stella&#8217;s Palace Forum, the north-south passage that he has designed in the new Berlin Palace &#8211; Humboldt Forum. Stella, from Vicenza in Italy, calls this passage his &#8220;Uffizi of Berlin&#8221;. In relation to this, please see the pictures of these additionally allotted reconstructions under &#8216;The New Berlin Palace &#8211; 2019 images&#8217; on this website.[\/vc_column_text][vc_column_text]In order to achieve this result, the Friends of Berlin Palace society is organising a wide-ranging programme of fundraising. The sum of \u20ac105 million covers all the costs of the historically accurate reconstruction of the fa\u00e7ade elements. This includes the planning and the artistic production of the decorative and fa\u00e7ade elements by the traditional methods of craftsmanship used 300 years ago, the time of the palace&#8217;s extension under Andreas Schl\u00fcter and Johann Eosander, known as von G\u00f6the.<\/p>\n<p>Our fundraising receipts, less modest society costs, are passed on regularly to the Berlin Palace &#8211; Humboldt Forum Foundation, the body commissioning the building work.\u00a0Since summer 2015, the donations meter has been providing information on the amount still needed to reach \u20ac105 million in the form of a regular countdown. Green shows the result so far, i.e. all donations already made available to the Foundation, the society&#8217;s already collected bank and cash assets still to be passed on and, of course, also the contributions in kind that we passed on in relation to the building plans and 1:1 models for the reconstruction of the palace fa\u00e7ades from the period prior to 2011.<\/p>\n<p>[\/vc_column_text][vc_column_text]<strong>The plan is to update the donations meter, as a rule, at the end of January, April, July and October to show the level at the end of each preceding quarter. It is always updated only after the accounts for the preceding reporting quarter have been closed and approved.<\/strong><\/p>\n<p><strong>There is at present no reason at all to feel self-satisfied. There is simply still too much money to be raised. While the entire funding of work on the reconstruction of the fa\u00e7ades is now already secured from donations up until the end of 2015, the rapid, ahead-of-schedule, progress being made on completing the historic fa\u00e7ades means that the need for money is growing rapidly as well.<\/strong><\/p>\n<p><strong>We are bearers of the DZI&#8217;s fundraising seal of approval.<\/strong><br \/>\n<strong>The Friends of Berlin Palace society is proud that in its cost structure it has since 2007 regularly fulfilled and even surpassed the guidelines of the German Central Institute of Social Affairs (the fundraising monitoring authority). Since that time, we have been Germany&#8217;s only cultural development society to be re-awarded the DZI seal of approval every year.<\/strong><\/p>\n<p><strong>We are convinced: together we can do this &#8211; with your generous help!\u00a0<\/strong><\/p>\n<p>[\/vc_column_text][vc_column_text]<strong>Wilhelm von Boddien<\/strong><br \/>\nChief Executive, Friends of Berlin Palace[\/vc_column_text][\/vc_column][\/vc_row]<\/p>\n<\/div>","protected":false},"excerpt":{"rendered":"<p>Donation Facts<\/p>\n<p>Important Remarks regarding the <\/p>\n","protected":false},"author":1,"featured_media":0,"parent":0,"menu_order":20,"comment_status":"closed","ping_status":"closed","template":"","meta":{"_acf_changed":false,"footnotes":""},"class_list":["post-546869","page","type-page","status-publish","hentry"],"acf":[],"_links":{"self":[{"href":"https:\/\/berliner-schloss.de\/en\/wp-json\/wp\/v2\/pages\/546869","targetHints":{"allow":["GET"]}}],"collection":[{"href":"https:\/\/berliner-schloss.de\/en\/wp-json\/wp\/v2\/pages"}],"about":[{"href":"https:\/\/berliner-schloss.de\/en\/wp-json\/wp\/v2\/types\/page"}],"author":[{"embeddable":true,"href":"https:\/\/berliner-schloss.de\/en\/wp-json\/wp\/v2\/users\/1"}],"replies":[{"embeddable":true,"href":"https:\/\/berliner-schloss.de\/en\/wp-json\/wp\/v2\/comments?post=546869"}],"version-history":[{"count":9,"href":"https:\/\/berliner-schloss.de\/en\/wp-json\/wp\/v2\/pages\/546869\/revisions"}],"predecessor-version":[{"id":551289,"href":"https:\/\/berliner-schloss.de\/en\/wp-json\/wp\/v2\/pages\/546869\/revisions\/551289"}],"wp:attachment":[{"href":"https:\/\/berliner-schloss.de\/en\/wp-json\/wp\/v2\/media?parent=546869"}],"curies":[{"name":"wp","href":"https:\/\/api.w.org\/{rel}","templated":true}]}}