{"id":546571,"date":"2014-10-02T17:11:53","date_gmt":"2014-10-02T15:11:53","guid":{"rendered":"http:\/\/berliner-schloss.de\/?page_id=546571"},"modified":"2015-06-17T14:14:40","modified_gmt":"2015-06-17T14:14:40","slug":"financing-of-the-palace-facades","status":"publish","type":"page","link":"https:\/\/berliner-schloss.de\/en\/new-palace\/financing-of-the-palace-facades\/","title":{"rendered":"Financing of the Palace Facades"},"content":{"rendered":"<h1>Financing of the Palace Facades<\/h1>\n<p><strong>The Palace Fa\u00e7ades will be Exclusively Financed by Donations.<\/strong><\/p>\n<p>The excess cost of the Palace compared with that of a structure of the same size configured in today\u2019s architectural style is around 105\u00a0million Euros. This estimate for the construction of the historic baroque fa\u00e7ades, including those of the Schl\u00fcter Courtyard, is based on a cost estimate that has been confirmed through further calculations by a working group employed by the state conservator of Bavaria working together with a planning bureau.<\/p>\n<p align=\"center\">\n<p><a href=\"http:\/\/berliner-schloss.de\/en\/wp-content\/uploads\/sites\/2\/2015\/01\/20030105230314.jpg\"><img loading=\"lazy\" decoding=\"async\" class=\"aligncenter wp-image-549181 size-full\" src=\"http:\/\/berliner-schloss.de\/en\/wp-content\/uploads\/sites\/2\/2015\/01\/20030105230314.jpg\" alt=\"20030105230314\" width=\"400\" height=\"611\" srcset=\"https:\/\/berliner-schloss.de\/en\/wp-content\/uploads\/sites\/2\/2015\/01\/20030105230314.jpg 400w, https:\/\/berliner-schloss.de\/en\/wp-content\/uploads\/sites\/2\/2015\/01\/20030105230314-196x300.jpg 196w, https:\/\/berliner-schloss.de\/en\/wp-content\/uploads\/sites\/2\/2015\/01\/20030105230314-65x100.jpg 65w\" sizes=\"auto, (max-width: 400px) 100vw, 400px\" \/><\/a><\/p>\n<p align=\"left\"><strong>Why are the historic Palace Facades more expensive?<\/strong><strong>\u00a0<\/strong><\/p>\n<p>The excess cost arises because the handwork necessary for the fa\u00e7ades is more time consuming, and thus more expensive, than industrially produced modern fa\u00e7ade elements. The beauty of the Palace fa\u00e7ades was derived from their lively quality; they had the effect of a huge sculpture. The artistic and handmade carrying out of the plans by Schl\u00fcter and Eosander upon which hundreds of stone masons and sculptors worked between 1699 and 1716 caused each detail to become an individual sculpture in itself done in the manner of the particular artist who worked upon it. Famous sculptors like Permoser, the master of the Dresden Zwinger, created the sculptures. So for example, the allegory of the four seasons in the form of herms under the balconies of Portal IV and V on the fa\u00e7ade facing the Pleasure Garden are ascribed to him. Marvel at the strength of expression of the statues of autumn and winter which were saved and now decorate the Palace Portal built in to the State Council building. The ones of spring and summer were rescued after the demolition of the Palace but were damaged. They can be restored and now await their remounting in the new Palace.<\/p>\n<p align=\"center\"><a href=\"http:\/\/berliner-schloss.de\/en\/wp-content\/uploads\/sites\/2\/2015\/01\/20030105230157.jpg\"><img loading=\"lazy\" decoding=\"async\" class=\" size-full wp-image-549179 aligncenter\" src=\"http:\/\/berliner-schloss.de\/en\/wp-content\/uploads\/sites\/2\/2015\/01\/20030105230157.jpg\" alt=\"20030105230157\" width=\"400\" height=\"264\" srcset=\"https:\/\/berliner-schloss.de\/en\/wp-content\/uploads\/sites\/2\/2015\/01\/20030105230157.jpg 400w, https:\/\/berliner-schloss.de\/en\/wp-content\/uploads\/sites\/2\/2015\/01\/20030105230157-300x198.jpg 300w, https:\/\/berliner-schloss.de\/en\/wp-content\/uploads\/sites\/2\/2015\/01\/20030105230157-150x100.jpg 150w, https:\/\/berliner-schloss.de\/en\/wp-content\/uploads\/sites\/2\/2015\/01\/20030105230157-200x133.jpg 200w, https:\/\/berliner-schloss.de\/en\/wp-content\/uploads\/sites\/2\/2015\/01\/20030105230157-250x166.jpg 250w\" sizes=\"auto, (max-width: 400px) 100vw, 400px\" \/><\/a><\/p>\n<h2 align=\"center\">Many \u00a0Items have been Saved<\/h2>\n<p align=\"left\">Approximately seventy percent of the figurative sculptures from the Palace\u2019s exterior still exist. Nevertheless, the stones of the cornices, windows, columns, and capitals were largely lost and only fragments are to be found in the storerooms of the museums and government offices. Copying them is relatively simple. To be sure, the original blue prints have been missing since the departure of Schl\u00fcter and Eosander in 1713. But the Palace is nonetheless outstandingly documented with thousands of detailed and overall views and with hundreds of plans from prior restorations. The preserved original remains of the Palace add additional information about the way artists and hand workers worked the sandstone.<\/p>\n<p align=\"center\"><a href=\"http:\/\/berliner-schloss.de\/en\/wp-content\/uploads\/sites\/2\/2015\/01\/20030105230347.jpg\"><img loading=\"lazy\" decoding=\"async\" class=\" size-full wp-image-549182 aligncenter\" src=\"http:\/\/berliner-schloss.de\/en\/wp-content\/uploads\/sites\/2\/2015\/01\/20030105230347.jpg\" alt=\"20030105230347\" width=\"400\" height=\"255\" srcset=\"https:\/\/berliner-schloss.de\/en\/wp-content\/uploads\/sites\/2\/2015\/01\/20030105230347.jpg 400w, https:\/\/berliner-schloss.de\/en\/wp-content\/uploads\/sites\/2\/2015\/01\/20030105230347-300x191.jpg 300w, https:\/\/berliner-schloss.de\/en\/wp-content\/uploads\/sites\/2\/2015\/01\/20030105230347-150x96.jpg 150w\" sizes=\"auto, (max-width: 400px) 100vw, 400px\" \/><\/a><\/p>\n<p>&nbsp;<\/p>\n<h2 align=\"center\">Archeological\u00a0 Excavations<\/h2>\n<p>Two disposal sites are to be dug up in an archeological manner to search for Palace remains since her there is a high degree of certainty that valuable fragments can be found.<\/p>\n<p>The Friedrichshain bunker complex received a layer of rubble from the demolition debris of the Palace fa\u00e7ades in late autumn of 1950 immediately prior to the delivery of 15 centimeters of topsoil. Thus, here Palace material lies just below the surface. Also, on the industrial site of the former VEB civil engineering firm in Berlin-Heinersdorf\u00a0 fragments removed from the Palace were stored until into the 1960s. These had been saved by the scientific activities of\u00a0 Prof. Strauss prior to the demolition. At that time, the government of the German Democratic Republic had attempted to silence the protests against the demolition of the Palace in this way. Walter Ulbricht promised to rebuild the Palace in another location when the economic situation improved. For this reason a large number of building elements were saved and stored in Heinersdorf. However, after the construction of the State Council Building with the incorporation of Portal IV, the Palace was finally forgotten.<\/p>\n<p>The stored spoils, together with other rubble, were dumped into a stream ravine lying in the immediate vicinity of their former storage area, in order to create a new industrial site. And thus it happened that a capital of one of the columns of a round-headed window in the Parade Floor, like, for example, those to be found on the main portico of\u00a0 the Schl\u00fcter Courtyard, was dug up again in 1992 during the strengthening of the foundation of\u00a0 a huge cement mixing plant.<\/p>\n<p align=\"center\"><a href=\"http:\/\/berliner-schloss.de\/en\/wp-content\/uploads\/sites\/2\/2015\/01\/20100115160207351.jpg\"><img loading=\"lazy\" decoding=\"async\" class=\"aligncenter wp-image-550026 size-medium\" src=\"http:\/\/berliner-schloss.de\/en\/wp-content\/uploads\/sites\/2\/2015\/01\/20100115160207351-300x169.jpg\" alt=\"20100115160207351\" width=\"300\" height=\"169\" srcset=\"https:\/\/berliner-schloss.de\/en\/wp-content\/uploads\/sites\/2\/2015\/01\/20100115160207351-300x169.jpg 300w, https:\/\/berliner-schloss.de\/en\/wp-content\/uploads\/sites\/2\/2015\/01\/20100115160207351-150x84.jpg 150w, https:\/\/berliner-schloss.de\/en\/wp-content\/uploads\/sites\/2\/2015\/01\/20100115160207351.jpg 1000w\" sizes=\"auto, (max-width: 300px) 100vw, 300px\" \/><\/a><br \/>\n<span style=\"font-size: 8pt;\">Start-Up of a circle-staircase close to the Cupiula Portail III Westfacade<\/span><\/p>\n<p align=\"center\"><a href=\"http:\/\/berliner-schloss.de\/en\/wp-content\/uploads\/sites\/2\/2015\/01\/20100115160652937.jpg\"><img loading=\"lazy\" decoding=\"async\" class=\"aligncenter wp-image-550027 size-full\" src=\"http:\/\/berliner-schloss.de\/en\/wp-content\/uploads\/sites\/2\/2015\/01\/20100115160652937.jpg\" alt=\"20100115160652937\" width=\"478\" height=\"850\" srcset=\"https:\/\/berliner-schloss.de\/en\/wp-content\/uploads\/sites\/2\/2015\/01\/20100115160652937.jpg 478w, https:\/\/berliner-schloss.de\/en\/wp-content\/uploads\/sites\/2\/2015\/01\/20100115160652937-169x300.jpg 169w, https:\/\/berliner-schloss.de\/en\/wp-content\/uploads\/sites\/2\/2015\/01\/20100115160652937-56x100.jpg 56w\" sizes=\"auto, (max-width: 478px) 100vw, 478px\" \/><\/a><br \/>\n<span style=\"font-size: 8pt;\">Floor in the Cellar under Portail III, with craters of dynmiting the Palace 1950<br \/>\n<\/span><\/p>\n<p>In 2009\u00a0there have taken place sussessful excavations also on Schlossplatz. The ancient cellars of the Palace show now the whole drama of the demolition of the buil\u00f6ding. Many of them may be saved by integration into the new building.<\/p>\n<p><strong style=\"color: #7c1c20; font-size: 12pt;\">Restoration to 18<sup>th<\/sup> Century Appearance<\/strong><strong style=\"color: #7c1c20; font-size: 12pt;\">\u00a0<\/strong><\/p>\n<p align=\"left\">Naturally, one could fabricate repetitive details of the fa\u00e7ades using poured cement. However, then every piece would be completely identical to others of the same kind. It is exactly the small inaccuracies and differences in the work of the various artists and handworkers, however, that bring about the liveliness of the fa\u00e7ades and create the beauty of the Palace. For this reason the Palace exterior must be reproduced with the same methods and skills as those used 300 years ago.<\/p>\n<p align=\"center\"><a href=\"http:\/\/berliner-schloss.de\/en\/wp-content\/uploads\/sites\/2\/2015\/01\/20030106203959.jpg\"><img loading=\"lazy\" decoding=\"async\" class=\"alignnone size-full wp-image-549188\" src=\"http:\/\/berliner-schloss.de\/en\/wp-content\/uploads\/sites\/2\/2015\/01\/20030106203959.jpg\" alt=\"20030106203959\" width=\"400\" height=\"255\" srcset=\"https:\/\/berliner-schloss.de\/en\/wp-content\/uploads\/sites\/2\/2015\/01\/20030106203959.jpg 400w, https:\/\/berliner-schloss.de\/en\/wp-content\/uploads\/sites\/2\/2015\/01\/20030106203959-300x191.jpg 300w, https:\/\/berliner-schloss.de\/en\/wp-content\/uploads\/sites\/2\/2015\/01\/20030106203959-150x96.jpg 150w\" sizes=\"auto, (max-width: 400px) 100vw, 400px\" \/><\/a><br \/>\n<span style=\"font-size: 8pt;\">Fragment of a Corinthian capital (see also NEWS) and its copy made with the help of photo documentation. Such capitals were to be found in the Parade Floor crowning the inset columns of the round-headed windows on almost all of the portals.<\/span><\/p>\n<p><strong><span style=\"color: #7c1c20; font-size: 12pt;\">\u00a0T<\/span><span style=\"color: #7c1c20; font-size: 12pt;\">he Construction Shack and the Information Center<\/span><\/strong><\/p>\n<p>There will\u00a0 be a construction shack in Berlin for the reconstruction of fa\u00e7ade elements, following the example of the Dresden Frauenkirche It will be located\u00a0 in Berlin-Spndau. The construction shack will be open to the public. They will be able to observe the artists and handworkers at work.<br \/>\nThe finished stones, which can be\u00a0donated will be in combination with the name of the donator for ever.<\/p>\n<p>The Humboldt-Box with Exhibition rooms and a museum shop, in which\u00a0 the public can buy Palace items like watches, videos, coins, T-shirts, books and much more, will\u00a0open in December 2010 on Schlossplatz in the Center of Berlin close to the coming Building. \u00a0Both the construction shack and later the construction site itself will become a magnet for the public just as the construction site of the Potsdamer Platz with its \u201cRed Box\u201d did a few years ago. Where else can one see how a palace is rebuilt in the old handmade manner?<\/p>\n<p><span style=\"color: #7c1c20; font-size: 12pt;\"><strong>National Effort <\/strong><\/span><\/p>\n<p>You will note that all this costs a great deal of money.<span style=\"font-size: 10pt;\">We want to collect these funds through a great national effort using tax-favored donations. The readiness of many citizens to help us is great.\u00a0 But this help does not depend on giving large sums. Every donation counts.<\/span><\/p>\n<p><span style=\"font-size: 10pt;\">If, for example, during the next ten years 8 million donors out of the 80 million Germans can be found and each gave only 10 Euros , we would have enough. If every donor were to give as much as 40 Euros yearly, only 200,000 citizens would be needed!<\/span><\/p>\n","protected":false},"excerpt":{"rendered":"<p>The excess cost of the Palace compared with that of a structure of the same size configured in today\u2019s architectural style is around 105 million Euros.<\/p>\n","protected":false},"author":1,"featured_media":550458,"parent":551122,"menu_order":6,"comment_status":"open","ping_status":"open","template":"","meta":{"_acf_changed":false,"footnotes":""},"class_list":["post-546571","page","type-page","status-publish","has-post-thumbnail","hentry"],"acf":[],"_links":{"self":[{"href":"https:\/\/berliner-schloss.de\/en\/wp-json\/wp\/v2\/pages\/546571","targetHints":{"allow":["GET"]}}],"collection":[{"href":"https:\/\/berliner-schloss.de\/en\/wp-json\/wp\/v2\/pages"}],"about":[{"href":"https:\/\/berliner-schloss.de\/en\/wp-json\/wp\/v2\/types\/page"}],"author":[{"embeddable":true,"href":"https:\/\/berliner-schloss.de\/en\/wp-json\/wp\/v2\/users\/1"}],"replies":[{"embeddable":true,"href":"https:\/\/berliner-schloss.de\/en\/wp-json\/wp\/v2\/comments?post=546571"}],"version-history":[{"count":4,"href":"https:\/\/berliner-schloss.de\/en\/wp-json\/wp\/v2\/pages\/546571\/revisions"}],"predecessor-version":[{"id":551196,"href":"https:\/\/berliner-schloss.de\/en\/wp-json\/wp\/v2\/pages\/546571\/revisions\/551196"}],"up":[{"embeddable":true,"href":"https:\/\/berliner-schloss.de\/en\/wp-json\/wp\/v2\/pages\/551122"}],"wp:featuredmedia":[{"embeddable":true,"href":"https:\/\/berliner-schloss.de\/en\/wp-json\/wp\/v2\/media\/550458"}],"wp:attachment":[{"href":"https:\/\/berliner-schloss.de\/en\/wp-json\/wp\/v2\/media?parent=546571"}],"curies":[{"name":"wp","href":"https:\/\/api.w.org\/{rel}","templated":true}]}}